{"id":88939,"date":"2026-05-04T09:23:51","date_gmt":"2026-05-04T09:23:51","guid":{"rendered":"https:\/\/www.ccdrc.pt\/?post_type=product&#038;p=88939"},"modified":"2026-05-04T09:28:51","modified_gmt":"2026-05-04T09:28:51","slug":"e-commerce-comparacao-de-precos-de-venda-de-frutos-frescos-e-produtos-horticolas-produzidos-em-agricultura-biologica-versus-convencional","status":"publish","type":"product","link":"https:\/\/www.ccdrc.pt\/pt\/produto\/e-commerce-comparacao-de-precos-de-venda-de-frutos-frescos-e-produtos-horticolas-produzidos-em-agricultura-biologica-versus-convencional\/","title":{"rendered":"E-commerce: Compara\u00e7\u00e3o de pre\u00e7os de venda de frutos frescos e produtos hort\u00edcolas produzidos em agricultura biol\u00f3gica versus convencional"},"content":{"rendered":"<p><a href=\"https:\/\/www.ccdrc.pt\/wp-content\/uploads\/2025\/02\/cadernos_tematicos-1.pdf\">E-commerce: Compara\u00e7\u00e3o de pre\u00e7os de venda de frutos frescos e produtos hort\u00edcolas produzidos em agricultura biol\u00f3gica versus convencional<\/a><\/p>\n","protected":false},"excerpt":{"rendered":"<p>Fevereiro 2026<\/p>\n","protected":false},"featured_media":88937,"template":"","meta":{"_acf_changed":false,"_eb_attr":"","inline_featured_image":false,"iawp_total_views":4},"product_brand":[],"product_cat":[1005],"product_tag":[],"class_list":{"0":"post-88939","1":"product","2":"type-product","3":"status-publish","4":"has-post-thumbnail","6":"product_cat-cadernos-tematicos","8":"first","9":"instock","10":"downloadable","11":"taxable","12":"shipping-taxable","13":"purchasable","14":"product-type-simple","15":"berocket_lgv_grid","16":"berocket_lgv_list_grid"},"acf":[],"_links":{"self":[{"href":"https:\/\/www.ccdrc.pt\/pt\/wp-json\/wp\/v2\/product\/88939","targetHints":{"allow":["GET"]}}],"collection":[{"href":"https:\/\/www.ccdrc.pt\/pt\/wp-json\/wp\/v2\/product"}],"about":[{"href":"https:\/\/www.ccdrc.pt\/pt\/wp-json\/wp\/v2\/types\/product"}],"wp:featuredmedia":[{"embeddable":true,"href":"https:\/\/www.ccdrc.pt\/pt\/wp-json\/wp\/v2\/media\/88937"}],"wp:attachment":[{"href":"https:\/\/www.ccdrc.pt\/pt\/wp-json\/wp\/v2\/media?parent=88939"}],"wp:term":[{"taxonomy":"product_brand","embeddable":true,"href":"https:\/\/www.ccdrc.pt\/pt\/wp-json\/wp\/v2\/product_brand?post=88939"},{"taxonomy":"product_cat","embeddable":true,"href":"https:\/\/www.ccdrc.pt\/pt\/wp-json\/wp\/v2\/product_cat?post=88939"},{"taxonomy":"product_tag","embeddable":true,"href":"https:\/\/www.ccdrc.pt\/pt\/wp-json\/wp\/v2\/product_tag?post=88939"}],"curies":[{"name":"wp","href":"https:\/\/api.w.org\/{rel}","templated":true}]}}