{"id":88821,"date":"2026-04-28T10:54:19","date_gmt":"2026-04-28T10:54:19","guid":{"rendered":"https:\/\/www.ccdrc.pt\/?post_type=product&#038;p=88821"},"modified":"2026-04-28T11:03:09","modified_gmt":"2026-04-28T11:03:09","slug":"plano-de-recuperacao-e-resilencia-prr-na-regiao-centro-infografia-copia","status":"publish","type":"product","link":"https:\/\/www.ccdrc.pt\/pt\/produto\/plano-de-recuperacao-e-resilencia-prr-na-regiao-centro-infografia-copia\/","title":{"rendered":"Plano de Recupera\u00e7\u00e3o e Resil\u00eancia (PRR) na Regi\u00e3o Centro | Infografia"},"content":{"rendered":"<p><a href=\"https:\/\/www.ccdrc.pt\/wp-content\/uploads\/2026\/04\/Infografia-PRR-1T2026.pdf\" target=\"_blank\" rel=\"noopener\">Plano de Recupera\u00e7\u00e3o e Resil\u00eancia (PRR) na regi\u00e3o Centro<\/a><\/p>\n<p>&nbsp;<\/p>\n","protected":false},"excerpt":{"rendered":"<p>1\u00ba Trimestre de 2026<\/p>\n","protected":false},"featured_media":88822,"template":"","meta":{"_acf_changed":false,"_eb_attr":"","inline_featured_image":false,"iawp_total_views":3},"product_brand":[],"product_cat":[505,518],"product_tag":[],"class_list":{"0":"post-88821","1":"product","2":"type-product","3":"status-publish","4":"has-post-thumbnail","6":"product_cat-em-destaque","7":"product_cat-politicas-publicas","9":"first","10":"instock","11":"downloadable","12":"virtual","13":"taxable","14":"purchasable","15":"product-type-simple","16":"berocket_lgv_grid","17":"berocket_lgv_list_grid"},"acf":[],"_links":{"self":[{"href":"https:\/\/www.ccdrc.pt\/pt\/wp-json\/wp\/v2\/product\/88821","targetHints":{"allow":["GET"]}}],"collection":[{"href":"https:\/\/www.ccdrc.pt\/pt\/wp-json\/wp\/v2\/product"}],"about":[{"href":"https:\/\/www.ccdrc.pt\/pt\/wp-json\/wp\/v2\/types\/product"}],"wp:featuredmedia":[{"embeddable":true,"href":"https:\/\/www.ccdrc.pt\/pt\/wp-json\/wp\/v2\/media\/88822"}],"wp:attachment":[{"href":"https:\/\/www.ccdrc.pt\/pt\/wp-json\/wp\/v2\/media?parent=88821"}],"wp:term":[{"taxonomy":"product_brand","embeddable":true,"href":"https:\/\/www.ccdrc.pt\/pt\/wp-json\/wp\/v2\/product_brand?post=88821"},{"taxonomy":"product_cat","embeddable":true,"href":"https:\/\/www.ccdrc.pt\/pt\/wp-json\/wp\/v2\/product_cat?post=88821"},{"taxonomy":"product_tag","embeddable":true,"href":"https:\/\/www.ccdrc.pt\/pt\/wp-json\/wp\/v2\/product_tag?post=88821"}],"curies":[{"name":"wp","href":"https:\/\/api.w.org\/{rel}","templated":true}]}}