{"id":87244,"date":"2026-02-25T15:13:58","date_gmt":"2026-02-25T15:13:58","guid":{"rendered":"https:\/\/www.ccdrc.pt\/?post_type=product&#038;p=87244"},"modified":"2026-04-16T15:26:04","modified_gmt":"2026-04-16T15:26:04","slug":"https-www-ccdrc-pt-wp-content-uploads-2025-02-caderno_tematico-olival_final-pdf","status":"publish","type":"product","link":"https:\/\/www.ccdrc.pt\/pt\/produto\/https-www-ccdrc-pt-wp-content-uploads-2025-02-caderno_tematico-olival_final-pdf\/","title":{"rendered":"Cultura do Olival e Produ\u00e7\u00e3o de Azeite na Regi\u00e3o Centro"},"content":{"rendered":"<p><a href=\"https:\/\/www.ccdrc.pt\/wp-content\/uploads\/2025\/02\/caderno_tematico-Olival_final.pdf\">Cultura do Olival e Produ\u00e7\u00e3o de Azeite na Regi\u00e3o Centro<\/a><\/p>\n","protected":false},"excerpt":{"rendered":"<p>Fevereiro 2026<\/p>\n","protected":false},"featured_media":87228,"template":"","meta":{"_acf_changed":false,"_eb_attr":"","inline_featured_image":false,"iawp_total_views":4},"product_brand":[],"product_cat":[505,1005],"product_tag":[],"class_list":{"0":"post-87244","1":"product","2":"type-product","3":"status-publish","4":"has-post-thumbnail","6":"product_cat-em-destaque","7":"product_cat-cadernos-tematicos","9":"first","10":"instock","11":"downloadable","12":"taxable","13":"shipping-taxable","14":"purchasable","15":"product-type-simple","16":"berocket_lgv_grid","17":"berocket_lgv_list_grid"},"acf":[],"_links":{"self":[{"href":"https:\/\/www.ccdrc.pt\/pt\/wp-json\/wp\/v2\/product\/87244","targetHints":{"allow":["GET"]}}],"collection":[{"href":"https:\/\/www.ccdrc.pt\/pt\/wp-json\/wp\/v2\/product"}],"about":[{"href":"https:\/\/www.ccdrc.pt\/pt\/wp-json\/wp\/v2\/types\/product"}],"wp:featuredmedia":[{"embeddable":true,"href":"https:\/\/www.ccdrc.pt\/pt\/wp-json\/wp\/v2\/media\/87228"}],"wp:attachment":[{"href":"https:\/\/www.ccdrc.pt\/pt\/wp-json\/wp\/v2\/media?parent=87244"}],"wp:term":[{"taxonomy":"product_brand","embeddable":true,"href":"https:\/\/www.ccdrc.pt\/pt\/wp-json\/wp\/v2\/product_brand?post=87244"},{"taxonomy":"product_cat","embeddable":true,"href":"https:\/\/www.ccdrc.pt\/pt\/wp-json\/wp\/v2\/product_cat?post=87244"},{"taxonomy":"product_tag","embeddable":true,"href":"https:\/\/www.ccdrc.pt\/pt\/wp-json\/wp\/v2\/product_tag?post=87244"}],"curies":[{"name":"wp","href":"https:\/\/api.w.org\/{rel}","templated":true}]}}