{"id":86779,"date":"2026-02-10T13:32:27","date_gmt":"2026-02-10T13:32:27","guid":{"rendered":"https:\/\/www.ccdrc.pt\/?post_type=product&#038;p=86779"},"modified":"2026-04-28T11:05:25","modified_gmt":"2026-04-28T11:05:25","slug":"wp-admin-post-phpactioneditpost86779","status":"publish","type":"product","link":"https:\/\/www.ccdrc.pt\/pt\/produto\/wp-admin-post-phpactioneditpost86779\/","title":{"rendered":"Plano de Recupera\u00e7\u00e3o e Resil\u00eancia (PRR) na Regi\u00e3o Centro | Infografia"},"content":{"rendered":"<p><a href=\"https:\/\/www.ccdrc.pt\/wp-content\/uploads\/2026\/02\/Infografia-PRR-na-RC-4T2025.pdf\" target=\"_blank\" rel=\"noopener\">Plano de Recupera\u00e7\u00e3o e Resil\u00eancia (PRR) na regi\u00e3o Centro<\/a><\/p>\n<p>&nbsp;<\/p>\n","protected":false},"excerpt":{"rendered":"<p>4\u00ba Trimestre de 2025<\/p>\n","protected":false},"featured_media":86781,"template":"","meta":{"_acf_changed":false,"_eb_attr":"","inline_featured_image":false,"iawp_total_views":6},"product_brand":[],"product_cat":[518],"product_tag":[],"class_list":{"0":"post-86779","1":"product","2":"type-product","3":"status-publish","4":"has-post-thumbnail","6":"product_cat-politicas-publicas","8":"first","9":"instock","10":"downloadable","11":"virtual","12":"taxable","13":"purchasable","14":"product-type-simple","15":"berocket_lgv_grid","16":"berocket_lgv_list_grid"},"acf":[],"_links":{"self":[{"href":"https:\/\/www.ccdrc.pt\/pt\/wp-json\/wp\/v2\/product\/86779","targetHints":{"allow":["GET"]}}],"collection":[{"href":"https:\/\/www.ccdrc.pt\/pt\/wp-json\/wp\/v2\/product"}],"about":[{"href":"https:\/\/www.ccdrc.pt\/pt\/wp-json\/wp\/v2\/types\/product"}],"wp:featuredmedia":[{"embeddable":true,"href":"https:\/\/www.ccdrc.pt\/pt\/wp-json\/wp\/v2\/media\/86781"}],"wp:attachment":[{"href":"https:\/\/www.ccdrc.pt\/pt\/wp-json\/wp\/v2\/media?parent=86779"}],"wp:term":[{"taxonomy":"product_brand","embeddable":true,"href":"https:\/\/www.ccdrc.pt\/pt\/wp-json\/wp\/v2\/product_brand?post=86779"},{"taxonomy":"product_cat","embeddable":true,"href":"https:\/\/www.ccdrc.pt\/pt\/wp-json\/wp\/v2\/product_cat?post=86779"},{"taxonomy":"product_tag","embeddable":true,"href":"https:\/\/www.ccdrc.pt\/pt\/wp-json\/wp\/v2\/product_tag?post=86779"}],"curies":[{"name":"wp","href":"https:\/\/api.w.org\/{rel}","templated":true}]}}