{"id":85742,"date":"2026-01-09T14:59:38","date_gmt":"2026-01-09T14:59:38","guid":{"rendered":"https:\/\/www.ccdrc.pt\/?post_type=product&#038;p=85742"},"modified":"2026-04-28T11:06:17","modified_gmt":"2026-04-28T11:06:17","slug":"plano-de-recuperacao-e-resilencia-prr-na-regiao-centro","status":"publish","type":"product","link":"https:\/\/www.ccdrc.pt\/pt\/produto\/plano-de-recuperacao-e-resilencia-prr-na-regiao-centro\/","title":{"rendered":"Plano de Recupera\u00e7\u00e3o e Resil\u00eancia (PRR) na Regi\u00e3o Centro | Infografia"},"content":{"rendered":"<p><a href=\"https:\/\/www.ccdrc.pt\/wp-content\/uploads\/2026\/01\/Infografia-PRR-na-RC-3T2025.pdf\">Plano de Recupera\u00e7\u00e3o e Resil\u00eancia (PRR) na regi\u00e3o Centro<\/a><\/p>\n<p>&nbsp;<\/p>\n","protected":false},"excerpt":{"rendered":"<p>3\u00ba Trimestre de 2025<\/p>\n","protected":false},"featured_media":85744,"template":"","meta":{"_acf_changed":false,"_eb_attr":"","inline_featured_image":false,"iawp_total_views":0},"product_brand":[],"product_cat":[518],"product_tag":[],"class_list":{"0":"post-85742","1":"product","2":"type-product","3":"status-publish","4":"has-post-thumbnail","6":"product_cat-politicas-publicas","8":"first","9":"instock","10":"downloadable","11":"virtual","12":"taxable","13":"purchasable","14":"product-type-simple","15":"berocket_lgv_grid","16":"berocket_lgv_list_grid"},"acf":[],"_links":{"self":[{"href":"https:\/\/www.ccdrc.pt\/pt\/wp-json\/wp\/v2\/product\/85742","targetHints":{"allow":["GET"]}}],"collection":[{"href":"https:\/\/www.ccdrc.pt\/pt\/wp-json\/wp\/v2\/product"}],"about":[{"href":"https:\/\/www.ccdrc.pt\/pt\/wp-json\/wp\/v2\/types\/product"}],"wp:featuredmedia":[{"embeddable":true,"href":"https:\/\/www.ccdrc.pt\/pt\/wp-json\/wp\/v2\/media\/85744"}],"wp:attachment":[{"href":"https:\/\/www.ccdrc.pt\/pt\/wp-json\/wp\/v2\/media?parent=85742"}],"wp:term":[{"taxonomy":"product_brand","embeddable":true,"href":"https:\/\/www.ccdrc.pt\/pt\/wp-json\/wp\/v2\/product_brand?post=85742"},{"taxonomy":"product_cat","embeddable":true,"href":"https:\/\/www.ccdrc.pt\/pt\/wp-json\/wp\/v2\/product_cat?post=85742"},{"taxonomy":"product_tag","embeddable":true,"href":"https:\/\/www.ccdrc.pt\/pt\/wp-json\/wp\/v2\/product_tag?post=85742"}],"curies":[{"name":"wp","href":"https:\/\/api.w.org\/{rel}","templated":true}]}}