{"id":84976,"date":"2025-12-10T08:42:58","date_gmt":"2025-12-10T08:42:58","guid":{"rendered":"https:\/\/www.ccdrc.pt\/?post_type=product&#038;p=84976"},"modified":"2025-12-23T13:08:39","modified_gmt":"2025-12-23T13:08:39","slug":"projecoes-demograficas-2030-para-a-regiao-centro","status":"publish","type":"product","link":"https:\/\/www.ccdrc.pt\/pt\/produto\/projecoes-demograficas-2030-para-a-regiao-centro\/","title":{"rendered":"Proje\u00e7\u00f5es Demogr\u00e1ficas 2030 para a Regi\u00e3o Centro"},"content":{"rendered":"<p><a href=\"https:\/\/www.ccdrc.pt\/wp-content\/uploads\/2025\/12\/Projecoes-Demograficas-Centro-2030-1.pdf\">Proje\u00e7\u00f5es Demogr\u00e1ficas Centro 2030<\/a><\/p>\n","protected":false},"excerpt":{"rendered":"<p>2025<\/p>\n","protected":false},"featured_media":84980,"template":"","meta":{"_acf_changed":false,"_eb_attr":"","inline_featured_image":false,"iawp_total_views":2},"product_brand":[],"product_cat":[505,507],"product_tag":[],"class_list":{"0":"post-84976","1":"product","2":"type-product","3":"status-publish","4":"has-post-thumbnail","6":"product_cat-em-destaque","7":"product_cat-estudos-regionais","9":"first","10":"instock","11":"downloadable","12":"virtual","13":"taxable","14":"purchasable","15":"product-type-simple","16":"berocket_lgv_grid","17":"berocket_lgv_list_grid"},"acf":[],"_links":{"self":[{"href":"https:\/\/www.ccdrc.pt\/pt\/wp-json\/wp\/v2\/product\/84976","targetHints":{"allow":["GET"]}}],"collection":[{"href":"https:\/\/www.ccdrc.pt\/pt\/wp-json\/wp\/v2\/product"}],"about":[{"href":"https:\/\/www.ccdrc.pt\/pt\/wp-json\/wp\/v2\/types\/product"}],"wp:featuredmedia":[{"embeddable":true,"href":"https:\/\/www.ccdrc.pt\/pt\/wp-json\/wp\/v2\/media\/84980"}],"wp:attachment":[{"href":"https:\/\/www.ccdrc.pt\/pt\/wp-json\/wp\/v2\/media?parent=84976"}],"wp:term":[{"taxonomy":"product_brand","embeddable":true,"href":"https:\/\/www.ccdrc.pt\/pt\/wp-json\/wp\/v2\/product_brand?post=84976"},{"taxonomy":"product_cat","embeddable":true,"href":"https:\/\/www.ccdrc.pt\/pt\/wp-json\/wp\/v2\/product_cat?post=84976"},{"taxonomy":"product_tag","embeddable":true,"href":"https:\/\/www.ccdrc.pt\/pt\/wp-json\/wp\/v2\/product_tag?post=84976"}],"curies":[{"name":"wp","href":"https:\/\/api.w.org\/{rel}","templated":true}]}}