{"id":81079,"date":"2025-07-18T07:38:00","date_gmt":"2025-07-18T07:38:00","guid":{"rendered":"https:\/\/www.ccdrc.pt\/?post_type=product&#038;p=81079"},"modified":"2025-07-18T07:42:26","modified_gmt":"2025-07-18T07:42:26","slug":"relacoes-de-produtividade-area-folhear-e-alternancia-na-macieira-bravo-de-esmolfe","status":"publish","type":"product","link":"https:\/\/www.ccdrc.pt\/pt\/produto\/relacoes-de-produtividade-area-folhear-e-alternancia-na-macieira-bravo-de-esmolfe\/","title":{"rendered":"Rela\u00e7\u00f5es de produtividade, \u00e1rea folhear e altern\u00e2ncia na macieira Bravo de Esmolfe"},"content":{"rendered":"<p><a href=\"https:\/\/www.ccdrc.pt\/wp-content\/uploads\/2025\/07\/relacoes_produtividade.pdf\">relacoes_produtividade<\/a><\/p>\n","protected":false},"excerpt":{"rendered":"<p>2004<\/p>\n","protected":false},"featured_media":81081,"template":"","meta":{"_acf_changed":false,"_eb_attr":"","inline_featured_image":false,"iawp_total_views":0},"product_brand":[],"product_cat":[895],"product_tag":[],"class_list":{"0":"post-81079","1":"product","2":"type-product","3":"status-publish","4":"has-post-thumbnail","6":"product_cat-agricultura","8":"first","9":"instock","10":"downloadable","11":"taxable","12":"shipping-taxable","13":"purchasable","14":"product-type-simple","15":"berocket_lgv_grid","16":"berocket_lgv_list_grid"},"acf":[],"_links":{"self":[{"href":"https:\/\/www.ccdrc.pt\/pt\/wp-json\/wp\/v2\/product\/81079","targetHints":{"allow":["GET"]}}],"collection":[{"href":"https:\/\/www.ccdrc.pt\/pt\/wp-json\/wp\/v2\/product"}],"about":[{"href":"https:\/\/www.ccdrc.pt\/pt\/wp-json\/wp\/v2\/types\/product"}],"wp:featuredmedia":[{"embeddable":true,"href":"https:\/\/www.ccdrc.pt\/pt\/wp-json\/wp\/v2\/media\/81081"}],"wp:attachment":[{"href":"https:\/\/www.ccdrc.pt\/pt\/wp-json\/wp\/v2\/media?parent=81079"}],"wp:term":[{"taxonomy":"product_brand","embeddable":true,"href":"https:\/\/www.ccdrc.pt\/pt\/wp-json\/wp\/v2\/product_brand?post=81079"},{"taxonomy":"product_cat","embeddable":true,"href":"https:\/\/www.ccdrc.pt\/pt\/wp-json\/wp\/v2\/product_cat?post=81079"},{"taxonomy":"product_tag","embeddable":true,"href":"https:\/\/www.ccdrc.pt\/pt\/wp-json\/wp\/v2\/product_tag?post=81079"}],"curies":[{"name":"wp","href":"https:\/\/api.w.org\/{rel}","templated":true}]}}