{"id":81073,"date":"2025-07-18T07:27:32","date_gmt":"2025-07-18T07:27:32","guid":{"rendered":"https:\/\/www.ccdrc.pt\/?post_type=product&#038;p=81073"},"modified":"2025-07-18T07:30:19","modified_gmt":"2025-07-18T07:30:19","slug":"perfil-da-producao-de-criadilhas-terfezia-spp-da-u-e-quinta-de-lamacais-teixoso-covilha","status":"publish","type":"product","link":"https:\/\/www.ccdrc.pt\/pt\/produto\/perfil-da-producao-de-criadilhas-terfezia-spp-da-u-e-quinta-de-lamacais-teixoso-covilha\/","title":{"rendered":"Perfil da Produ\u00e7\u00e3o de Criadilhas (Terfezia spp.) da U. E. Quinta de Lama\u00e7ais (Teixoso &#8211; Covilh\u00e3)"},"content":{"rendered":"<p><a href=\"https:\/\/www.ccdrc.pt\/wp-content\/uploads\/2025\/07\/tarenaria_lamacais.pdf\">tarenaria_lamacais<\/a><\/p>\n","protected":false},"excerpt":{"rendered":"<p>2012<\/p>\n","protected":false},"featured_media":81075,"template":"","meta":{"_acf_changed":false,"_eb_attr":"","inline_featured_image":false,"iawp_total_views":0},"product_brand":[],"product_cat":[895],"product_tag":[],"class_list":{"0":"post-81073","1":"product","2":"type-product","3":"status-publish","4":"has-post-thumbnail","6":"product_cat-agricultura","8":"first","9":"instock","10":"downloadable","11":"taxable","12":"shipping-taxable","13":"purchasable","14":"product-type-simple","15":"berocket_lgv_grid","16":"berocket_lgv_list_grid"},"acf":[],"_links":{"self":[{"href":"https:\/\/www.ccdrc.pt\/pt\/wp-json\/wp\/v2\/product\/81073","targetHints":{"allow":["GET"]}}],"collection":[{"href":"https:\/\/www.ccdrc.pt\/pt\/wp-json\/wp\/v2\/product"}],"about":[{"href":"https:\/\/www.ccdrc.pt\/pt\/wp-json\/wp\/v2\/types\/product"}],"wp:featuredmedia":[{"embeddable":true,"href":"https:\/\/www.ccdrc.pt\/pt\/wp-json\/wp\/v2\/media\/81075"}],"wp:attachment":[{"href":"https:\/\/www.ccdrc.pt\/pt\/wp-json\/wp\/v2\/media?parent=81073"}],"wp:term":[{"taxonomy":"product_brand","embeddable":true,"href":"https:\/\/www.ccdrc.pt\/pt\/wp-json\/wp\/v2\/product_brand?post=81073"},{"taxonomy":"product_cat","embeddable":true,"href":"https:\/\/www.ccdrc.pt\/pt\/wp-json\/wp\/v2\/product_cat?post=81073"},{"taxonomy":"product_tag","embeddable":true,"href":"https:\/\/www.ccdrc.pt\/pt\/wp-json\/wp\/v2\/product_tag?post=81073"}],"curies":[{"name":"wp","href":"https:\/\/api.w.org\/{rel}","templated":true}]}}