{"id":81065,"date":"2025-07-18T07:14:08","date_gmt":"2025-07-18T07:14:08","guid":{"rendered":"https:\/\/www.ccdrc.pt\/?post_type=product&#038;p=81065"},"modified":"2025-07-18T07:15:21","modified_gmt":"2025-07-18T07:15:21","slug":"inspeccao-de-materiais-viticolas-sinopse-2012","status":"publish","type":"product","link":"https:\/\/www.ccdrc.pt\/pt\/produto\/inspeccao-de-materiais-viticolas-sinopse-2012\/","title":{"rendered":"Inspec\u00e7\u00e3o de Materiais Vit\u00edcolas &#8211; Sinopse 2012"},"content":{"rendered":"<p><a href=\"https:\/\/www.ccdrc.pt\/wp-content\/uploads\/2025\/07\/inspeccao_materiais_viticolas-1.pdf\">inspeccao_materiais_viticolas<\/a><\/p>\n","protected":false},"excerpt":{"rendered":"<p>2012<\/p>\n","protected":false},"featured_media":81064,"template":"","meta":{"_acf_changed":false,"_eb_attr":"","inline_featured_image":false,"iawp_total_views":0},"product_brand":[],"product_cat":[895],"product_tag":[],"class_list":{"0":"post-81065","1":"product","2":"type-product","3":"status-publish","4":"has-post-thumbnail","6":"product_cat-agricultura","8":"first","9":"instock","10":"downloadable","11":"taxable","12":"shipping-taxable","13":"purchasable","14":"product-type-simple","15":"berocket_lgv_grid","16":"berocket_lgv_list_grid"},"acf":[],"_links":{"self":[{"href":"https:\/\/www.ccdrc.pt\/pt\/wp-json\/wp\/v2\/product\/81065","targetHints":{"allow":["GET"]}}],"collection":[{"href":"https:\/\/www.ccdrc.pt\/pt\/wp-json\/wp\/v2\/product"}],"about":[{"href":"https:\/\/www.ccdrc.pt\/pt\/wp-json\/wp\/v2\/types\/product"}],"wp:featuredmedia":[{"embeddable":true,"href":"https:\/\/www.ccdrc.pt\/pt\/wp-json\/wp\/v2\/media\/81064"}],"wp:attachment":[{"href":"https:\/\/www.ccdrc.pt\/pt\/wp-json\/wp\/v2\/media?parent=81065"}],"wp:term":[{"taxonomy":"product_brand","embeddable":true,"href":"https:\/\/www.ccdrc.pt\/pt\/wp-json\/wp\/v2\/product_brand?post=81065"},{"taxonomy":"product_cat","embeddable":true,"href":"https:\/\/www.ccdrc.pt\/pt\/wp-json\/wp\/v2\/product_cat?post=81065"},{"taxonomy":"product_tag","embeddable":true,"href":"https:\/\/www.ccdrc.pt\/pt\/wp-json\/wp\/v2\/product_tag?post=81065"}],"curies":[{"name":"wp","href":"https:\/\/api.w.org\/{rel}","templated":true}]}}