{"id":81029,"date":"2025-07-17T11:06:30","date_gmt":"2025-07-17T11:06:30","guid":{"rendered":"https:\/\/www.ccdrc.pt\/?post_type=product&#038;p=81029"},"modified":"2025-07-17T11:17:44","modified_gmt":"2025-07-17T11:17:44","slug":"relatorio-de-atividades-no-ambito-do-plano-nacional-da-prospecao-ao-afideo-toxoptera-citricidus-kirkaldy","status":"publish","type":"product","link":"https:\/\/www.ccdrc.pt\/pt\/produto\/relatorio-de-atividades-no-ambito-do-plano-nacional-da-prospecao-ao-afideo-toxoptera-citricidus-kirkaldy\/","title":{"rendered":"Relat\u00f3rio de Atividades no \u00e2mbito do Plano Nacional da Prospe\u00e7\u00e3o ao af\u00eddeo Toxoptera citricidus (Kirkaldy)"},"content":{"rendered":"<p><a href=\"https:\/\/www.ccdrc.pt\/wp-content\/uploads\/2025\/07\/relatorio_prospeccao_toxoptera_2012_2013.pdf\">relatorio_prospeccao_toxoptera_2012_2013<\/a><\/p>\n","protected":false},"excerpt":{"rendered":"<p>2012<\/p>\n","protected":false},"featured_media":81031,"template":"","meta":{"_acf_changed":false,"_eb_attr":"","inline_featured_image":false,"iawp_total_views":0},"product_brand":[],"product_cat":[895],"product_tag":[],"class_list":{"0":"post-81029","1":"product","2":"type-product","3":"status-publish","4":"has-post-thumbnail","6":"product_cat-agricultura","8":"first","9":"instock","10":"downloadable","11":"taxable","12":"shipping-taxable","13":"purchasable","14":"product-type-simple","15":"berocket_lgv_grid","16":"berocket_lgv_list_grid"},"acf":[],"_links":{"self":[{"href":"https:\/\/www.ccdrc.pt\/pt\/wp-json\/wp\/v2\/product\/81029","targetHints":{"allow":["GET"]}}],"collection":[{"href":"https:\/\/www.ccdrc.pt\/pt\/wp-json\/wp\/v2\/product"}],"about":[{"href":"https:\/\/www.ccdrc.pt\/pt\/wp-json\/wp\/v2\/types\/product"}],"wp:featuredmedia":[{"embeddable":true,"href":"https:\/\/www.ccdrc.pt\/pt\/wp-json\/wp\/v2\/media\/81031"}],"wp:attachment":[{"href":"https:\/\/www.ccdrc.pt\/pt\/wp-json\/wp\/v2\/media?parent=81029"}],"wp:term":[{"taxonomy":"product_brand","embeddable":true,"href":"https:\/\/www.ccdrc.pt\/pt\/wp-json\/wp\/v2\/product_brand?post=81029"},{"taxonomy":"product_cat","embeddable":true,"href":"https:\/\/www.ccdrc.pt\/pt\/wp-json\/wp\/v2\/product_cat?post=81029"},{"taxonomy":"product_tag","embeddable":true,"href":"https:\/\/www.ccdrc.pt\/pt\/wp-json\/wp\/v2\/product_tag?post=81029"}],"curies":[{"name":"wp","href":"https:\/\/api.w.org\/{rel}","templated":true}]}}