{"id":81026,"date":"2025-07-17T10:59:39","date_gmt":"2025-07-17T10:59:39","guid":{"rendered":"https:\/\/www.ccdrc.pt\/?post_type=product&#038;p=81026"},"modified":"2025-07-17T11:03:18","modified_gmt":"2025-07-17T11:03:18","slug":"relatorio-da-execucao-do-plano-de-acao-nacional-para-o-controlo-da-pseudomonas-syringae-pv-actinidiae-do-kiwi-psa-na-drapcentro","status":"publish","type":"product","link":"https:\/\/www.ccdrc.pt\/pt\/produto\/relatorio-da-execucao-do-plano-de-acao-nacional-para-o-controlo-da-pseudomonas-syringae-pv-actinidiae-do-kiwi-psa-na-drapcentro\/","title":{"rendered":"Relat\u00f3rio da Execu\u00e7\u00e3o do Plano de A\u00e7\u00e3o Nacional para o Controlo da Pseudomonas Syringae Pv. Actinidae do Kiwi (INGAPSA) na DRAPCentro"},"content":{"rendered":"<p><a href=\"https:\/\/www.ccdrc.pt\/wp-content\/uploads\/2025\/07\/relatorio_psa_kiwi_2013_drapcentro.pdf\">relatorio_psa_kiwi_2013_drapcentro<\/a><\/p>\n","protected":false},"excerpt":{"rendered":"<p>2013<\/p>\n","protected":false},"featured_media":81028,"template":"","meta":{"_acf_changed":false,"_eb_attr":"","inline_featured_image":false,"iawp_total_views":0},"product_brand":[],"product_cat":[895],"product_tag":[],"class_list":{"0":"post-81026","1":"product","2":"type-product","3":"status-publish","4":"has-post-thumbnail","6":"product_cat-agricultura","8":"first","9":"instock","10":"downloadable","11":"taxable","12":"shipping-taxable","13":"purchasable","14":"product-type-simple","15":"berocket_lgv_grid","16":"berocket_lgv_list_grid"},"acf":[],"_links":{"self":[{"href":"https:\/\/www.ccdrc.pt\/pt\/wp-json\/wp\/v2\/product\/81026","targetHints":{"allow":["GET"]}}],"collection":[{"href":"https:\/\/www.ccdrc.pt\/pt\/wp-json\/wp\/v2\/product"}],"about":[{"href":"https:\/\/www.ccdrc.pt\/pt\/wp-json\/wp\/v2\/types\/product"}],"wp:featuredmedia":[{"embeddable":true,"href":"https:\/\/www.ccdrc.pt\/pt\/wp-json\/wp\/v2\/media\/81028"}],"wp:attachment":[{"href":"https:\/\/www.ccdrc.pt\/pt\/wp-json\/wp\/v2\/media?parent=81026"}],"wp:term":[{"taxonomy":"product_brand","embeddable":true,"href":"https:\/\/www.ccdrc.pt\/pt\/wp-json\/wp\/v2\/product_brand?post=81026"},{"taxonomy":"product_cat","embeddable":true,"href":"https:\/\/www.ccdrc.pt\/pt\/wp-json\/wp\/v2\/product_cat?post=81026"},{"taxonomy":"product_tag","embeddable":true,"href":"https:\/\/www.ccdrc.pt\/pt\/wp-json\/wp\/v2\/product_tag?post=81026"}],"curies":[{"name":"wp","href":"https:\/\/api.w.org\/{rel}","templated":true}]}}