{"id":80999,"date":"2025-07-17T08:13:37","date_gmt":"2025-07-17T08:13:37","guid":{"rendered":"https:\/\/www.ccdrc.pt\/?post_type=product&#038;p=80999"},"modified":"2025-07-17T08:16:07","modified_gmt":"2025-07-17T08:16:07","slug":"equipamento-de-proteccao-individual-a-utilizar-na-manipulacao-e-aplicacao-de-produtos-fitofarmaceuticos","status":"publish","type":"product","link":"https:\/\/www.ccdrc.pt\/pt\/produto\/equipamento-de-proteccao-individual-a-utilizar-na-manipulacao-e-aplicacao-de-produtos-fitofarmaceuticos\/","title":{"rendered":"Equipamento de Protec\u00e7\u00e3o Individual a utilizar na manipula\u00e7\u00e3o e aplica\u00e7\u00e3o de Produtos Fitofarmac\u00eauticos"},"content":{"rendered":"<p><a href=\"https:\/\/www.ccdrc.pt\/wp-content\/uploads\/2025\/07\/equipamento_proteccao_produtos_fito.pdf\">equipamento_proteccao_produtos_fito<\/a><\/p>\n","protected":false},"excerpt":{"rendered":"<p>2006<\/p>\n","protected":false},"featured_media":81001,"template":"","meta":{"_acf_changed":false,"_eb_attr":"","inline_featured_image":false,"iawp_total_views":0},"product_brand":[],"product_cat":[895],"product_tag":[],"class_list":{"0":"post-80999","1":"product","2":"type-product","3":"status-publish","4":"has-post-thumbnail","6":"product_cat-agricultura","8":"first","9":"instock","10":"downloadable","11":"taxable","12":"shipping-taxable","13":"purchasable","14":"product-type-simple","15":"berocket_lgv_grid","16":"berocket_lgv_list_grid"},"acf":[],"_links":{"self":[{"href":"https:\/\/www.ccdrc.pt\/pt\/wp-json\/wp\/v2\/product\/80999","targetHints":{"allow":["GET"]}}],"collection":[{"href":"https:\/\/www.ccdrc.pt\/pt\/wp-json\/wp\/v2\/product"}],"about":[{"href":"https:\/\/www.ccdrc.pt\/pt\/wp-json\/wp\/v2\/types\/product"}],"wp:featuredmedia":[{"embeddable":true,"href":"https:\/\/www.ccdrc.pt\/pt\/wp-json\/wp\/v2\/media\/81001"}],"wp:attachment":[{"href":"https:\/\/www.ccdrc.pt\/pt\/wp-json\/wp\/v2\/media?parent=80999"}],"wp:term":[{"taxonomy":"product_brand","embeddable":true,"href":"https:\/\/www.ccdrc.pt\/pt\/wp-json\/wp\/v2\/product_brand?post=80999"},{"taxonomy":"product_cat","embeddable":true,"href":"https:\/\/www.ccdrc.pt\/pt\/wp-json\/wp\/v2\/product_cat?post=80999"},{"taxonomy":"product_tag","embeddable":true,"href":"https:\/\/www.ccdrc.pt\/pt\/wp-json\/wp\/v2\/product_tag?post=80999"}],"curies":[{"name":"wp","href":"https:\/\/api.w.org\/{rel}","templated":true}]}}