{"id":80602,"date":"2025-07-09T11:36:15","date_gmt":"2025-07-09T11:36:15","guid":{"rendered":"https:\/\/www.ccdrc.pt\/?post_type=product&#038;p=80602"},"modified":"2025-07-10T07:22:55","modified_gmt":"2025-07-10T07:22:55","slug":"boas-praticas-agricolas-nas-zonas-vulneraveis","status":"publish","type":"product","link":"https:\/\/www.ccdrc.pt\/pt\/produto\/boas-praticas-agricolas-nas-zonas-vulneraveis\/","title":{"rendered":"Boas pr\u00e1ticas agr\u00edcolas nas zonas vulner\u00e1veis"},"content":{"rendered":"<p><a href=\"https:\/\/www.ccdrc.pt\/wp-content\/uploads\/2025\/07\/desdobravel_boas_praticas_zonas_vulneraveis_a4.pdf\">desdobravel_boas_praticas_zonas_vulneraveis_a4<\/a><\/p>\n","protected":false},"excerpt":{"rendered":"<p>2013<\/p>\n","protected":false},"featured_media":80605,"template":"","meta":{"_acf_changed":false,"_eb_attr":"","inline_featured_image":false,"iawp_total_views":0},"product_brand":[],"product_cat":[895],"product_tag":[],"class_list":{"0":"post-80602","1":"product","2":"type-product","3":"status-publish","4":"has-post-thumbnail","6":"product_cat-agricultura","8":"first","9":"instock","10":"downloadable","11":"taxable","12":"shipping-taxable","13":"purchasable","14":"product-type-simple","15":"berocket_lgv_grid","16":"berocket_lgv_list_grid"},"acf":[],"_links":{"self":[{"href":"https:\/\/www.ccdrc.pt\/pt\/wp-json\/wp\/v2\/product\/80602","targetHints":{"allow":["GET"]}}],"collection":[{"href":"https:\/\/www.ccdrc.pt\/pt\/wp-json\/wp\/v2\/product"}],"about":[{"href":"https:\/\/www.ccdrc.pt\/pt\/wp-json\/wp\/v2\/types\/product"}],"wp:featuredmedia":[{"embeddable":true,"href":"https:\/\/www.ccdrc.pt\/pt\/wp-json\/wp\/v2\/media\/80605"}],"wp:attachment":[{"href":"https:\/\/www.ccdrc.pt\/pt\/wp-json\/wp\/v2\/media?parent=80602"}],"wp:term":[{"taxonomy":"product_brand","embeddable":true,"href":"https:\/\/www.ccdrc.pt\/pt\/wp-json\/wp\/v2\/product_brand?post=80602"},{"taxonomy":"product_cat","embeddable":true,"href":"https:\/\/www.ccdrc.pt\/pt\/wp-json\/wp\/v2\/product_cat?post=80602"},{"taxonomy":"product_tag","embeddable":true,"href":"https:\/\/www.ccdrc.pt\/pt\/wp-json\/wp\/v2\/product_tag?post=80602"}],"curies":[{"name":"wp","href":"https:\/\/api.w.org\/{rel}","templated":true}]}}