{"id":79925,"date":"2025-07-01T09:38:19","date_gmt":"2025-07-01T09:38:19","guid":{"rendered":"https:\/\/www.ccdrc.pt\/?post_type=product&#038;p=79925"},"modified":"2025-07-01T11:09:43","modified_gmt":"2025-07-01T11:09:43","slug":"dia-aberto-a-cultura-do-arroz-no-baixo-mondego-2018-textos-de-apoio-2","status":"publish","type":"product","link":"https:\/\/www.ccdrc.pt\/pt\/produto\/dia-aberto-a-cultura-do-arroz-no-baixo-mondego-2018-textos-de-apoio-2\/","title":{"rendered":"Produ\u00e7\u00e3o de Cogumelos Silvestres na Quinta da Maun\u00e7a"},"content":{"rendered":"<p><a href=\"https:\/\/www.ccdrc.pt\/wp-content\/uploads\/2025\/07\/quintamaunca.pdf\">quintamaunca<\/a><\/p>\n","protected":false},"excerpt":{"rendered":"<p>2021<\/p>\n","protected":false},"featured_media":80018,"template":"","meta":{"_acf_changed":false,"_eb_attr":"","inline_featured_image":false,"iawp_total_views":0},"product_brand":[],"product_cat":[895],"product_tag":[],"class_list":{"0":"post-79925","1":"product","2":"type-product","3":"status-publish","4":"has-post-thumbnail","6":"product_cat-agricultura","8":"first","9":"instock","10":"downloadable","11":"taxable","12":"shipping-taxable","13":"purchasable","14":"product-type-simple","15":"berocket_lgv_grid","16":"berocket_lgv_list_grid"},"acf":[],"_links":{"self":[{"href":"https:\/\/www.ccdrc.pt\/pt\/wp-json\/wp\/v2\/product\/79925","targetHints":{"allow":["GET"]}}],"collection":[{"href":"https:\/\/www.ccdrc.pt\/pt\/wp-json\/wp\/v2\/product"}],"about":[{"href":"https:\/\/www.ccdrc.pt\/pt\/wp-json\/wp\/v2\/types\/product"}],"wp:featuredmedia":[{"embeddable":true,"href":"https:\/\/www.ccdrc.pt\/pt\/wp-json\/wp\/v2\/media\/80018"}],"wp:attachment":[{"href":"https:\/\/www.ccdrc.pt\/pt\/wp-json\/wp\/v2\/media?parent=79925"}],"wp:term":[{"taxonomy":"product_brand","embeddable":true,"href":"https:\/\/www.ccdrc.pt\/pt\/wp-json\/wp\/v2\/product_brand?post=79925"},{"taxonomy":"product_cat","embeddable":true,"href":"https:\/\/www.ccdrc.pt\/pt\/wp-json\/wp\/v2\/product_cat?post=79925"},{"taxonomy":"product_tag","embeddable":true,"href":"https:\/\/www.ccdrc.pt\/pt\/wp-json\/wp\/v2\/product_tag?post=79925"}],"curies":[{"name":"wp","href":"https:\/\/api.w.org\/{rel}","templated":true}]}}