{"id":79746,"date":"2025-06-27T12:13:54","date_gmt":"2025-06-27T12:13:54","guid":{"rendered":"https:\/\/www.ccdrc.pt\/?post_type=product&#038;p=79746"},"modified":"2025-06-27T12:17:43","modified_gmt":"2025-06-27T12:17:43","slug":"regime-de-exercicio-da-atividade-pecuaria-reclassificacao-regularizacao","status":"publish","type":"product","link":"https:\/\/www.ccdrc.pt\/pt\/produto\/regime-de-exercicio-da-atividade-pecuaria-reclassificacao-regularizacao\/","title":{"rendered":"Regime de Exerc\u00edcio da Atividade Pecu\u00e1ria: Reclassifica\u00e7\u00e3o, regulariza\u00e7\u00e3o"},"content":{"rendered":"<p><a href=\"https:\/\/www.ccdrc.pt\/wp-content\/uploads\/2025\/06\/reg_exerc_activ_pecuaria_atualizado.pdf\">reg_exerc_activ_pecuaria_atualizado<\/a><\/p>\n","protected":false},"excerpt":{"rendered":"<p>2012<\/p>\n","protected":false},"featured_media":79748,"template":"","meta":{"_acf_changed":false,"_eb_attr":"","inline_featured_image":false,"iawp_total_views":0},"product_brand":[],"product_cat":[895],"product_tag":[],"class_list":{"0":"post-79746","1":"product","2":"type-product","3":"status-publish","4":"has-post-thumbnail","6":"product_cat-agricultura","8":"first","9":"instock","10":"downloadable","11":"taxable","12":"shipping-taxable","13":"purchasable","14":"product-type-simple","15":"berocket_lgv_grid","16":"berocket_lgv_list_grid"},"acf":[],"_links":{"self":[{"href":"https:\/\/www.ccdrc.pt\/pt\/wp-json\/wp\/v2\/product\/79746","targetHints":{"allow":["GET"]}}],"collection":[{"href":"https:\/\/www.ccdrc.pt\/pt\/wp-json\/wp\/v2\/product"}],"about":[{"href":"https:\/\/www.ccdrc.pt\/pt\/wp-json\/wp\/v2\/types\/product"}],"wp:featuredmedia":[{"embeddable":true,"href":"https:\/\/www.ccdrc.pt\/pt\/wp-json\/wp\/v2\/media\/79748"}],"wp:attachment":[{"href":"https:\/\/www.ccdrc.pt\/pt\/wp-json\/wp\/v2\/media?parent=79746"}],"wp:term":[{"taxonomy":"product_brand","embeddable":true,"href":"https:\/\/www.ccdrc.pt\/pt\/wp-json\/wp\/v2\/product_brand?post=79746"},{"taxonomy":"product_cat","embeddable":true,"href":"https:\/\/www.ccdrc.pt\/pt\/wp-json\/wp\/v2\/product_cat?post=79746"},{"taxonomy":"product_tag","embeddable":true,"href":"https:\/\/www.ccdrc.pt\/pt\/wp-json\/wp\/v2\/product_tag?post=79746"}],"curies":[{"name":"wp","href":"https:\/\/api.w.org\/{rel}","templated":true}]}}