{"id":79693,"date":"2025-06-27T07:52:56","date_gmt":"2025-06-27T07:52:56","guid":{"rendered":"https:\/\/www.ccdrc.pt\/?post_type=product&#038;p=79693"},"modified":"2025-06-27T10:11:09","modified_gmt":"2025-06-27T10:11:09","slug":"contributo-para-o-combate-do-carocho-negro-nos-cerejais-da-beira-interior","status":"publish","type":"product","link":"https:\/\/www.ccdrc.pt\/pt\/produto\/contributo-para-o-combate-do-carocho-negro-nos-cerejais-da-beira-interior\/","title":{"rendered":"Manuten\u00e7\u00e3o e Gest\u00e3o do solo no Olival"},"content":{"rendered":"<p><a href=\"https:\/\/www.ccdrc.pt\/wp-content\/uploads\/2025\/06\/manutencao_solo_olival_2013.pdf\">manutencao_solo_olival_2013<\/a><\/p>\n","protected":false},"excerpt":{"rendered":"<p>2013<\/p>\n","protected":false},"featured_media":79698,"template":"","meta":{"_acf_changed":false,"_eb_attr":"","inline_featured_image":false,"iawp_total_views":0},"product_brand":[],"product_cat":[895],"product_tag":[],"class_list":{"0":"post-79693","1":"product","2":"type-product","3":"status-publish","4":"has-post-thumbnail","6":"product_cat-agricultura","8":"first","9":"instock","10":"downloadable","11":"taxable","12":"shipping-taxable","13":"purchasable","14":"product-type-simple","15":"berocket_lgv_grid","16":"berocket_lgv_list_grid"},"acf":[],"_links":{"self":[{"href":"https:\/\/www.ccdrc.pt\/pt\/wp-json\/wp\/v2\/product\/79693","targetHints":{"allow":["GET"]}}],"collection":[{"href":"https:\/\/www.ccdrc.pt\/pt\/wp-json\/wp\/v2\/product"}],"about":[{"href":"https:\/\/www.ccdrc.pt\/pt\/wp-json\/wp\/v2\/types\/product"}],"wp:featuredmedia":[{"embeddable":true,"href":"https:\/\/www.ccdrc.pt\/pt\/wp-json\/wp\/v2\/media\/79698"}],"wp:attachment":[{"href":"https:\/\/www.ccdrc.pt\/pt\/wp-json\/wp\/v2\/media?parent=79693"}],"wp:term":[{"taxonomy":"product_brand","embeddable":true,"href":"https:\/\/www.ccdrc.pt\/pt\/wp-json\/wp\/v2\/product_brand?post=79693"},{"taxonomy":"product_cat","embeddable":true,"href":"https:\/\/www.ccdrc.pt\/pt\/wp-json\/wp\/v2\/product_cat?post=79693"},{"taxonomy":"product_tag","embeddable":true,"href":"https:\/\/www.ccdrc.pt\/pt\/wp-json\/wp\/v2\/product_tag?post=79693"}],"curies":[{"name":"wp","href":"https:\/\/api.w.org\/{rel}","templated":true}]}}