{"id":79568,"date":"2025-06-26T07:24:42","date_gmt":"2025-06-26T07:24:42","guid":{"rendered":"https:\/\/www.ccdrc.pt\/?post_type=product&#038;p=79568"},"modified":"2025-06-26T07:27:34","modified_gmt":"2025-06-26T07:27:34","slug":"anuario-de-experimentacao-drapcentro-2013","status":"publish","type":"product","link":"https:\/\/www.ccdrc.pt\/pt\/produto\/anuario-de-experimentacao-drapcentro-2013\/","title":{"rendered":"Anu\u00e1rio de Experimenta\u00e7\u00e3o DRAPCentro 2013"},"content":{"rendered":"<p><a href=\"https:\/\/www.ccdrc.pt\/wp-content\/uploads\/2025\/06\/anuario_experimentacao_2013_v3.pdf\">anuario_experimentacao_2013_v3<\/a><\/p>\n","protected":false},"excerpt":{"rendered":"<p>2014<\/p>\n","protected":false},"featured_media":79570,"template":"","meta":{"_acf_changed":false,"_eb_attr":"","inline_featured_image":false,"iawp_total_views":0},"product_brand":[],"product_cat":[895],"product_tag":[],"class_list":{"0":"post-79568","1":"product","2":"type-product","3":"status-publish","4":"has-post-thumbnail","6":"product_cat-agricultura","8":"first","9":"instock","10":"downloadable","11":"virtual","12":"taxable","13":"purchasable","14":"product-type-simple","15":"berocket_lgv_grid","16":"berocket_lgv_list_grid"},"acf":[],"_links":{"self":[{"href":"https:\/\/www.ccdrc.pt\/pt\/wp-json\/wp\/v2\/product\/79568","targetHints":{"allow":["GET"]}}],"collection":[{"href":"https:\/\/www.ccdrc.pt\/pt\/wp-json\/wp\/v2\/product"}],"about":[{"href":"https:\/\/www.ccdrc.pt\/pt\/wp-json\/wp\/v2\/types\/product"}],"wp:featuredmedia":[{"embeddable":true,"href":"https:\/\/www.ccdrc.pt\/pt\/wp-json\/wp\/v2\/media\/79570"}],"wp:attachment":[{"href":"https:\/\/www.ccdrc.pt\/pt\/wp-json\/wp\/v2\/media?parent=79568"}],"wp:term":[{"taxonomy":"product_brand","embeddable":true,"href":"https:\/\/www.ccdrc.pt\/pt\/wp-json\/wp\/v2\/product_brand?post=79568"},{"taxonomy":"product_cat","embeddable":true,"href":"https:\/\/www.ccdrc.pt\/pt\/wp-json\/wp\/v2\/product_cat?post=79568"},{"taxonomy":"product_tag","embeddable":true,"href":"https:\/\/www.ccdrc.pt\/pt\/wp-json\/wp\/v2\/product_tag?post=79568"}],"curies":[{"name":"wp","href":"https:\/\/api.w.org\/{rel}","templated":true}]}}