{"id":79494,"date":"2025-06-25T11:09:27","date_gmt":"2025-06-25T11:09:27","guid":{"rendered":"https:\/\/www.ccdrc.pt\/?post_type=product&#038;p=79494"},"modified":"2025-06-25T11:12:40","modified_gmt":"2025-06-25T11:12:40","slug":"1936-2011-estacao-agraria-de-viseu-75-anos-ao-servico-da-agricultura","status":"publish","type":"product","link":"https:\/\/www.ccdrc.pt\/pt\/produto\/1936-2011-estacao-agraria-de-viseu-75-anos-ao-servico-da-agricultura\/","title":{"rendered":"1936-2011, Esta\u00e7\u00e3o Agr\u00e1ria de Viseu, 75 Anos ao Servi\u00e7o da Agricultura"},"content":{"rendered":"<p><a href=\"https:\/\/www.ccdrc.pt\/wp-content\/uploads\/2025\/06\/75_anos_estacao_agraria_viseu_brochura.pdf\">75_anos_estacao_agraria_viseu_brochura<\/a><\/p>\n","protected":false},"excerpt":{"rendered":"<p>2011<\/p>\n","protected":false},"featured_media":79498,"template":"","meta":{"_acf_changed":false,"_eb_attr":"","inline_featured_image":false,"iawp_total_views":4},"product_brand":[],"product_cat":[895],"product_tag":[],"class_list":{"0":"post-79494","1":"product","2":"type-product","3":"status-publish","4":"has-post-thumbnail","6":"product_cat-agricultura","8":"first","9":"instock","10":"downloadable","11":"virtual","12":"taxable","13":"purchasable","14":"product-type-simple","15":"berocket_lgv_grid","16":"berocket_lgv_list_grid"},"acf":[],"_links":{"self":[{"href":"https:\/\/www.ccdrc.pt\/pt\/wp-json\/wp\/v2\/product\/79494","targetHints":{"allow":["GET"]}}],"collection":[{"href":"https:\/\/www.ccdrc.pt\/pt\/wp-json\/wp\/v2\/product"}],"about":[{"href":"https:\/\/www.ccdrc.pt\/pt\/wp-json\/wp\/v2\/types\/product"}],"wp:featuredmedia":[{"embeddable":true,"href":"https:\/\/www.ccdrc.pt\/pt\/wp-json\/wp\/v2\/media\/79498"}],"wp:attachment":[{"href":"https:\/\/www.ccdrc.pt\/pt\/wp-json\/wp\/v2\/media?parent=79494"}],"wp:term":[{"taxonomy":"product_brand","embeddable":true,"href":"https:\/\/www.ccdrc.pt\/pt\/wp-json\/wp\/v2\/product_brand?post=79494"},{"taxonomy":"product_cat","embeddable":true,"href":"https:\/\/www.ccdrc.pt\/pt\/wp-json\/wp\/v2\/product_cat?post=79494"},{"taxonomy":"product_tag","embeddable":true,"href":"https:\/\/www.ccdrc.pt\/pt\/wp-json\/wp\/v2\/product_tag?post=79494"}],"curies":[{"name":"wp","href":"https:\/\/api.w.org\/{rel}","templated":true}]}}