{"id":78973,"date":"2025-06-13T11:01:42","date_gmt":"2025-06-13T11:01:42","guid":{"rendered":"https:\/\/www.ccdrc.pt\/?post_type=product&#038;p=78973"},"modified":"2025-06-13T11:07:47","modified_gmt":"2025-06-13T11:07:47","slug":"inspecao-de-materiais-viticolas-2014","status":"publish","type":"product","link":"https:\/\/www.ccdrc.pt\/pt\/produto\/inspecao-de-materiais-viticolas-2014\/","title":{"rendered":"Inspe\u00e7\u00e3o de Materiais Vit\u00edcolas &#8211; 2014"},"content":{"rendered":"<p><a href=\"https:\/\/www.ccdrc.pt\/wp-content\/uploads\/2025\/06\/materiais_viticolas_drapcentro_2014.pdf\">materiais_viticolas_drapcentro_2014<\/a><\/p>\n","protected":false},"excerpt":{"rendered":"<p>2017<\/p>\n","protected":false},"featured_media":78975,"template":"","meta":{"_acf_changed":false,"_eb_attr":"","inline_featured_image":false,"iawp_total_views":0},"product_brand":[],"product_cat":[895],"product_tag":[],"class_list":{"0":"post-78973","1":"product","2":"type-product","3":"status-publish","4":"has-post-thumbnail","6":"product_cat-agricultura","8":"first","9":"instock","10":"downloadable","11":"virtual","12":"taxable","13":"purchasable","14":"product-type-simple","15":"berocket_lgv_grid","16":"berocket_lgv_list_grid"},"acf":[],"_links":{"self":[{"href":"https:\/\/www.ccdrc.pt\/pt\/wp-json\/wp\/v2\/product\/78973","targetHints":{"allow":["GET"]}}],"collection":[{"href":"https:\/\/www.ccdrc.pt\/pt\/wp-json\/wp\/v2\/product"}],"about":[{"href":"https:\/\/www.ccdrc.pt\/pt\/wp-json\/wp\/v2\/types\/product"}],"wp:featuredmedia":[{"embeddable":true,"href":"https:\/\/www.ccdrc.pt\/pt\/wp-json\/wp\/v2\/media\/78975"}],"wp:attachment":[{"href":"https:\/\/www.ccdrc.pt\/pt\/wp-json\/wp\/v2\/media?parent=78973"}],"wp:term":[{"taxonomy":"product_brand","embeddable":true,"href":"https:\/\/www.ccdrc.pt\/pt\/wp-json\/wp\/v2\/product_brand?post=78973"},{"taxonomy":"product_cat","embeddable":true,"href":"https:\/\/www.ccdrc.pt\/pt\/wp-json\/wp\/v2\/product_cat?post=78973"},{"taxonomy":"product_tag","embeddable":true,"href":"https:\/\/www.ccdrc.pt\/pt\/wp-json\/wp\/v2\/product_tag?post=78973"}],"curies":[{"name":"wp","href":"https:\/\/api.w.org\/{rel}","templated":true}]}}