{"id":78622,"date":"2025-06-05T11:29:31","date_gmt":"2025-06-05T11:29:31","guid":{"rendered":"https:\/\/www.ccdrc.pt\/?post_type=product&#038;p=78622"},"modified":"2025-06-05T12:31:51","modified_gmt":"2025-06-05T12:31:51","slug":"caracterizacao-da-campanha-de-producao-de-cogumelos-silvestres-de-primavera-do-ano-de-2011-na-beira-interior","status":"publish","type":"product","link":"https:\/\/www.ccdrc.pt\/pt\/produto\/caracterizacao-da-campanha-de-producao-de-cogumelos-silvestres-de-primavera-do-ano-de-2011-na-beira-interior\/","title":{"rendered":"Caracteriza\u00e7\u00e3o da Campanha de Produ\u00e7\u00e3o de Cogumelos Silvestres de Primavera do Ano de 2011 na Beira Interior"},"content":{"rendered":"<p><a href=\"https:\/\/www.ccdrc.pt\/wp-content\/uploads\/2025\/06\/gravito_caracterizacao_micologica_bi_l2011.pdf\">gravito_caracterizacao_micologica_bi_l2011<\/a><\/p>\n","protected":false},"excerpt":{"rendered":"<p>2012<\/p>\n","protected":false},"featured_media":78660,"template":"","meta":{"_acf_changed":false,"_eb_attr":"","inline_featured_image":false,"iawp_total_views":1},"product_brand":[],"product_cat":[895],"product_tag":[],"class_list":{"0":"post-78622","1":"product","2":"type-product","3":"status-publish","4":"has-post-thumbnail","6":"product_cat-agricultura","8":"first","9":"instock","10":"downloadable","11":"virtual","12":"taxable","13":"purchasable","14":"product-type-simple","15":"berocket_lgv_grid","16":"berocket_lgv_list_grid"},"acf":[],"_links":{"self":[{"href":"https:\/\/www.ccdrc.pt\/pt\/wp-json\/wp\/v2\/product\/78622","targetHints":{"allow":["GET"]}}],"collection":[{"href":"https:\/\/www.ccdrc.pt\/pt\/wp-json\/wp\/v2\/product"}],"about":[{"href":"https:\/\/www.ccdrc.pt\/pt\/wp-json\/wp\/v2\/types\/product"}],"wp:featuredmedia":[{"embeddable":true,"href":"https:\/\/www.ccdrc.pt\/pt\/wp-json\/wp\/v2\/media\/78660"}],"wp:attachment":[{"href":"https:\/\/www.ccdrc.pt\/pt\/wp-json\/wp\/v2\/media?parent=78622"}],"wp:term":[{"taxonomy":"product_brand","embeddable":true,"href":"https:\/\/www.ccdrc.pt\/pt\/wp-json\/wp\/v2\/product_brand?post=78622"},{"taxonomy":"product_cat","embeddable":true,"href":"https:\/\/www.ccdrc.pt\/pt\/wp-json\/wp\/v2\/product_cat?post=78622"},{"taxonomy":"product_tag","embeddable":true,"href":"https:\/\/www.ccdrc.pt\/pt\/wp-json\/wp\/v2\/product_tag?post=78622"}],"curies":[{"name":"wp","href":"https:\/\/api.w.org\/{rel}","templated":true}]}}