{"id":78436,"date":"2025-06-04T11:58:41","date_gmt":"2025-06-04T11:58:41","guid":{"rendered":"https:\/\/www.ccdrc.pt\/?post_type=product&#038;p=78436"},"modified":"2025-06-04T12:08:39","modified_gmt":"2025-06-04T12:08:39","slug":"estudo-sobre-casos-de-intoxicacao-por-ingestao-de-cogumelos-silvestres-de-primavera","status":"publish","type":"product","link":"https:\/\/www.ccdrc.pt\/pt\/produto\/estudo-sobre-casos-de-intoxicacao-por-ingestao-de-cogumelos-silvestres-de-primavera\/","title":{"rendered":"Estudo sobre casos de intoxica\u00e7\u00e3o por ingest\u00e3o de cogumelos silvestres de primavera"},"content":{"rendered":"<p><a href=\"https:\/\/www.ccdrc.pt\/wp-content\/uploads\/2025\/06\/intoxicacao_boudieri.pdf\">intoxicacao_boudieri<\/a><\/p>\n","protected":false},"excerpt":{"rendered":"<p>2013<\/p>\n","protected":false},"featured_media":78439,"template":"","meta":{"_acf_changed":false,"_eb_attr":"","inline_featured_image":false,"iawp_total_views":0},"product_brand":[],"product_cat":[895],"product_tag":[],"class_list":{"0":"post-78436","1":"product","2":"type-product","3":"status-publish","4":"has-post-thumbnail","6":"product_cat-agricultura","8":"first","9":"instock","10":"downloadable","11":"virtual","12":"taxable","13":"purchasable","14":"product-type-simple","15":"berocket_lgv_grid","16":"berocket_lgv_list_grid"},"acf":[],"_links":{"self":[{"href":"https:\/\/www.ccdrc.pt\/pt\/wp-json\/wp\/v2\/product\/78436","targetHints":{"allow":["GET"]}}],"collection":[{"href":"https:\/\/www.ccdrc.pt\/pt\/wp-json\/wp\/v2\/product"}],"about":[{"href":"https:\/\/www.ccdrc.pt\/pt\/wp-json\/wp\/v2\/types\/product"}],"wp:featuredmedia":[{"embeddable":true,"href":"https:\/\/www.ccdrc.pt\/pt\/wp-json\/wp\/v2\/media\/78439"}],"wp:attachment":[{"href":"https:\/\/www.ccdrc.pt\/pt\/wp-json\/wp\/v2\/media?parent=78436"}],"wp:term":[{"taxonomy":"product_brand","embeddable":true,"href":"https:\/\/www.ccdrc.pt\/pt\/wp-json\/wp\/v2\/product_brand?post=78436"},{"taxonomy":"product_cat","embeddable":true,"href":"https:\/\/www.ccdrc.pt\/pt\/wp-json\/wp\/v2\/product_cat?post=78436"},{"taxonomy":"product_tag","embeddable":true,"href":"https:\/\/www.ccdrc.pt\/pt\/wp-json\/wp\/v2\/product_tag?post=78436"}],"curies":[{"name":"wp","href":"https:\/\/api.w.org\/{rel}","templated":true}]}}