{"id":78296,"date":"2025-06-03T12:35:51","date_gmt":"2025-06-03T12:35:51","guid":{"rendered":"https:\/\/www.ccdrc.pt\/?post_type=product&#038;p=78296"},"modified":"2025-06-03T12:38:47","modified_gmt":"2025-06-03T12:38:47","slug":"organismos-de-quarentena-relatorio-das-acoes-de-prospecao","status":"publish","type":"product","link":"https:\/\/www.ccdrc.pt\/pt\/produto\/organismos-de-quarentena-relatorio-das-acoes-de-prospecao\/","title":{"rendered":"Organismos de Quarentena &#8211; Relat\u00f3rio das A\u00e7\u00f5es de Prospe\u00e7\u00e3o"},"content":{"rendered":"<p><a href=\"https:\/\/www.ccdrc.pt\/wp-content\/uploads\/2025\/06\/prospecoes_relatorio_2015_infinet.pdf\">prospecoes_relatorio_2015_infinet<\/a><a href=\"https:\/\/www.ccdrc.pt\/wp-content\/uploads\/2025\/06\/st-pan-fd-2015_final.pdf\">st-pan-fd-2015_final<\/a><\/p>\n","protected":false},"excerpt":{"rendered":"<p>2015<\/p>\n","protected":false},"featured_media":78298,"template":"","meta":{"_acf_changed":false,"_eb_attr":"","inline_featured_image":false,"iawp_total_views":0},"product_brand":[],"product_cat":[895],"product_tag":[],"class_list":{"0":"post-78296","1":"product","2":"type-product","3":"status-publish","4":"has-post-thumbnail","6":"product_cat-agricultura","8":"first","9":"instock","10":"downloadable","11":"virtual","12":"taxable","13":"purchasable","14":"product-type-simple","15":"berocket_lgv_grid","16":"berocket_lgv_list_grid"},"acf":[],"_links":{"self":[{"href":"https:\/\/www.ccdrc.pt\/pt\/wp-json\/wp\/v2\/product\/78296","targetHints":{"allow":["GET"]}}],"collection":[{"href":"https:\/\/www.ccdrc.pt\/pt\/wp-json\/wp\/v2\/product"}],"about":[{"href":"https:\/\/www.ccdrc.pt\/pt\/wp-json\/wp\/v2\/types\/product"}],"wp:featuredmedia":[{"embeddable":true,"href":"https:\/\/www.ccdrc.pt\/pt\/wp-json\/wp\/v2\/media\/78298"}],"wp:attachment":[{"href":"https:\/\/www.ccdrc.pt\/pt\/wp-json\/wp\/v2\/media?parent=78296"}],"wp:term":[{"taxonomy":"product_brand","embeddable":true,"href":"https:\/\/www.ccdrc.pt\/pt\/wp-json\/wp\/v2\/product_brand?post=78296"},{"taxonomy":"product_cat","embeddable":true,"href":"https:\/\/www.ccdrc.pt\/pt\/wp-json\/wp\/v2\/product_cat?post=78296"},{"taxonomy":"product_tag","embeddable":true,"href":"https:\/\/www.ccdrc.pt\/pt\/wp-json\/wp\/v2\/product_tag?post=78296"}],"curies":[{"name":"wp","href":"https:\/\/api.w.org\/{rel}","templated":true}]}}