{"id":78282,"date":"2025-06-03T12:02:03","date_gmt":"2025-06-03T12:02:03","guid":{"rendered":"https:\/\/www.ccdrc.pt\/?post_type=product&#038;p=78282"},"modified":"2025-06-03T12:05:11","modified_gmt":"2025-06-03T12:05:11","slug":"relatorio-da-execucao-do-plano-de-acao-nacional-para-o-controlo-do-fogo-bacteriano-na-drapcentro","status":"publish","type":"product","link":"https:\/\/www.ccdrc.pt\/pt\/produto\/relatorio-da-execucao-do-plano-de-acao-nacional-para-o-controlo-do-fogo-bacteriano-na-drapcentro\/","title":{"rendered":"Relat\u00f3rio da Execu\u00e7\u00e3o do Plano de A\u00e7\u00e3o Nacional para o Controlo do Fogo Bacteriano na DRAPCentro"},"content":{"rendered":"<p><a href=\"https:\/\/www.ccdrc.pt\/wp-content\/uploads\/2025\/06\/relatorio_erwinia_amylovora_2015.pdf\">relatorio_erwinia_amylovora_2015<\/a><\/p>\n","protected":false},"excerpt":{"rendered":"<p>2015<\/p>\n","protected":false},"featured_media":78284,"template":"","meta":{"_acf_changed":false,"_eb_attr":"","inline_featured_image":false,"iawp_total_views":0},"product_brand":[],"product_cat":[895],"product_tag":[],"class_list":{"0":"post-78282","1":"product","2":"type-product","3":"status-publish","4":"has-post-thumbnail","6":"product_cat-agricultura","8":"first","9":"instock","10":"downloadable","11":"virtual","12":"taxable","13":"purchasable","14":"product-type-simple","15":"berocket_lgv_grid","16":"berocket_lgv_list_grid"},"acf":[],"_links":{"self":[{"href":"https:\/\/www.ccdrc.pt\/pt\/wp-json\/wp\/v2\/product\/78282","targetHints":{"allow":["GET"]}}],"collection":[{"href":"https:\/\/www.ccdrc.pt\/pt\/wp-json\/wp\/v2\/product"}],"about":[{"href":"https:\/\/www.ccdrc.pt\/pt\/wp-json\/wp\/v2\/types\/product"}],"wp:featuredmedia":[{"embeddable":true,"href":"https:\/\/www.ccdrc.pt\/pt\/wp-json\/wp\/v2\/media\/78284"}],"wp:attachment":[{"href":"https:\/\/www.ccdrc.pt\/pt\/wp-json\/wp\/v2\/media?parent=78282"}],"wp:term":[{"taxonomy":"product_brand","embeddable":true,"href":"https:\/\/www.ccdrc.pt\/pt\/wp-json\/wp\/v2\/product_brand?post=78282"},{"taxonomy":"product_cat","embeddable":true,"href":"https:\/\/www.ccdrc.pt\/pt\/wp-json\/wp\/v2\/product_cat?post=78282"},{"taxonomy":"product_tag","embeddable":true,"href":"https:\/\/www.ccdrc.pt\/pt\/wp-json\/wp\/v2\/product_tag?post=78282"}],"curies":[{"name":"wp","href":"https:\/\/api.w.org\/{rel}","templated":true}]}}