{"id":77269,"date":"2025-05-30T10:18:21","date_gmt":"2025-05-30T10:18:21","guid":{"rendered":"https:\/\/www.ccdrc.pt\/?post_type=product&#038;p=77269"},"modified":"2025-05-30T10:23:56","modified_gmt":"2025-05-30T10:23:56","slug":"caracterizacao-fenotipica-e-molecular-de-isolados-de-phaeomoniella-chlamydospora-obtidos-na-regiao-demarcada-do-dao","status":"publish","type":"product","link":"https:\/\/www.ccdrc.pt\/pt\/produto\/caracterizacao-fenotipica-e-molecular-de-isolados-de-phaeomoniella-chlamydospora-obtidos-na-regiao-demarcada-do-dao\/","title":{"rendered":"Caracteriza\u00e7\u00e3o Fenot\u00edpica e Molecular de Isolados de Phaeomoniella Chlamydospora Obtidos na Regi\u00e3o Demarcada do D\u00e3o"},"content":{"rendered":"<p><a href=\"https:\/\/www.ccdrc.pt\/wp-content\/uploads\/2025\/05\/caracterizacao_fenotipica_phaeomoniella_chlamydospora_dao.pdf\">caracterizacao_fenotipica_phaeomoniella_chlamydospora_dao<\/a><\/p>\n","protected":false},"excerpt":{"rendered":"<p>2015<\/p>\n","protected":false},"featured_media":77271,"template":"","meta":{"_acf_changed":false,"_eb_attr":"","inline_featured_image":false,"iawp_total_views":0},"product_brand":[],"product_cat":[895],"product_tag":[],"class_list":{"0":"post-77269","1":"product","2":"type-product","3":"status-publish","4":"has-post-thumbnail","6":"product_cat-agricultura","8":"first","9":"instock","10":"downloadable","11":"virtual","12":"taxable","13":"purchasable","14":"product-type-simple","15":"berocket_lgv_grid","16":"berocket_lgv_list_grid"},"acf":[],"_links":{"self":[{"href":"https:\/\/www.ccdrc.pt\/pt\/wp-json\/wp\/v2\/product\/77269","targetHints":{"allow":["GET"]}}],"collection":[{"href":"https:\/\/www.ccdrc.pt\/pt\/wp-json\/wp\/v2\/product"}],"about":[{"href":"https:\/\/www.ccdrc.pt\/pt\/wp-json\/wp\/v2\/types\/product"}],"wp:featuredmedia":[{"embeddable":true,"href":"https:\/\/www.ccdrc.pt\/pt\/wp-json\/wp\/v2\/media\/77271"}],"wp:attachment":[{"href":"https:\/\/www.ccdrc.pt\/pt\/wp-json\/wp\/v2\/media?parent=77269"}],"wp:term":[{"taxonomy":"product_brand","embeddable":true,"href":"https:\/\/www.ccdrc.pt\/pt\/wp-json\/wp\/v2\/product_brand?post=77269"},{"taxonomy":"product_cat","embeddable":true,"href":"https:\/\/www.ccdrc.pt\/pt\/wp-json\/wp\/v2\/product_cat?post=77269"},{"taxonomy":"product_tag","embeddable":true,"href":"https:\/\/www.ccdrc.pt\/pt\/wp-json\/wp\/v2\/product_tag?post=77269"}],"curies":[{"name":"wp","href":"https:\/\/api.w.org\/{rel}","templated":true}]}}