{"id":76891,"date":"2025-05-27T09:39:54","date_gmt":"2025-05-27T09:39:54","guid":{"rendered":"https:\/\/www.ccdrc.pt\/?post_type=product&#038;p=76891"},"modified":"2025-05-27T09:47:13","modified_gmt":"2025-05-27T09:47:13","slug":"ensaio-de-aplicacao-de-bioestimulantes-indutores-de-resistencia-na-cultura-do-arroz","status":"publish","type":"product","link":"https:\/\/www.ccdrc.pt\/pt\/produto\/ensaio-de-aplicacao-de-bioestimulantes-indutores-de-resistencia-na-cultura-do-arroz\/","title":{"rendered":"Ensaio de Aplica\u00e7\u00e3o de Bioestimulantes (indutores de Resist\u00eancia) na Cultura do Arroz"},"content":{"rendered":"<p><a href=\"https:\/\/www.ccdrc.pt\/wp-content\/uploads\/2025\/05\/relatorio_ensaio_bioestimulantes_vf2_2018-1.pdf\">relatorio_ensaio_bioestimulantes_vf2_2018<\/a><\/p>\n","protected":false},"excerpt":{"rendered":"<p>2018<\/p>\n","protected":false},"featured_media":76899,"template":"","meta":{"_acf_changed":false,"_eb_attr":"","inline_featured_image":false,"iawp_total_views":0},"product_brand":[],"product_cat":[895],"product_tag":[],"class_list":{"0":"post-76891","1":"product","2":"type-product","3":"status-publish","4":"has-post-thumbnail","6":"product_cat-agricultura","8":"first","9":"instock","10":"downloadable","11":"taxable","12":"shipping-taxable","13":"purchasable","14":"product-type-simple","15":"berocket_lgv_grid","16":"berocket_lgv_list_grid"},"acf":[],"_links":{"self":[{"href":"https:\/\/www.ccdrc.pt\/pt\/wp-json\/wp\/v2\/product\/76891","targetHints":{"allow":["GET"]}}],"collection":[{"href":"https:\/\/www.ccdrc.pt\/pt\/wp-json\/wp\/v2\/product"}],"about":[{"href":"https:\/\/www.ccdrc.pt\/pt\/wp-json\/wp\/v2\/types\/product"}],"wp:featuredmedia":[{"embeddable":true,"href":"https:\/\/www.ccdrc.pt\/pt\/wp-json\/wp\/v2\/media\/76899"}],"wp:attachment":[{"href":"https:\/\/www.ccdrc.pt\/pt\/wp-json\/wp\/v2\/media?parent=76891"}],"wp:term":[{"taxonomy":"product_brand","embeddable":true,"href":"https:\/\/www.ccdrc.pt\/pt\/wp-json\/wp\/v2\/product_brand?post=76891"},{"taxonomy":"product_cat","embeddable":true,"href":"https:\/\/www.ccdrc.pt\/pt\/wp-json\/wp\/v2\/product_cat?post=76891"},{"taxonomy":"product_tag","embeddable":true,"href":"https:\/\/www.ccdrc.pt\/pt\/wp-json\/wp\/v2\/product_tag?post=76891"}],"curies":[{"name":"wp","href":"https:\/\/api.w.org\/{rel}","templated":true}]}}