{"id":76662,"date":"2025-05-23T08:53:03","date_gmt":"2025-05-23T08:53:03","guid":{"rendered":"https:\/\/www.ccdrc.pt\/?post_type=product&#038;p=76662"},"modified":"2025-05-27T08:32:47","modified_gmt":"2025-05-27T08:32:47","slug":"avaliacao-do-interesse-da-incorporacao-de-leguminosas-forrageiras-no-solo-como-adubacao-verde","status":"publish","type":"product","link":"https:\/\/www.ccdrc.pt\/pt\/produto\/avaliacao-do-interesse-da-incorporacao-de-leguminosas-forrageiras-no-solo-como-adubacao-verde\/","title":{"rendered":"Avalia\u00e7\u00e3o do interesse da incorpora\u00e7\u00e3o de leguminosas forrageiras no solo como &#8220;Aduba\u00e7\u00e3o Verde&#8221;"},"content":{"rendered":"<p><a href=\"https:\/\/www.ccdrc.pt\/wp-content\/uploads\/2025\/05\/agrotec_32_alarcao.pdf\">agrotec_32_alarcao<\/a><\/p>\n","protected":false},"excerpt":{"rendered":"<p>2019<\/p>\n","protected":false},"featured_media":76875,"template":"","meta":{"_acf_changed":false,"_eb_attr":"","inline_featured_image":false,"iawp_total_views":1},"product_brand":[],"product_cat":[895],"product_tag":[],"class_list":{"0":"post-76662","1":"product","2":"type-product","3":"status-publish","4":"has-post-thumbnail","6":"product_cat-agricultura","8":"first","9":"instock","10":"downloadable","11":"taxable","12":"shipping-taxable","13":"purchasable","14":"product-type-simple","15":"berocket_lgv_grid","16":"berocket_lgv_list_grid"},"acf":[],"_links":{"self":[{"href":"https:\/\/www.ccdrc.pt\/pt\/wp-json\/wp\/v2\/product\/76662","targetHints":{"allow":["GET"]}}],"collection":[{"href":"https:\/\/www.ccdrc.pt\/pt\/wp-json\/wp\/v2\/product"}],"about":[{"href":"https:\/\/www.ccdrc.pt\/pt\/wp-json\/wp\/v2\/types\/product"}],"wp:featuredmedia":[{"embeddable":true,"href":"https:\/\/www.ccdrc.pt\/pt\/wp-json\/wp\/v2\/media\/76875"}],"wp:attachment":[{"href":"https:\/\/www.ccdrc.pt\/pt\/wp-json\/wp\/v2\/media?parent=76662"}],"wp:term":[{"taxonomy":"product_brand","embeddable":true,"href":"https:\/\/www.ccdrc.pt\/pt\/wp-json\/wp\/v2\/product_brand?post=76662"},{"taxonomy":"product_cat","embeddable":true,"href":"https:\/\/www.ccdrc.pt\/pt\/wp-json\/wp\/v2\/product_cat?post=76662"},{"taxonomy":"product_tag","embeddable":true,"href":"https:\/\/www.ccdrc.pt\/pt\/wp-json\/wp\/v2\/product_tag?post=76662"}],"curies":[{"name":"wp","href":"https:\/\/api.w.org\/{rel}","templated":true}]}}