{"id":75164,"date":"2025-04-08T15:45:38","date_gmt":"2025-04-08T15:45:38","guid":{"rendered":"https:\/\/www.ccdrc.pt\/?post_type=product&#038;p=75164"},"modified":"2025-04-08T15:49:19","modified_gmt":"2025-04-08T15:49:19","slug":"contributo-para-a-avaliacao-do-potencial-enologico-das-castas-do-dao","status":"publish","type":"product","link":"https:\/\/www.ccdrc.pt\/pt\/produto\/contributo-para-a-avaliacao-do-potencial-enologico-das-castas-do-dao\/","title":{"rendered":"Contributo para a Avalia\u00e7\u00e3o do Potencial Enol\u00f3gico das Castas do D\u00e3o"},"content":{"rendered":"<p><a href=\"https:\/\/www.ccdrc.pt\/wp-content\/uploads\/2025\/04\/contributo_potencial_enologico_castas_dao_vf.pdf\">Contributo para a Avalia\u00e7\u00e3o do Potencial Enol\u00f3gico das Castas do D\u00e3o<\/a><\/p>\n","protected":false},"excerpt":{"rendered":"<p>2024<\/p>\n","protected":false},"featured_media":75153,"template":"","meta":{"_acf_changed":false,"_eb_attr":"","inline_featured_image":false,"iawp_total_views":0},"product_brand":[],"product_cat":[895],"product_tag":[],"class_list":{"0":"post-75164","1":"product","2":"type-product","3":"status-publish","4":"has-post-thumbnail","6":"product_cat-agricultura","8":"first","9":"instock","10":"downloadable","11":"taxable","12":"shipping-taxable","13":"purchasable","14":"product-type-simple","15":"berocket_lgv_grid","16":"berocket_lgv_list_grid"},"acf":[],"_links":{"self":[{"href":"https:\/\/www.ccdrc.pt\/pt\/wp-json\/wp\/v2\/product\/75164","targetHints":{"allow":["GET"]}}],"collection":[{"href":"https:\/\/www.ccdrc.pt\/pt\/wp-json\/wp\/v2\/product"}],"about":[{"href":"https:\/\/www.ccdrc.pt\/pt\/wp-json\/wp\/v2\/types\/product"}],"wp:featuredmedia":[{"embeddable":true,"href":"https:\/\/www.ccdrc.pt\/pt\/wp-json\/wp\/v2\/media\/75153"}],"wp:attachment":[{"href":"https:\/\/www.ccdrc.pt\/pt\/wp-json\/wp\/v2\/media?parent=75164"}],"wp:term":[{"taxonomy":"product_brand","embeddable":true,"href":"https:\/\/www.ccdrc.pt\/pt\/wp-json\/wp\/v2\/product_brand?post=75164"},{"taxonomy":"product_cat","embeddable":true,"href":"https:\/\/www.ccdrc.pt\/pt\/wp-json\/wp\/v2\/product_cat?post=75164"},{"taxonomy":"product_tag","embeddable":true,"href":"https:\/\/www.ccdrc.pt\/pt\/wp-json\/wp\/v2\/product_tag?post=75164"}],"curies":[{"name":"wp","href":"https:\/\/api.w.org\/{rel}","templated":true}]}}