{"id":74284,"date":"2025-03-19T17:10:32","date_gmt":"2025-03-19T17:10:32","guid":{"rendered":"https:\/\/www.ccdrc.pt\/?post_type=product&#038;p=74284"},"modified":"2026-04-01T16:53:31","modified_gmt":"2026-04-01T16:53:31","slug":"premio-de-boas-praticas-de-envelhecimento-ativo-e-saudavel-na-regiao-centro-4","status":"publish","type":"product","link":"https:\/\/www.ccdrc.pt\/pt\/produto\/premio-de-boas-praticas-de-envelhecimento-ativo-e-saudavel-na-regiao-centro-4\/","title":{"rendered":"Pr\u00e9mio de Boas Pr\u00e1ticas de Envelhecimento Ativo e Saud\u00e1vel na Regi\u00e3o Centro"},"content":{"rendered":"<p><a href=\"https:\/\/www.ccdrc.pt\/wp-content\/uploads\/2025\/03\/2024_Relatorio-PBPEAS.pdf\">Pr\u00e9mio de Boas Pr\u00e1ticas de Envelhecimento Ativo e Saud\u00e1vel na Regi\u00e3o Centro<\/a><\/p>\n","protected":false},"excerpt":{"rendered":"<p>Edi\u00e7\u00e3o 2024<\/p>\n","protected":false},"featured_media":74285,"template":"","meta":{"_acf_changed":false,"_eb_attr":"","inline_featured_image":false,"iawp_total_views":0},"product_brand":[],"product_cat":[507],"product_tag":[],"class_list":{"0":"post-74284","1":"product","2":"type-product","3":"status-publish","4":"has-post-thumbnail","6":"product_cat-estudos-regionais","8":"first","9":"instock","10":"downloadable","11":"taxable","12":"shipping-taxable","13":"purchasable","14":"product-type-simple","15":"berocket_lgv_grid","16":"berocket_lgv_list_grid"},"acf":[],"_links":{"self":[{"href":"https:\/\/www.ccdrc.pt\/pt\/wp-json\/wp\/v2\/product\/74284","targetHints":{"allow":["GET"]}}],"collection":[{"href":"https:\/\/www.ccdrc.pt\/pt\/wp-json\/wp\/v2\/product"}],"about":[{"href":"https:\/\/www.ccdrc.pt\/pt\/wp-json\/wp\/v2\/types\/product"}],"wp:featuredmedia":[{"embeddable":true,"href":"https:\/\/www.ccdrc.pt\/pt\/wp-json\/wp\/v2\/media\/74285"}],"wp:attachment":[{"href":"https:\/\/www.ccdrc.pt\/pt\/wp-json\/wp\/v2\/media?parent=74284"}],"wp:term":[{"taxonomy":"product_brand","embeddable":true,"href":"https:\/\/www.ccdrc.pt\/pt\/wp-json\/wp\/v2\/product_brand?post=74284"},{"taxonomy":"product_cat","embeddable":true,"href":"https:\/\/www.ccdrc.pt\/pt\/wp-json\/wp\/v2\/product_cat?post=74284"},{"taxonomy":"product_tag","embeddable":true,"href":"https:\/\/www.ccdrc.pt\/pt\/wp-json\/wp\/v2\/product_tag?post=74284"}],"curies":[{"name":"wp","href":"https:\/\/api.w.org\/{rel}","templated":true}]}}