{"id":54896,"date":"2024-02-19T09:52:35","date_gmt":"2024-02-19T09:52:35","guid":{"rendered":"https:\/\/www.ccdrc.pt\/?post_type=product&#038;p=54896"},"modified":"2025-03-19T17:14:26","modified_gmt":"2025-03-19T17:14:26","slug":"premio-de-boas-praticas-de-envelhecimento-ativo-e-saudavel-na-regiao-centro-3","status":"publish","type":"product","link":"https:\/\/www.ccdrc.pt\/pt\/produto\/premio-de-boas-praticas-de-envelhecimento-ativo-e-saudavel-na-regiao-centro-3\/","title":{"rendered":"Pr\u00e9mio de Boas Pr\u00e1ticas de Envelhecimento Ativo e Saud\u00e1vel na Regi\u00e3o Centro"},"content":{"rendered":"<p><a href=\"https:\/\/www.ccdrc.pt\/wp-content\/uploads\/2024\/02\/Relatorio-Boas-Praticas_2023.pdf\">Pr\u00e9mio de Boas Pr\u00e1ticas de Envelhecimento Ativo e Saud\u00e1vel na Regi\u00e3o Centro<\/a><\/p>\n","protected":false},"excerpt":{"rendered":"<p>Edi\u00e7\u00e3o 2023<\/p>\n","protected":false},"featured_media":54895,"template":"","meta":{"_acf_changed":false,"_eb_attr":"","inline_featured_image":false,"iawp_total_views":1},"product_brand":[],"product_cat":[507],"product_tag":[],"class_list":{"0":"post-54896","1":"product","2":"type-product","3":"status-publish","4":"has-post-thumbnail","6":"product_cat-estudos-regionais","8":"first","9":"instock","10":"downloadable","11":"taxable","12":"shipping-taxable","13":"purchasable","14":"product-type-simple","15":"berocket_lgv_grid","16":"berocket_lgv_list_grid"},"acf":[],"_links":{"self":[{"href":"https:\/\/www.ccdrc.pt\/pt\/wp-json\/wp\/v2\/product\/54896","targetHints":{"allow":["GET"]}}],"collection":[{"href":"https:\/\/www.ccdrc.pt\/pt\/wp-json\/wp\/v2\/product"}],"about":[{"href":"https:\/\/www.ccdrc.pt\/pt\/wp-json\/wp\/v2\/types\/product"}],"wp:featuredmedia":[{"embeddable":true,"href":"https:\/\/www.ccdrc.pt\/pt\/wp-json\/wp\/v2\/media\/54895"}],"wp:attachment":[{"href":"https:\/\/www.ccdrc.pt\/pt\/wp-json\/wp\/v2\/media?parent=54896"}],"wp:term":[{"taxonomy":"product_brand","embeddable":true,"href":"https:\/\/www.ccdrc.pt\/pt\/wp-json\/wp\/v2\/product_brand?post=54896"},{"taxonomy":"product_cat","embeddable":true,"href":"https:\/\/www.ccdrc.pt\/pt\/wp-json\/wp\/v2\/product_cat?post=54896"},{"taxonomy":"product_tag","embeddable":true,"href":"https:\/\/www.ccdrc.pt\/pt\/wp-json\/wp\/v2\/product_tag?post=54896"}],"curies":[{"name":"wp","href":"https:\/\/api.w.org\/{rel}","templated":true}]}}