{"id":48919,"date":"2024-01-08T16:25:11","date_gmt":"2024-01-08T16:25:11","guid":{"rendered":"https:\/\/www.ccdrc.pt\/produto\/contributo-da-ccrc-para-a-elaboracao-de-uma-proposta-da-estrutura-orcamental-com-vista-a-sua-apresentacao-no-segundo-coloquio-da-associacao-de-secretarios-municipais\/"},"modified":"2024-01-17T13:05:10","modified_gmt":"2024-01-17T13:05:10","slug":"contributo-da-ccrc-para-a-elaboracao-de-uma-proposta-da-estrutura-orcamental-com-vista-a-sua-apresentacao-no-segundo-coloquio-da-associacao-de-secretarios-municipais","status":"publish","type":"product","link":"https:\/\/www.ccdrc.pt\/pt\/produto\/contributo-da-ccrc-para-a-elaboracao-de-uma-proposta-da-estrutura-orcamental-com-vista-a-sua-apresentacao-no-segundo-coloquio-da-associacao-de-secretarios-municipais\/","title":{"rendered":"Contributo da CCRC para a elabora\u00e7\u00e3o de uma proposta da estrutura or\u00e7amental, com vista \u00e0 sua apresenta\u00e7\u00e3o no segundo col\u00f3quio da associa\u00e7\u00e3o de Secret\u00e1rios Municipais"},"content":{"rendered":"<p><a href=\"https:\/\/www.ccdrc.pt\/wp-content\/uploads\/2023\/12\/arquivo173.pdf\">Contributo da CCRC para a elabora\u00e7\u00e3o de uma proposta da estrutura or\u00e7amental, com vista \u00e0 sua apresenta\u00e7\u00e3o no segundo col\u00f3quio da associa\u00e7\u00e3o de Secret\u00e1rios Municipais<\/a><\/p>\n","protected":false},"excerpt":{"rendered":"<p>Contributo da CCRC para a elabora\u00e7\u00e3o de uma proposta da [&hellip;]<\/p>\n","protected":false},"featured_media":47875,"template":"","meta":{"_acf_changed":false,"_eb_attr":"","inline_featured_image":false,"iawp_total_views":2},"product_brand":[],"product_cat":[649],"product_tag":[],"class_list":{"0":"post-48919","1":"product","2":"type-product","3":"status-publish","4":"has-post-thumbnail","6":"product_cat-arquivo","8":"first","9":"instock","10":"downloadable","11":"taxable","12":"shipping-taxable","13":"purchasable","14":"product-type-simple","15":"berocket_lgv_grid","16":"berocket_lgv_list_grid"},"acf":[],"_links":{"self":[{"href":"https:\/\/www.ccdrc.pt\/pt\/wp-json\/wp\/v2\/product\/48919","targetHints":{"allow":["GET"]}}],"collection":[{"href":"https:\/\/www.ccdrc.pt\/pt\/wp-json\/wp\/v2\/product"}],"about":[{"href":"https:\/\/www.ccdrc.pt\/pt\/wp-json\/wp\/v2\/types\/product"}],"wp:featuredmedia":[{"embeddable":true,"href":"https:\/\/www.ccdrc.pt\/pt\/wp-json\/wp\/v2\/media\/47875"}],"wp:attachment":[{"href":"https:\/\/www.ccdrc.pt\/pt\/wp-json\/wp\/v2\/media?parent=48919"}],"wp:term":[{"taxonomy":"product_brand","embeddable":true,"href":"https:\/\/www.ccdrc.pt\/pt\/wp-json\/wp\/v2\/product_brand?post=48919"},{"taxonomy":"product_cat","embeddable":true,"href":"https:\/\/www.ccdrc.pt\/pt\/wp-json\/wp\/v2\/product_cat?post=48919"},{"taxonomy":"product_tag","embeddable":true,"href":"https:\/\/www.ccdrc.pt\/pt\/wp-json\/wp\/v2\/product_tag?post=48919"}],"curies":[{"name":"wp","href":"https:\/\/api.w.org\/{rel}","templated":true}]}}