{"id":48911,"date":"2024-01-08T16:25:09","date_gmt":"2024-01-08T16:25:09","guid":{"rendered":"https:\/\/www.ccdrc.pt\/produto\/parecer-solicitado-pelo-senhor-secretario-de-estado-da-administracao-regional-e-local-sobre-a-pretendida-passagem-dos-agrupamentos-de-concelhos-de-castelo-branco-e-da-serta\/"},"modified":"2024-01-17T13:03:14","modified_gmt":"2024-01-17T13:03:14","slug":"parecer-solicitado-pelo-senhor-secretario-de-estado-da-administracao-regional-e-local-sobre-a-pretendida-passagem-dos-agrupamentos-de-concelhos-de-castelo-branco-e-da-serta","status":"publish","type":"product","link":"https:\/\/www.ccdrc.pt\/pt\/produto\/parecer-solicitado-pelo-senhor-secretario-de-estado-da-administracao-regional-e-local-sobre-a-pretendida-passagem-dos-agrupamentos-de-concelhos-de-castelo-branco-e-da-serta\/","title":{"rendered":"Parecer solicitado pelo Senhor Secret\u00e1rio de Estado da Administra\u00e7\u00e3o Regional e Local sobre a pretendida passagem dos agrupamentos de Concelhos de Castelo Branco e da Sert\u00e3"},"content":{"rendered":"<p><a href=\"https:\/\/www.ccdrc.pt\/wp-content\/uploads\/2023\/12\/arquivo165.pdf\">Parecer solicitado pelo Senhor Secret\u00e1rio de Estado da Administra\u00e7\u00e3o Regional e Local sobre a pretendida passagem dos agrupamentos de Concelhos de Castelo Branco e da Sert\u00e3<\/a><\/p>\n","protected":false},"excerpt":{"rendered":"<p>Parecer solicitado pelo Senhor Secret\u00e1rio de Estado da Administra\u00e7\u00e3o Regional [&hellip;]<\/p>\n","protected":false},"featured_media":47867,"template":"","meta":{"_acf_changed":false,"_eb_attr":"","inline_featured_image":false,"iawp_total_views":0},"product_brand":[],"product_cat":[649],"product_tag":[],"class_list":{"0":"post-48911","1":"product","2":"type-product","3":"status-publish","4":"has-post-thumbnail","6":"product_cat-arquivo","8":"first","9":"instock","10":"downloadable","11":"taxable","12":"shipping-taxable","13":"purchasable","14":"product-type-simple","15":"berocket_lgv_grid","16":"berocket_lgv_list_grid"},"acf":[],"_links":{"self":[{"href":"https:\/\/www.ccdrc.pt\/pt\/wp-json\/wp\/v2\/product\/48911","targetHints":{"allow":["GET"]}}],"collection":[{"href":"https:\/\/www.ccdrc.pt\/pt\/wp-json\/wp\/v2\/product"}],"about":[{"href":"https:\/\/www.ccdrc.pt\/pt\/wp-json\/wp\/v2\/types\/product"}],"wp:featuredmedia":[{"embeddable":true,"href":"https:\/\/www.ccdrc.pt\/pt\/wp-json\/wp\/v2\/media\/47867"}],"wp:attachment":[{"href":"https:\/\/www.ccdrc.pt\/pt\/wp-json\/wp\/v2\/media?parent=48911"}],"wp:term":[{"taxonomy":"product_brand","embeddable":true,"href":"https:\/\/www.ccdrc.pt\/pt\/wp-json\/wp\/v2\/product_brand?post=48911"},{"taxonomy":"product_cat","embeddable":true,"href":"https:\/\/www.ccdrc.pt\/pt\/wp-json\/wp\/v2\/product_cat?post=48911"},{"taxonomy":"product_tag","embeddable":true,"href":"https:\/\/www.ccdrc.pt\/pt\/wp-json\/wp\/v2\/product_tag?post=48911"}],"curies":[{"name":"wp","href":"https:\/\/api.w.org\/{rel}","templated":true}]}}