{"id":48906,"date":"2024-01-08T16:25:08","date_gmt":"2024-01-08T16:25:08","guid":{"rendered":"https:\/\/www.ccdrc.pt\/produto\/diagnostico-e-analise-da-situacao-da-rede-dos-servicos-de-saude-e-assistencia-na-regiao-centro-vol-ii\/"},"modified":"2024-01-17T13:02:23","modified_gmt":"2024-01-17T13:02:23","slug":"diagnostico-e-analise-da-situacao-da-rede-dos-servicos-de-saude-e-assistencia-na-regiao-centro-vol-ii","status":"publish","type":"product","link":"https:\/\/www.ccdrc.pt\/pt\/produto\/diagnostico-e-analise-da-situacao-da-rede-dos-servicos-de-saude-e-assistencia-na-regiao-centro-vol-ii\/","title":{"rendered":"Diagn\u00f3stico e an\u00e1lise da situa\u00e7\u00e3o da rede dos servi\u00e7os de sa\u00fade e assist\u00eancia na Regi\u00e3o Centro Vol.II"},"content":{"rendered":"<p><a href=\"https:\/\/www.ccdrc.pt\/wp-content\/uploads\/2023\/12\/arquivo160.pdf\">Diagn\u00f3stico e an\u00e1lise da situa\u00e7\u00e3o da rede dos servi\u00e7os de sa\u00fade e assist\u00eancia na Regi\u00e3o Centro Vol.II<\/a><\/p>\n","protected":false},"excerpt":{"rendered":"<p>Diagn\u00f3stico e an\u00e1lise da situa\u00e7\u00e3o da rede dos servi\u00e7os de [&hellip;]<\/p>\n","protected":false},"featured_media":47862,"template":"","meta":{"_acf_changed":false,"_eb_attr":"","inline_featured_image":false,"iawp_total_views":0},"product_brand":[],"product_cat":[649],"product_tag":[],"class_list":{"0":"post-48906","1":"product","2":"type-product","3":"status-publish","4":"has-post-thumbnail","6":"product_cat-arquivo","8":"first","9":"instock","10":"downloadable","11":"taxable","12":"shipping-taxable","13":"purchasable","14":"product-type-simple","15":"berocket_lgv_grid","16":"berocket_lgv_list_grid"},"acf":[],"_links":{"self":[{"href":"https:\/\/www.ccdrc.pt\/pt\/wp-json\/wp\/v2\/product\/48906","targetHints":{"allow":["GET"]}}],"collection":[{"href":"https:\/\/www.ccdrc.pt\/pt\/wp-json\/wp\/v2\/product"}],"about":[{"href":"https:\/\/www.ccdrc.pt\/pt\/wp-json\/wp\/v2\/types\/product"}],"wp:featuredmedia":[{"embeddable":true,"href":"https:\/\/www.ccdrc.pt\/pt\/wp-json\/wp\/v2\/media\/47862"}],"wp:attachment":[{"href":"https:\/\/www.ccdrc.pt\/pt\/wp-json\/wp\/v2\/media?parent=48906"}],"wp:term":[{"taxonomy":"product_brand","embeddable":true,"href":"https:\/\/www.ccdrc.pt\/pt\/wp-json\/wp\/v2\/product_brand?post=48906"},{"taxonomy":"product_cat","embeddable":true,"href":"https:\/\/www.ccdrc.pt\/pt\/wp-json\/wp\/v2\/product_cat?post=48906"},{"taxonomy":"product_tag","embeddable":true,"href":"https:\/\/www.ccdrc.pt\/pt\/wp-json\/wp\/v2\/product_tag?post=48906"}],"curies":[{"name":"wp","href":"https:\/\/api.w.org\/{rel}","templated":true}]}}