{"id":48899,"date":"2024-01-08T16:25:06","date_gmt":"2024-01-08T16:25:06","guid":{"rendered":"https:\/\/www.ccdrc.pt\/produto\/trabalhos-preparatorios-do-iv-plano-de-fomento-relatorio-de-propostas-programacao-do-ensino-superior-na-sub-regiao-interior-centro\/"},"modified":"2024-01-17T13:00:58","modified_gmt":"2024-01-17T13:00:58","slug":"trabalhos-preparatorios-do-iv-plano-de-fomento-relatorio-de-propostas-programacao-do-ensino-superior-na-sub-regiao-interior-centro","status":"publish","type":"product","link":"https:\/\/www.ccdrc.pt\/pt\/produto\/trabalhos-preparatorios-do-iv-plano-de-fomento-relatorio-de-propostas-programacao-do-ensino-superior-na-sub-regiao-interior-centro\/","title":{"rendered":"Trabalhos Preparat\u00f3rios do IV Plano de Fomento. Relat\u00f3rio de Propostas, Programa\u00e7\u00e3o do Ensino Superior na Sub-Regi\u00e3o Interior Centro"},"content":{"rendered":"<p><a href=\"https:\/\/www.ccdrc.pt\/wp-content\/uploads\/2023\/12\/arquivo153.pdf\">Trabalhos Preparat\u00f3rios do IV Plano de Fomento. Relat\u00f3rio de Propostas, Programa\u00e7\u00e3o do Ensino Superior na Sub-Regi\u00e3o Interior Centro<\/a><\/p>\n","protected":false},"excerpt":{"rendered":"<p>Trabalhos Preparat\u00f3rios do IV Plano de Fomento. Relat\u00f3rio de Propostas, [&hellip;]<\/p>\n","protected":false},"featured_media":47855,"template":"","meta":{"_acf_changed":false,"_eb_attr":"","inline_featured_image":false,"iawp_total_views":1},"product_brand":[],"product_cat":[649],"product_tag":[],"class_list":{"0":"post-48899","1":"product","2":"type-product","3":"status-publish","4":"has-post-thumbnail","6":"product_cat-arquivo","8":"first","9":"instock","10":"downloadable","11":"taxable","12":"shipping-taxable","13":"purchasable","14":"product-type-simple","15":"berocket_lgv_grid","16":"berocket_lgv_list_grid"},"acf":[],"_links":{"self":[{"href":"https:\/\/www.ccdrc.pt\/pt\/wp-json\/wp\/v2\/product\/48899","targetHints":{"allow":["GET"]}}],"collection":[{"href":"https:\/\/www.ccdrc.pt\/pt\/wp-json\/wp\/v2\/product"}],"about":[{"href":"https:\/\/www.ccdrc.pt\/pt\/wp-json\/wp\/v2\/types\/product"}],"wp:featuredmedia":[{"embeddable":true,"href":"https:\/\/www.ccdrc.pt\/pt\/wp-json\/wp\/v2\/media\/47855"}],"wp:attachment":[{"href":"https:\/\/www.ccdrc.pt\/pt\/wp-json\/wp\/v2\/media?parent=48899"}],"wp:term":[{"taxonomy":"product_brand","embeddable":true,"href":"https:\/\/www.ccdrc.pt\/pt\/wp-json\/wp\/v2\/product_brand?post=48899"},{"taxonomy":"product_cat","embeddable":true,"href":"https:\/\/www.ccdrc.pt\/pt\/wp-json\/wp\/v2\/product_cat?post=48899"},{"taxonomy":"product_tag","embeddable":true,"href":"https:\/\/www.ccdrc.pt\/pt\/wp-json\/wp\/v2\/product_tag?post=48899"}],"curies":[{"name":"wp","href":"https:\/\/api.w.org\/{rel}","templated":true}]}}