{"id":48876,"date":"2024-01-08T16:24:54","date_gmt":"2024-01-08T16:24:54","guid":{"rendered":"https:\/\/www.ccdrc.pt\/produto\/programa-operacional-da-regiao-centro-2000-2006-complemento-de-programacao\/"},"modified":"2024-01-17T12:55:52","modified_gmt":"2024-01-17T12:55:52","slug":"programa-operacional-da-regiao-centro-2000-2006-complemento-de-programacao","status":"publish","type":"product","link":"https:\/\/www.ccdrc.pt\/pt\/produto\/programa-operacional-da-regiao-centro-2000-2006-complemento-de-programacao\/","title":{"rendered":"Programa Operacional da Regi\u00e3o Centro &#8211; 2000-2006, Complemento de Programa\u00e7\u00e3o"},"content":{"rendered":"<p><a href=\"https:\/\/www.ccdrc.pt\/wp-content\/uploads\/2023\/12\/arquivo124.pdf\">Programa Operacional da Regi\u00e3o Centro &#8211; 2000-2006, Complemento de Programa\u00e7\u00e3o<\/a><\/p>\n","protected":false},"excerpt":{"rendered":"<p>Programa Operacional da Regi\u00e3o Centro &#8211; 2000-2006, Complemento de Programa\u00e7\u00e3o<\/p>\n","protected":false},"featured_media":47827,"template":"","meta":{"_acf_changed":false,"_eb_attr":"","inline_featured_image":false,"iawp_total_views":0},"product_brand":[],"product_cat":[649],"product_tag":[],"class_list":{"0":"post-48876","1":"product","2":"type-product","3":"status-publish","4":"has-post-thumbnail","6":"product_cat-arquivo","8":"first","9":"instock","10":"downloadable","11":"taxable","12":"shipping-taxable","13":"purchasable","14":"product-type-simple","15":"berocket_lgv_grid","16":"berocket_lgv_list_grid"},"acf":[],"_links":{"self":[{"href":"https:\/\/www.ccdrc.pt\/pt\/wp-json\/wp\/v2\/product\/48876","targetHints":{"allow":["GET"]}}],"collection":[{"href":"https:\/\/www.ccdrc.pt\/pt\/wp-json\/wp\/v2\/product"}],"about":[{"href":"https:\/\/www.ccdrc.pt\/pt\/wp-json\/wp\/v2\/types\/product"}],"wp:featuredmedia":[{"embeddable":true,"href":"https:\/\/www.ccdrc.pt\/pt\/wp-json\/wp\/v2\/media\/47827"}],"wp:attachment":[{"href":"https:\/\/www.ccdrc.pt\/pt\/wp-json\/wp\/v2\/media?parent=48876"}],"wp:term":[{"taxonomy":"product_brand","embeddable":true,"href":"https:\/\/www.ccdrc.pt\/pt\/wp-json\/wp\/v2\/product_brand?post=48876"},{"taxonomy":"product_cat","embeddable":true,"href":"https:\/\/www.ccdrc.pt\/pt\/wp-json\/wp\/v2\/product_cat?post=48876"},{"taxonomy":"product_tag","embeddable":true,"href":"https:\/\/www.ccdrc.pt\/pt\/wp-json\/wp\/v2\/product_tag?post=48876"}],"curies":[{"name":"wp","href":"https:\/\/api.w.org\/{rel}","templated":true}]}}