{"id":48822,"date":"2024-01-08T16:24:41","date_gmt":"2024-01-08T16:24:41","guid":{"rendered":"https:\/\/www.ccdrc.pt\/produto\/rota-dos-escritores-sec-xx-vergilio-ferreira-de-melo-a-cidadao-do-mundo\/"},"modified":"2024-01-17T12:44:35","modified_gmt":"2024-01-17T12:44:35","slug":"rota-dos-escritores-sec-xx-vergilio-ferreira-de-melo-a-cidadao-do-mundo","status":"publish","type":"product","link":"https:\/\/www.ccdrc.pt\/pt\/produto\/rota-dos-escritores-sec-xx-vergilio-ferreira-de-melo-a-cidadao-do-mundo\/","title":{"rendered":"Rota dos Escritores s\u00e9c.XX &#8211; Verg\u00edlio Ferreira de Melo a Cidad\u00e3o do Mundo"},"content":{"rendered":"<p><a href=\"https:\/\/www.ccdrc.pt\/wp-content\/uploads\/2023\/12\/arquivo69.pdf\">Rota dos Escritores s\u00e9c.XX &#8211; Verg\u00edlio Ferreira de Melo a Cidad\u00e3o do Mundo<\/a><\/p>\n","protected":false},"excerpt":{"rendered":"<p>Rota dos Escritores s\u00e9c.XX &#8211; Verg\u00edlio Ferreira de Melo a [&hellip;]<\/p>\n","protected":false},"featured_media":47772,"template":"","meta":{"_acf_changed":false,"_eb_attr":"","inline_featured_image":false,"iawp_total_views":2},"product_brand":[],"product_cat":[649],"product_tag":[],"class_list":{"0":"post-48822","1":"product","2":"type-product","3":"status-publish","4":"has-post-thumbnail","6":"product_cat-arquivo","8":"first","9":"instock","10":"downloadable","11":"taxable","12":"shipping-taxable","13":"purchasable","14":"product-type-simple","15":"berocket_lgv_grid","16":"berocket_lgv_list_grid"},"acf":[],"_links":{"self":[{"href":"https:\/\/www.ccdrc.pt\/pt\/wp-json\/wp\/v2\/product\/48822","targetHints":{"allow":["GET"]}}],"collection":[{"href":"https:\/\/www.ccdrc.pt\/pt\/wp-json\/wp\/v2\/product"}],"about":[{"href":"https:\/\/www.ccdrc.pt\/pt\/wp-json\/wp\/v2\/types\/product"}],"wp:featuredmedia":[{"embeddable":true,"href":"https:\/\/www.ccdrc.pt\/pt\/wp-json\/wp\/v2\/media\/47772"}],"wp:attachment":[{"href":"https:\/\/www.ccdrc.pt\/pt\/wp-json\/wp\/v2\/media?parent=48822"}],"wp:term":[{"taxonomy":"product_brand","embeddable":true,"href":"https:\/\/www.ccdrc.pt\/pt\/wp-json\/wp\/v2\/product_brand?post=48822"},{"taxonomy":"product_cat","embeddable":true,"href":"https:\/\/www.ccdrc.pt\/pt\/wp-json\/wp\/v2\/product_cat?post=48822"},{"taxonomy":"product_tag","embeddable":true,"href":"https:\/\/www.ccdrc.pt\/pt\/wp-json\/wp\/v2\/product_tag?post=48822"}],"curies":[{"name":"wp","href":"https:\/\/api.w.org\/{rel}","templated":true}]}}