{"id":48807,"date":"2024-01-08T16:24:37","date_gmt":"2024-01-08T16:24:37","guid":{"rendered":"https:\/\/www.ccdrc.pt\/produto\/as-pmeo-mercado-unico-e-a-cooperacao-europeia\/"},"modified":"2024-01-17T12:40:57","modified_gmt":"2024-01-17T12:40:57","slug":"as-pmeo-mercado-unico-e-a-cooperacao-europeia","status":"publish","type":"product","link":"https:\/\/www.ccdrc.pt\/pt\/produto\/as-pmeo-mercado-unico-e-a-cooperacao-europeia\/","title":{"rendered":"As PME,o Mercado \u00danico e a Coopera\u00e7\u00e3o Europeia"},"content":{"rendered":"<p><a href=\"https:\/\/www.ccdrc.pt\/wp-content\/uploads\/2023\/12\/arquivo53.pdf\">As PME,o Mercado \u00danico e a Coopera\u00e7\u00e3o Europeia<\/a><\/p>\n","protected":false},"excerpt":{"rendered":"<p>As PME,o Mercado \u00danico e a Coopera\u00e7\u00e3o Europeia<\/p>\n","protected":false},"featured_media":47756,"template":"","meta":{"_acf_changed":false,"_eb_attr":"","inline_featured_image":false,"iawp_total_views":0},"product_brand":[],"product_cat":[649],"product_tag":[],"class_list":{"0":"post-48807","1":"product","2":"type-product","3":"status-publish","4":"has-post-thumbnail","6":"product_cat-arquivo","8":"first","9":"instock","10":"downloadable","11":"taxable","12":"shipping-taxable","13":"purchasable","14":"product-type-simple","15":"berocket_lgv_grid","16":"berocket_lgv_list_grid"},"acf":[],"_links":{"self":[{"href":"https:\/\/www.ccdrc.pt\/pt\/wp-json\/wp\/v2\/product\/48807","targetHints":{"allow":["GET"]}}],"collection":[{"href":"https:\/\/www.ccdrc.pt\/pt\/wp-json\/wp\/v2\/product"}],"about":[{"href":"https:\/\/www.ccdrc.pt\/pt\/wp-json\/wp\/v2\/types\/product"}],"wp:featuredmedia":[{"embeddable":true,"href":"https:\/\/www.ccdrc.pt\/pt\/wp-json\/wp\/v2\/media\/47756"}],"wp:attachment":[{"href":"https:\/\/www.ccdrc.pt\/pt\/wp-json\/wp\/v2\/media?parent=48807"}],"wp:term":[{"taxonomy":"product_brand","embeddable":true,"href":"https:\/\/www.ccdrc.pt\/pt\/wp-json\/wp\/v2\/product_brand?post=48807"},{"taxonomy":"product_cat","embeddable":true,"href":"https:\/\/www.ccdrc.pt\/pt\/wp-json\/wp\/v2\/product_cat?post=48807"},{"taxonomy":"product_tag","embeddable":true,"href":"https:\/\/www.ccdrc.pt\/pt\/wp-json\/wp\/v2\/product_tag?post=48807"}],"curies":[{"name":"wp","href":"https:\/\/api.w.org\/{rel}","templated":true}]}}