{"id":48801,"date":"2024-01-08T16:24:35","date_gmt":"2024-01-08T16:24:35","guid":{"rendered":"https:\/\/www.ccdrc.pt\/produto\/a-utilizacao-dos-espacos-florestais\/"},"modified":"2024-01-17T12:40:15","modified_gmt":"2024-01-17T12:40:15","slug":"a-utilizacao-dos-espacos-florestais","status":"publish","type":"product","link":"https:\/\/www.ccdrc.pt\/pt\/produto\/a-utilizacao-dos-espacos-florestais\/","title":{"rendered":"A Utiliza\u00e7\u00e3o dos Espa\u00e7os Florestais"},"content":{"rendered":"<p><a href=\"https:\/\/www.ccdrc.pt\/wp-content\/uploads\/2023\/12\/arquivo47.pdf\">A Utiliza\u00e7\u00e3o dos Espa\u00e7os Florestais<\/a><\/p>\n","protected":false},"excerpt":{"rendered":"<p>A Utiliza\u00e7\u00e3o dos Espa\u00e7os Florestais<\/p>\n","protected":false},"featured_media":47750,"template":"","meta":{"_acf_changed":false,"_eb_attr":"","inline_featured_image":false,"iawp_total_views":1},"product_brand":[],"product_cat":[649],"product_tag":[],"class_list":{"0":"post-48801","1":"product","2":"type-product","3":"status-publish","4":"has-post-thumbnail","6":"product_cat-arquivo","8":"first","9":"instock","10":"downloadable","11":"taxable","12":"shipping-taxable","13":"purchasable","14":"product-type-simple","15":"berocket_lgv_grid","16":"berocket_lgv_list_grid"},"acf":[],"_links":{"self":[{"href":"https:\/\/www.ccdrc.pt\/pt\/wp-json\/wp\/v2\/product\/48801","targetHints":{"allow":["GET"]}}],"collection":[{"href":"https:\/\/www.ccdrc.pt\/pt\/wp-json\/wp\/v2\/product"}],"about":[{"href":"https:\/\/www.ccdrc.pt\/pt\/wp-json\/wp\/v2\/types\/product"}],"wp:featuredmedia":[{"embeddable":true,"href":"https:\/\/www.ccdrc.pt\/pt\/wp-json\/wp\/v2\/media\/47750"}],"wp:attachment":[{"href":"https:\/\/www.ccdrc.pt\/pt\/wp-json\/wp\/v2\/media?parent=48801"}],"wp:term":[{"taxonomy":"product_brand","embeddable":true,"href":"https:\/\/www.ccdrc.pt\/pt\/wp-json\/wp\/v2\/product_brand?post=48801"},{"taxonomy":"product_cat","embeddable":true,"href":"https:\/\/www.ccdrc.pt\/pt\/wp-json\/wp\/v2\/product_cat?post=48801"},{"taxonomy":"product_tag","embeddable":true,"href":"https:\/\/www.ccdrc.pt\/pt\/wp-json\/wp\/v2\/product_tag?post=48801"}],"curies":[{"name":"wp","href":"https:\/\/api.w.org\/{rel}","templated":true}]}}