{"id":48725,"date":"2024-01-08T16:01:12","date_gmt":"2024-01-08T16:01:12","guid":{"rendered":"https:\/\/www.ccdrc.pt\/produto\/resultados-do-inquerito-a-satisfacao-dos-residentes-da-regiao-centro-2\/"},"modified":"2024-08-30T09:37:28","modified_gmt":"2024-08-30T09:37:28","slug":"resultados-do-inquerito-a-satisfacao-dos-residentes-da-regiao-centro-2","status":"publish","type":"product","link":"https:\/\/www.ccdrc.pt\/pt\/produto\/resultados-do-inquerito-a-satisfacao-dos-residentes-da-regiao-centro-2\/","title":{"rendered":"Resultados do Inqu\u00e9rito \u00e0 Satisfa\u00e7\u00e3o dos Residentes da Regi\u00e3o Centro"},"content":{"rendered":"<p><a href=\"https:\/\/www.ccdrc.pt\/wp-content\/uploads\/2023\/12\/estudo49.pdf\">Resultados do Inqu\u00e9rito \u00e0 Satisfa\u00e7\u00e3o dos Residentes da Regi\u00e3o Centro<\/a><\/p>\n","protected":false},"excerpt":{"rendered":"<p>2022<\/p>\n","protected":false},"featured_media":47994,"template":"","meta":{"_acf_changed":false,"_eb_attr":"","inline_featured_image":false,"iawp_total_views":0},"product_brand":[],"product_cat":[507],"product_tag":[],"class_list":{"0":"post-48725","1":"product","2":"type-product","3":"status-publish","4":"has-post-thumbnail","6":"product_cat-estudos-regionais","8":"first","9":"instock","10":"downloadable","11":"taxable","12":"shipping-taxable","13":"purchasable","14":"product-type-simple","15":"berocket_lgv_grid","16":"berocket_lgv_list_grid"},"acf":[],"_links":{"self":[{"href":"https:\/\/www.ccdrc.pt\/pt\/wp-json\/wp\/v2\/product\/48725","targetHints":{"allow":["GET"]}}],"collection":[{"href":"https:\/\/www.ccdrc.pt\/pt\/wp-json\/wp\/v2\/product"}],"about":[{"href":"https:\/\/www.ccdrc.pt\/pt\/wp-json\/wp\/v2\/types\/product"}],"wp:featuredmedia":[{"embeddable":true,"href":"https:\/\/www.ccdrc.pt\/pt\/wp-json\/wp\/v2\/media\/47994"}],"wp:attachment":[{"href":"https:\/\/www.ccdrc.pt\/pt\/wp-json\/wp\/v2\/media?parent=48725"}],"wp:term":[{"taxonomy":"product_brand","embeddable":true,"href":"https:\/\/www.ccdrc.pt\/pt\/wp-json\/wp\/v2\/product_brand?post=48725"},{"taxonomy":"product_cat","embeddable":true,"href":"https:\/\/www.ccdrc.pt\/pt\/wp-json\/wp\/v2\/product_cat?post=48725"},{"taxonomy":"product_tag","embeddable":true,"href":"https:\/\/www.ccdrc.pt\/pt\/wp-json\/wp\/v2\/product_tag?post=48725"}],"curies":[{"name":"wp","href":"https:\/\/api.w.org\/{rel}","templated":true}]}}