{"id":48701,"date":"2024-01-08T16:01:05","date_gmt":"2024-01-08T16:01:05","guid":{"rendered":"https:\/\/www.ccdrc.pt\/produto\/premio-de-boas-praticas-de-envelhecimento-ativo-e-saudavel\/"},"modified":"2024-01-08T16:01:05","modified_gmt":"2024-01-08T16:01:05","slug":"premio-de-boas-praticas-de-envelhecimento-ativo-e-saudavel","status":"publish","type":"product","link":"https:\/\/www.ccdrc.pt\/pt\/produto\/premio-de-boas-praticas-de-envelhecimento-ativo-e-saudavel\/","title":{"rendered":"Pr\u00e9mio de Boas Pr\u00e1ticas de Envelhecimento Ativo e Saud\u00e1vel"},"content":{"rendered":"<p><a href=\"https:\/\/www.ccdrc.pt\/wp-content\/uploads\/2023\/12\/estudo25.pdf\">Pr\u00e9mio de Boas Pr\u00e1ticas de Envelhecimento Ativo e Saud\u00e1vel<\/a><\/p>\n","protected":false},"excerpt":{"rendered":"<p>Pr\u00e9mio de Boas Pr\u00e1ticas de Envelhecimento Ativo e Saud\u00e1vel<\/p>\n","protected":false},"featured_media":47970,"template":"","meta":{"_acf_changed":false,"_eb_attr":"","inline_featured_image":false,"iawp_total_views":0},"product_brand":[],"product_cat":[507],"product_tag":[],"class_list":{"0":"post-48701","1":"product","2":"type-product","3":"status-publish","4":"has-post-thumbnail","6":"product_cat-estudos-regionais","8":"first","9":"instock","10":"downloadable","11":"taxable","12":"shipping-taxable","13":"purchasable","14":"product-type-simple","15":"berocket_lgv_grid","16":"berocket_lgv_list_grid"},"acf":[],"_links":{"self":[{"href":"https:\/\/www.ccdrc.pt\/pt\/wp-json\/wp\/v2\/product\/48701","targetHints":{"allow":["GET"]}}],"collection":[{"href":"https:\/\/www.ccdrc.pt\/pt\/wp-json\/wp\/v2\/product"}],"about":[{"href":"https:\/\/www.ccdrc.pt\/pt\/wp-json\/wp\/v2\/types\/product"}],"wp:featuredmedia":[{"embeddable":true,"href":"https:\/\/www.ccdrc.pt\/pt\/wp-json\/wp\/v2\/media\/47970"}],"wp:attachment":[{"href":"https:\/\/www.ccdrc.pt\/pt\/wp-json\/wp\/v2\/media?parent=48701"}],"wp:term":[{"taxonomy":"product_brand","embeddable":true,"href":"https:\/\/www.ccdrc.pt\/pt\/wp-json\/wp\/v2\/product_brand?post=48701"},{"taxonomy":"product_cat","embeddable":true,"href":"https:\/\/www.ccdrc.pt\/pt\/wp-json\/wp\/v2\/product_cat?post=48701"},{"taxonomy":"product_tag","embeddable":true,"href":"https:\/\/www.ccdrc.pt\/pt\/wp-json\/wp\/v2\/product_tag?post=48701"}],"curies":[{"name":"wp","href":"https:\/\/api.w.org\/{rel}","templated":true}]}}