{"id":86405,"date":"2026-02-05T12:01:53","date_gmt":"2026-02-05T12:01:53","guid":{"rendered":"https:\/\/www.ccdrc.pt\/?page_id=86405"},"modified":"2026-02-05T14:15:40","modified_gmt":"2026-02-05T14:15:40","slug":"calamidade-2026","status":"publish","type":"page","link":"https:\/\/www.ccdrc.pt\/pt\/areas-de-atuacao\/administracao-local\/apoio-tecnico-e-financeiro\/calamidade-2026\/","title":{"rendered":"Calamidades 2026"},"content":{"rendered":"<p><div class=\"fusion-fullwidth fullwidth-box fusion-builder-row-1 fusion-flex-container has-pattern-background has-mask-background fusion-parallax-none container-image nonhundred-percent-fullwidth non-hundred-percent-height-scrolling\" style=\"--awb-background-blend-mode:multiply;--awb-border-radius-top-left:0px;--awb-border-radius-top-right:0px;--awb-border-radius-bottom-right:0px;--awb-border-radius-bottom-left:0px;--awb-min-height:218px;--awb-background-image:url(&quot;https:\/\/www.ccdrc.pt\/wp-content\/uploads\/2026\/02\/Redes-Apoio-Tempestades-02-1.jpg&quot;);--awb-background-size:cover;\" ><div class=\"fusion-builder-row fusion-row fusion-flex-align-items-center fusion-flex-justify-content-center\" style=\"max-width:1288px;margin-left: calc(-0% \/ 2 );margin-right: calc(-0% \/ 2 );\"><div class=\"fusion-layout-column fusion_builder_column fusion-builder-column-0 fusion_builder_column_1_1 1_1 fusion-flex-column\" style=\"--awb-bg-size:cover;--awb-width-large:100%;--awb-margin-top-large:0px;--awb-spacing-right-large:0%;--awb-margin-bottom-large:0px;--awb-spacing-left-large:0%;--awb-width-medium:100%;--awb-order-medium:0;--awb-spacing-right-medium:0%;--awb-spacing-left-medium:0%;--awb-width-small:100%;--awb-order-small:0;--awb-spacing-right-small:0%;--awb-spacing-left-small:0%;\"><div class=\"fusion-column-wrapper fusion-column-has-shadow fusion-flex-justify-content-flex-start fusion-content-layout-column\"><\/div><\/div><\/div><\/div><div class=\"fusion-fullwidth fullwidth-box fusion-builder-row-2 fusion-flex-container nonhundred-percent-fullwidth non-hundred-percent-height-scrolling\" style=\"--awb-border-radius-top-left:0px;--awb-border-radius-top-right:0px;--awb-border-radius-bottom-right:0px;--awb-border-radius-bottom-left:0px;\" ><div class=\"fusion-builder-row fusion-row fusion-flex-align-items-flex-start\" style=\"max-width:1288px;margin-left: calc(-0% \/ 2 );margin-right: calc(-0% \/ 2 );\"><div class=\"fusion-layout-column fusion_builder_column fusion-builder-column-1 fusion_builder_column_1_1 1_1 fusion-flex-column\" style=\"--awb-bg-blend:overlay;--awb-bg-size:cover;--awb-width-large:100%;--awb-margin-top-large:0px;--awb-spacing-right-large:0%;--awb-margin-bottom-large:0px;--awb-spacing-left-large:0%;--awb-width-medium:100%;--awb-spacing-right-medium:0%;--awb-spacing-left-medium:0%;--awb-width-small:100%;--awb-spacing-right-small:0%;--awb-spacing-left-small:0%;\"><div class=\"fusion-column-wrapper fusion-flex-justify-content-flex-start fusion-content-layout-column\"><div class=\"fusion-text fusion-text-1 fusion-text-no-margin\" style=\"--awb-font-size:25px;--awb-line-height:30px;--awb-text-color:#155e87;--awb-margin-top:20px;--awb-margin-bottom:20px;\"><p>&nbsp;<\/p>\n<p><span style=\"color: #5e7374;\"><strong>APOIOS \u00c0S PESSOAS E MUNIC\u00cdPIOS<\/strong><\/span><\/p>\n<\/div><div class=\"fusion-text fusion-text-2\"><p>Na sequ\u00eancia das recentes intemp\u00e9ries ocorridas na regi\u00e3o Centro, com especial incid\u00eancia com a tempestade Kristin, encontram-se dispon\u00edveis mecanismos de <strong>reporte e inventaria\u00e7\u00e3o de preju\u00edzos<\/strong>, fundamentais para a avalia\u00e7\u00e3o dos impactos e eventual ativa\u00e7\u00e3o de medidas de apoio.<\/p>\n<p>Os procedimentos variam consoante a <strong>dimens\u00e3o afetada<\/strong>.<\/p>\n<\/div><div class=\"fusion-separator fusion-full-width-sep\" style=\"align-self: flex-start;margin-right:auto;margin-top:20px;margin-bottom:20px;width:100%;\"><div class=\"fusion-separator-border sep-single sep-solid\" style=\"--awb-height:20px;--awb-amount:20px;border-color:var(--awb-color3);border-top-width:1px;\"><\/div><\/div><div class=\"fusion-text fusion-text-3 fusion-text-no-margin\" style=\"--awb-font-size:25px;--awb-line-height:30px;--awb-text-color:#155e87;--awb-margin-top:15px;--awb-margin-bottom:0px;\"><p><span style=\"color: #155e87;\"><strong><img decoding=\"async\" class=\"wpa-warning wpa-image-missing-alt alignnone size-full wp-image-82122\" src=\"https:\/\/www.ccdrc.pt\/wp-content\/uploads\/2025\/08\/Icons-02.png\" alt=\"\" width=\"40\" height=\"40\" data-warning=\"Missing alt text\" srcset=\"https:\/\/www.ccdrc.pt\/wp-content\/uploads\/2025\/08\/Icons-02-12x12.png 12w, https:\/\/www.ccdrc.pt\/wp-content\/uploads\/2025\/08\/Icons-02-66x66.png 66w, https:\/\/www.ccdrc.pt\/wp-content\/uploads\/2025\/08\/Icons-02.png 70w\" sizes=\"(max-width: 40px) 100vw, 40px\" \/> Agricultura<\/strong><\/span><\/p>\n<\/div><div class=\"fusion-text fusion-text-4\"><p>Se foi afetado pelas recentes intemp\u00e9ries ocorridas na regi\u00e3o Centro, pode reportar os preju\u00edzos verificados, na <strong>sequ\u00eancia da abertura do aviso<\/strong> &#8220;<strong>Restabelecimento do potencial produtivo | Tempestade Kristin (3\u00ba Concurso)&#8221;<\/strong> .<\/p>\n<ul>\n<li>Este procedimento n\u00e3o corresponde a uma candidatura.<\/li>\n<li>Trata-se apenas de uma declara\u00e7\u00e3o de preju\u00edzos, necess\u00e1ria para efeitos de avalia\u00e7\u00e3o e enquadramento de futuras medidas de apoio.<\/li>\n<\/ul>\n<p data-start=\"1770\" data-end=\"1882\"><i><\/i>\ud83d\udc49 Plataforma de reporte \u2013 <a class=\"x_decorated-link\" title=\"https:\/\/pdp25.ccdrc.pt\" href=\"https:\/\/pdp25.ccdrc.pt\" target=\"_blank\" rel=\"noopener\" data-start=\"1818\" data-end=\"1880\" data-outlook-id=\"46b20ec8-0608-475b-8df8-41c9b1a90575\">Clique aqui para aceder<\/a><\/p>\n<\/div><div class=\"fusion-separator fusion-full-width-sep\" style=\"align-self: flex-start;margin-right:auto;margin-top:20px;margin-bottom:20px;width:100%;\"><div class=\"fusion-separator-border sep-single sep-solid\" style=\"--awb-height:20px;--awb-amount:20px;border-color:var(--awb-color3);border-top-width:1px;\"><\/div><\/div><div class=\"fusion-text fusion-text-5 fusion-text-no-margin\" style=\"--awb-font-size:25px;--awb-line-height:30px;--awb-text-color:#155e87;--awb-margin-top:15px;--awb-margin-bottom:0px;\"><p><span style=\"color: #155e87;\"><strong><img decoding=\"async\" class=\"wpa-warning wpa-image-missing-alt alignnone size-full wp-image-82122\" src=\"https:\/\/www.ccdrc.pt\/wp-content\/uploads\/2025\/08\/Icons-02.png\" alt=\"\" width=\"40\" height=\"40\" data-warning=\"Missing alt text\" srcset=\"https:\/\/www.ccdrc.pt\/wp-content\/uploads\/2025\/08\/Icons-02-12x12.png 12w, https:\/\/www.ccdrc.pt\/wp-content\/uploads\/2025\/08\/Icons-02-66x66.png 66w, https:\/\/www.ccdrc.pt\/wp-content\/uploads\/2025\/08\/Icons-02.png 70w\" sizes=\"(max-width: 40px) 100vw, 40px\" \/> Habita\u00e7\u00f5es<\/strong><\/span><\/p>\n<\/div><div class=\"fusion-text fusion-text-6\"><p data-start=\"1614\" data-end=\"1766\">Se a sua habita\u00e7\u00e3o foi afetada, pode proceder ao reporte dos preju\u00edzos, at\u00e9 ao montante m\u00e1ximo de 10.000 \u20ac.<\/p>\n<p data-start=\"1614\" data-end=\"1766\">\ud83d\udc49 Plataforma de reporte \u2013 <a href=\"https:\/\/sigecandidaturas.ccdrc.pt\/\" target=\"_blank\" rel=\"noopener\">Clique aqui para aceder<\/a><\/p>\n<p data-start=\"1614\" data-end=\"1766\">A legisla\u00e7\u00e3o em vigor define dois escal\u00f5es de enquadramento:<\/p>\n<ul>\n<li>Preju\u00edzos at\u00e9 5.000 \u20ac<\/li>\n<li>Preju\u00edzos de 5.000 \u20ac a 10.000 \u20ac<\/li>\n<\/ul>\n<p data-start=\"1614\" data-end=\"1766\">O reporte \u00e9 efetuado na mesma plataforma.<\/p>\n<\/div><div class=\"fusion-separator fusion-full-width-sep\" style=\"align-self: flex-start;margin-right:auto;margin-top:20px;margin-bottom:20px;width:100%;\"><div class=\"fusion-separator-border sep-single sep-solid\" style=\"--awb-height:20px;--awb-amount:20px;border-color:var(--awb-color3);border-top-width:1px;\"><\/div><\/div><div class=\"fusion-text fusion-text-7 fusion-text-no-margin\" style=\"--awb-font-size:25px;--awb-line-height:30px;--awb-text-color:#155e87;--awb-margin-top:35px;--awb-margin-bottom:20px;\"><p><span style=\"color: #155e87;\"><strong><img decoding=\"async\" class=\"wpa-warning wpa-image-missing-alt alignnone size-full wp-image-82122\" src=\"https:\/\/www.ccdrc.pt\/wp-content\/uploads\/2025\/08\/Icons-02.png\" alt=\"\" width=\"40\" height=\"40\" data-warning=\"Missing alt text\" srcset=\"https:\/\/www.ccdrc.pt\/wp-content\/uploads\/2025\/08\/Icons-02-12x12.png 12w, https:\/\/www.ccdrc.pt\/wp-content\/uploads\/2025\/08\/Icons-02-66x66.png 66w, https:\/\/www.ccdrc.pt\/wp-content\/uploads\/2025\/08\/Icons-02.png 70w\" sizes=\"(max-width: 40px) 100vw, 40px\" \/> Munic\u00edpios<\/strong><\/span><\/p>\n<\/div><div class=\"fusion-text fusion-text-8\" style=\"--awb-margin-top:15px;\"><p data-start=\"1614\" data-end=\"1766\"><strong>Mapas de Inventaria\u00e7\u00e3o <\/strong><strong>(Uso exclusivo dos Munic\u00edpios)<\/strong><\/p>\n<p data-start=\"1614\" data-end=\"1766\">Os munic\u00edpios devem proceder ao preenchimento dos mapas de inventaria\u00e7\u00e3o de preju\u00edzos, os quais dever\u00e3o ser enviados \u00e0 CCDR Centro.<\/p>\n<p data-start=\"1614\" data-end=\"1766\"><strong>Dimens\u00f5es abrangidas:<\/strong><\/p>\n<ul>\n<li data-start=\"1614\" data-end=\"1766\">Infraestruturas e equipamentos municipais &#8211; <a href=\"https:\/\/www.ccdrc.pt\/wp-content\/uploads\/2026\/02\/Equipamentos_Infraestruturas_Municipais_danos_perdas_KRISTIN.xlsx\">download<\/a><\/li>\n<li data-start=\"1614\" data-end=\"1766\">Equipamentos de coletividades, IPSS e edificado religioso&nbsp; &#8211; <a href=\"https:\/\/www.ccdrc.pt\/wp-content\/uploads\/2026\/02\/Coletividades_IPSS_Religiosas_danos_perdas_KRISTIN.xlsx\">download<\/a><\/li>\n<li data-start=\"1614\" data-end=\"1766\">Patrim\u00f3nio cultural &#8211; <a href=\"https:\/\/www.ccdrc.pt\/wp-content\/uploads\/2026\/02\/Patrimonio_Cultural_danos_perdas_KRISTIN.xlsx\">download<\/a><\/li>\n<\/ul>\n<p data-start=\"1614\" data-end=\"1766\">Nota importante: Estes mapas n\u00e3o constituem candidaturas, destinando-se exclusivamente \u00e0 identifica\u00e7\u00e3o e quantifica\u00e7\u00e3o preliminar dos danos, para posterior enquadramento em eventuais instrumentos de apoio.<\/p>\n<\/div><div class=\"fusion-separator fusion-full-width-sep\" style=\"align-self: flex-start;margin-right:auto;margin-top:20px;margin-bottom:20px;width:100%;\"><div class=\"fusion-separator-border sep-single sep-solid\" style=\"--awb-height:20px;--awb-amount:20px;border-color:var(--awb-color3);border-top-width:1px;\"><\/div><\/div><div class=\"fusion-text fusion-text-9 fusion-text-no-margin\" style=\"--awb-font-size:25px;--awb-line-height:10px;--awb-text-color:#155e87;--awb-margin-top:15px;--awb-margin-bottom:0px;\"><div class=\"wp-block-image\"><img decoding=\"async\" class=\"wpa-warning wpa-image-missing-alt alignnone size-full wp-image-82127\" src=\"https:\/\/www.ccdrc.pt\/wp-content\/uploads\/2025\/08\/Icons-03.png\" alt=\"\" width=\"30\" height=\"30\" data-warning=\"Missing alt text\" srcset=\"https:\/\/www.ccdrc.pt\/wp-content\/uploads\/2025\/08\/Icons-03-12x12.png 12w, https:\/\/www.ccdrc.pt\/wp-content\/uploads\/2025\/08\/Icons-03-66x66.png 66w, https:\/\/www.ccdrc.pt\/wp-content\/uploads\/2025\/08\/Icons-03.png 70w\" sizes=\"(max-width: 30px) 100vw, 30px\" \/> &nbsp;<span style=\"color: #155e87;\"><strong>Legisla\u00e7\u00e3o de suporte<\/strong><\/span><\/div>\n<\/div><div class=\"fusion-text fusion-text-10\" style=\"--awb-margin-top:0px;\"><ul>\n<li><a href=\"https:\/\/www.ccdrc.pt\/wp-content\/uploads\/2026\/02\/RCM_17_A_2026.pdf\" target=\"_blank\" rel=\"noopener\">Resolu\u00e7\u00e3o do Conselho de Ministros n.\u00ba 17-A\/2026<\/a> &#8211; Di\u00e1rio da Rep\u00fablica n.\u00ba 23\/2026, Suplemento, S\u00e9rie I de 2026-02-03 &#8211; Presid\u00eancia do Conselho de Ministros&nbsp; &#8211; Fixa o regime de apoios financeiros a atribuir na sequ\u00eancia da declara\u00e7\u00e3o da situa\u00e7\u00e3o de calamidade.<\/li>\n<li><a href=\"https:\/\/www.ccdrc.pt\/wp-content\/uploads\/2026\/02\/RCM_17_B_2026.pdf\" target=\"_blank\" rel=\"noopener\">Resolu\u00e7\u00e3o do Conselho de Ministros n.\u00ba 17-B\/2026<\/a> &#8211; Di\u00e1rio da Rep\u00fablica n.\u00ba 23\/2026, Suplemento, S\u00e9rie I de 2026-02-03 &#8211;&nbsp; Presid\u00eancia do Conselho de Ministros &#8211; Cria linhas de cr\u00e9dito para apoio \u00e0 reconstru\u00e7\u00e3o das zonas afetadas pela tempestade \u00abKristin\u00bb.<\/li>\n<li><a href=\"https:\/\/www.ccdrc.pt\/wp-content\/uploads\/2026\/02\/RCM_17_C_2026.pdf\" target=\"_blank\" rel=\"noopener\">Resolu\u00e7\u00e3o do Conselho de Ministros n.\u00ba 17-C\/2026<\/a>&#8211; Di\u00e1rio da Rep\u00fablica n.\u00ba 23\/2026, Suplemento, S\u00e9rie I de 2026-02-03 &#8211;&nbsp; Presid\u00eancia do Conselho de Ministros &#8211; Cria a Estrutura de Miss\u00e3o \u00abReconstru\u00e7\u00e3o da regi\u00e3o Centro do Pa\u00eds\u00bb.<\/li>\n<li><a href=\"https:\/\/www.ccdrc.pt\/wp-content\/uploads\/2026\/02\/RCM_15_C_2026.pdf\" target=\"_blank\" rel=\"noopener\">Resolu\u00e7\u00e3o do Conselho de Ministros n.\u00ba 15-C\/2026 <\/a>&#8211; de 1 de fevereiro -Di\u00e1rio da Rep\u00fablica n.\u00ba 21-A\/2026, S\u00e9rie I de 2026-02-01 &#8211; Prorroga a situa\u00e7\u00e3o de calamidade e procede ao alargamento do seu \u00e2mbito territorial<\/li>\n<li><a href=\"https:\/\/www.ccdrc.pt\/wp-content\/uploads\/2026\/02\/RCM_15_B_2026.pdf\" target=\"_blank\" rel=\"noopener\">Resolu\u00e7\u00e3o do Conselho de Ministros n.\u00ba 15-B\/2026<\/a> &#8211; Di\u00e1rio da Rep\u00fablica n.\u00ba 21\/2026, Suplemento, S\u00e9rie I de 2026-01-30 &#8211; Declara a situa\u00e7\u00e3o de calamidade na sequ\u00eancia dos danos causados pela tempestade \u00adKristin.<\/li>\n<li><a href=\"https:\/\/www.ccdrc.pt\/wp-content\/uploads\/2026\/02\/despaho1335_A_2006.pdf\" target=\"_blank\" rel=\"noopener\">Despacho n.\u00ba 1335-A\/2026, de 4 de fevereiro<\/a> &#8211; Di\u00e1rio da Rep\u00fablica n.\u00ba 24\/2026, Suplemento, S\u00e9rie II de 2026-02-04 &#8211; Reconhece, oficialmente, como fen\u00f3meno climat\u00e9rico adverso equipar\u00e1vel a cat\u00e1strofe natural a tempestade Kristin, que assolou as regi\u00f5es de Portugal continental, e concede o apoio que se refere \u00e0 tipologia C.4.1.3 \u2015 \u00abRestabelecimento do Potencial Produtivo\u00bb do PEPAC no Continente, com vista \u00e0 reposi\u00e7\u00e3o das condi\u00e7\u00f5es de produ\u00e7\u00e3o das explora\u00e7\u00f5es agr\u00edcolas afetadas e a criar condi\u00e7\u00f5es para regressarem \u00e0 sua atividade normal.<\/li>\n<li><a href=\"https:\/\/www.ccdrc.pt\/wp-content\/uploads\/2026\/02\/Listaconcelhosabrangidos_tempestades2026.pdf\" target=\"_blank\" rel=\"noopener\">Lista de conselhos abrangidos pelas Resolu\u00e7\u00f5es de Conselho de Ministros<\/a><\/li>\n<\/ul>\n<\/div><div class=\"fusion-separator fusion-full-width-sep\" style=\"align-self: flex-start;margin-right:auto;margin-top:20px;margin-bottom:20px;width:100%;\"><div class=\"fusion-separator-border sep-single sep-solid\" style=\"--awb-height:20px;--awb-amount:20px;border-color:var(--awb-color3);border-top-width:1px;\"><\/div><\/div><div class=\"fusion-text fusion-text-11 fusion-text-no-margin\" style=\"--awb-font-size:25px;--awb-line-height:10px;--awb-text-color:#155e87;--awb-margin-top:15px;--awb-margin-bottom:0px;\"><div class=\"wp-block-image\" data-wp-editing=\"1\"><img decoding=\"async\" class=\"wpa-warning wpa-image-missing-alt alignnone size-full wp-image-82130\" src=\"https:\/\/www.ccdrc.pt\/wp-content\/uploads\/2025\/08\/Icons-01-1.png\" alt=\"\" width=\"30\" height=\"30\" data-warning=\"Missing alt text\" srcset=\"https:\/\/www.ccdrc.pt\/wp-content\/uploads\/2025\/08\/Icons-01-1-12x12.png 12w, https:\/\/www.ccdrc.pt\/wp-content\/uploads\/2025\/08\/Icons-01-1-66x66.png 66w, https:\/\/www.ccdrc.pt\/wp-content\/uploads\/2025\/08\/Icons-01-1.png 70w\" sizes=\"(max-width: 30px) 100vw, 30px\" \/> &nbsp;<span style=\"color: #155e87;\"><strong>Contactos<\/strong><\/span><\/div>\n<\/div><div class=\"fusion-text fusion-text-12\" style=\"--awb-margin-top:0px;\"><p data-start=\"2429\" data-end=\"2522\">Em caso de d\u00favidas, pode enviar mensagem de correio eletr\u00f3nico para os seguintes endere\u00e7os:<\/p>\n<ul data-start=\"1768\" data-end=\"2066\">\n<li data-start=\"1768\" data-end=\"1882\">Apoios \u00e0 agricultura e \u00e1reas conexas: <b><a class=\"ms-outlook-linkify\" href=\"mailto:cal_agr@ccdrc.pt\" target=\"_blank\" rel=\"noopener\">cal_agr@ccdrc.pt<\/a><\/b>&nbsp;<\/li>\n<li>\n<div class=\"elementToProof\" role=\"presentation\">Apoios \u00e0s habita\u00e7\u00f5es e \u00e1reas conexas: <b><a class=\"ms-outlook-linkify\" href=\"mailto:cal_casas@ccdrc.pt\" target=\"_blank\" rel=\"noopener\">cal_casas@ccdrc.pt<\/a><\/b>&nbsp;<\/div>\n<\/li>\n<li>Apoios \u00e0s Empresas: <strong><a class=\"ms-outlook-linkify\" href=\"mailto:cal_empresas@ccdrc.pt\">cal_empresas@ccdrc.pt<\/a><\/strong><\/li>\n<\/ul>\n<\/div><\/div><\/div><\/div><\/div><\/p>\n","protected":false},"excerpt":{"rendered":"","protected":false},"author":1451,"featured_media":0,"parent":32454,"menu_order":0,"comment_status":"closed","ping_status":"closed","template":"","meta":{"_acf_changed":false,"_eb_attr":"","inline_featured_image":false,"iawp_total_views":682,"footnotes":""},"class_list":["post-86405","page","type-page","status-publish","hentry"],"acf":[],"_links":{"self":[{"href":"https:\/\/www.ccdrc.pt\/pt\/wp-json\/wp\/v2\/pages\/86405","targetHints":{"allow":["GET"]}}],"collection":[{"href":"https:\/\/www.ccdrc.pt\/pt\/wp-json\/wp\/v2\/pages"}],"about":[{"href":"https:\/\/www.ccdrc.pt\/pt\/wp-json\/wp\/v2\/types\/page"}],"author":[{"embeddable":true,"href":"https:\/\/www.ccdrc.pt\/pt\/wp-json\/wp\/v2\/users\/1451"}],"replies":[{"embeddable":true,"href":"https:\/\/www.ccdrc.pt\/pt\/wp-json\/wp\/v2\/comments?post=86405"}],"version-history":[{"count":42,"href":"https:\/\/www.ccdrc.pt\/pt\/wp-json\/wp\/v2\/pages\/86405\/revisions"}],"predecessor-version":[{"id":87331,"href":"https:\/\/www.ccdrc.pt\/pt\/wp-json\/wp\/v2\/pages\/86405\/revisions\/87331"}],"up":[{"embeddable":true,"href":"https:\/\/www.ccdrc.pt\/pt\/wp-json\/wp\/v2\/pages\/32454"}],"wp:attachment":[{"href":"https:\/\/www.ccdrc.pt\/pt\/wp-json\/wp\/v2\/media?parent=86405"}],"curies":[{"name":"wp","href":"https:\/\/api.w.org\/{rel}","templated":true}]}}