{"id":81980,"date":"2025-08-22T15:34:58","date_gmt":"2025-08-22T15:34:58","guid":{"rendered":"https:\/\/www.ccdrc.pt\/?page_id=81980"},"modified":"2025-09-17T10:28:34","modified_gmt":"2025-09-17T10:28:34","slug":"tempestade-martinho","status":"publish","type":"page","link":"https:\/\/www.ccdrc.pt\/pt\/areas-de-atuacao\/administracao-local\/apoio-tecnico-e-financeiro\/tempestade-martinho\/","title":{"rendered":"Tempestade Martinho"},"content":{"rendered":"<p><div class=\"fusion-fullwidth fullwidth-box fusion-builder-row-1 fusion-flex-container has-pattern-background has-mask-background fusion-parallax-none container-image nonhundred-percent-fullwidth non-hundred-percent-height-scrolling\" style=\"--awb-background-blend-mode:multiply;--awb-border-radius-top-left:0px;--awb-border-radius-top-right:0px;--awb-border-radius-bottom-right:0px;--awb-border-radius-bottom-left:0px;--awb-min-height:218px;--awb-background-image:url(&quot;https:\/\/www.ccdrc.pt\/wp-content\/uploads\/2025\/08\/banner-martinho-3000x428.png&quot;);--awb-background-size:cover;\" ><div class=\"fusion-builder-row fusion-row fusion-flex-align-items-center fusion-flex-justify-content-center\" style=\"max-width:1288px;margin-left: calc(-0% \/ 2 );margin-right: calc(-0% \/ 2 );\"><div class=\"fusion-layout-column fusion_builder_column fusion-builder-column-0 fusion_builder_column_1_1 1_1 fusion-flex-column\" style=\"--awb-bg-size:cover;--awb-width-large:100%;--awb-margin-top-large:0px;--awb-spacing-right-large:0%;--awb-margin-bottom-large:0px;--awb-spacing-left-large:0%;--awb-width-medium:100%;--awb-order-medium:0;--awb-spacing-right-medium:0%;--awb-spacing-left-medium:0%;--awb-width-small:100%;--awb-order-small:0;--awb-spacing-right-small:0%;--awb-spacing-left-small:0%;\"><div class=\"fusion-column-wrapper fusion-column-has-shadow fusion-flex-justify-content-flex-start fusion-content-layout-column\"><\/div><\/div><\/div><\/div><div class=\"fusion-fullwidth fullwidth-box fusion-builder-row-2 fusion-flex-container nonhundred-percent-fullwidth non-hundred-percent-height-scrolling\" style=\"--awb-border-radius-top-left:0px;--awb-border-radius-top-right:0px;--awb-border-radius-bottom-right:0px;--awb-border-radius-bottom-left:0px;\" ><div class=\"fusion-builder-row fusion-row fusion-flex-align-items-flex-start\" style=\"max-width:1288px;margin-left: calc(-0% \/ 2 );margin-right: calc(-0% \/ 2 );\"><div class=\"fusion-layout-column fusion_builder_column fusion-builder-column-1 fusion_builder_column_1_1 1_1 fusion-flex-column\" style=\"--awb-bg-blend:overlay;--awb-bg-size:cover;--awb-width-large:100%;--awb-margin-top-large:0px;--awb-spacing-right-large:0%;--awb-margin-bottom-large:0px;--awb-spacing-left-large:0%;--awb-width-medium:100%;--awb-spacing-right-medium:0%;--awb-spacing-left-medium:0%;--awb-width-small:100%;--awb-spacing-right-small:0%;--awb-spacing-left-small:0%;\"><div class=\"fusion-column-wrapper fusion-flex-justify-content-flex-start fusion-content-layout-column\"><div class=\"fusion-text fusion-text-1\"><p>&nbsp;<\/p>\n<p><strong>Candidaturas abertas ao Restabelecimento do Potencial Produtivo nas explora\u00e7\u00f5es agr\u00edcolas afetadas pela depress\u00e3o Martinho<\/strong><\/p>\n<\/div><div class=\"fusion-text fusion-text-2\"><div>&nbsp;<\/div>\n<div class=\"x_elementToProof\">Decorre at\u00e9 <strong>30 de setembro<\/strong>, o per\u00edodo para submiss\u00e3o de candidaturas ao Restabelecimento do Potencial Produtivo que ir\u00e3o dar suporte aos danos provocados pela tempestade Martinho.<\/div>\n<div class=\"x_elementToProof\">&nbsp;<\/div>\n<div class=\"x_elementToProof\">As candidaturas dever\u00e3o ser submetidas na plataforma do&nbsp;<a href=\"https:\/\/pepacc.pt\/candidaturas-abertas-restabelecimento-do-potencial-produtivo\/\" target=\"_blank\" rel=\"noopener\">PEPAC<\/a>, devendo os benefici\u00e1rios, caso ainda n\u00e3o o tenham feito, submeter simultaneamente a&nbsp;<a href=\"https:\/\/pdp.ccdrc.pt\/\" target=\"_blank\" rel=\"noopener\">declara\u00e7\u00e3o de preju\u00edzos<\/a>&nbsp;na p\u00e1gina da CCDR Centro, cuja plataforma j\u00e1 se encontra dispon\u00edvel.<\/div>\n<div>&nbsp;<\/div>\n<div class=\"x_elementToProof\">S\u00e3o eleg\u00edveis as explora\u00e7\u00f5es cujo dano sofrido, verificado e confirmado pela CCDR Centro, seja superior a 30% do seu potencial produtivo e cujo investimento associado represente um montante m\u00e1ximo e m\u00ednimo, respetivamente, de 400 000 euros e 5 000 euros.<\/div>\n<div>&nbsp;<\/div>\n<div class=\"x_elementToProof\">Consulte os&nbsp;<a href=\"https:\/\/www.ccdrc.pt\/wp-content\/uploads\/2025\/07\/Depressao-Martinho.zip\">aqui<\/a>&nbsp;os documentos de suporte \u00e0 candidatura.<\/div>\n<\/div><\/div><\/div><\/div><\/div><\/p>\n","protected":false},"excerpt":{"rendered":"","protected":false},"author":1456,"featured_media":0,"parent":32454,"menu_order":0,"comment_status":"closed","ping_status":"closed","template":"","meta":{"_acf_changed":false,"_eb_attr":"","inline_featured_image":false,"iawp_total_views":15,"footnotes":""},"class_list":["post-81980","page","type-page","status-publish","hentry"],"acf":[],"_links":{"self":[{"href":"https:\/\/www.ccdrc.pt\/pt\/wp-json\/wp\/v2\/pages\/81980","targetHints":{"allow":["GET"]}}],"collection":[{"href":"https:\/\/www.ccdrc.pt\/pt\/wp-json\/wp\/v2\/pages"}],"about":[{"href":"https:\/\/www.ccdrc.pt\/pt\/wp-json\/wp\/v2\/types\/page"}],"author":[{"embeddable":true,"href":"https:\/\/www.ccdrc.pt\/pt\/wp-json\/wp\/v2\/users\/1456"}],"replies":[{"embeddable":true,"href":"https:\/\/www.ccdrc.pt\/pt\/wp-json\/wp\/v2\/comments?post=81980"}],"version-history":[{"count":8,"href":"https:\/\/www.ccdrc.pt\/pt\/wp-json\/wp\/v2\/pages\/81980\/revisions"}],"predecessor-version":[{"id":82725,"href":"https:\/\/www.ccdrc.pt\/pt\/wp-json\/wp\/v2\/pages\/81980\/revisions\/82725"}],"up":[{"embeddable":true,"href":"https:\/\/www.ccdrc.pt\/pt\/wp-json\/wp\/v2\/pages\/32454"}],"wp:attachment":[{"href":"https:\/\/www.ccdrc.pt\/pt\/wp-json\/wp\/v2\/media?parent=81980"}],"curies":[{"name":"wp","href":"https:\/\/api.w.org\/{rel}","templated":true}]}}