{"id":61492,"date":"2024-06-27T16:05:50","date_gmt":"2024-06-27T16:05:50","guid":{"rendered":"https:\/\/www.ccdrc.pt\/?page_id=61492"},"modified":"2025-06-23T16:46:21","modified_gmt":"2025-06-23T16:46:21","slug":"denuncias","status":"publish","type":"page","link":"https:\/\/www.ccdrc.pt\/pt\/denuncias\/","title":{"rendered":"Den\u00fancias"},"content":{"rendered":"<p><div class=\"fusion-fullwidth fullwidth-box fusion-builder-row-1 fusion-flex-container has-pattern-background has-mask-background nonhundred-percent-fullwidth non-hundred-percent-height-scrolling\" style=\"--awb-border-radius-top-left:0px;--awb-border-radius-top-right:0px;--awb-border-radius-bottom-right:0px;--awb-border-radius-bottom-left:0px;--awb-margin-top:116px;--awb-margin-bottom:30px;--awb-margin-top-medium:116px;--awb-margin-bottom-medium:30px;--awb-margin-top-small:80px;--awb-margin-bottom-small:30px;\" ><div class=\"fusion-builder-row fusion-row fusion-flex-align-items-flex-start\" style=\"max-width:1288px;margin-left: calc(-0% \/ 2 );margin-right: calc(-0% \/ 2 );\"><div class=\"fusion-layout-column fusion_builder_column fusion-builder-column-0 fusion_builder_column_1_1 1_1 fusion-flex-column\" style=\"--awb-bg-size:cover;--awb-width-large:100%;--awb-margin-top-large:0px;--awb-spacing-right-large:0%;--awb-margin-bottom-large:0px;--awb-spacing-left-large:0%;--awb-width-medium:100%;--awb-order-medium:0;--awb-spacing-right-medium:0%;--awb-spacing-left-medium:0%;--awb-width-small:100%;--awb-order-small:0;--awb-spacing-right-small:0%;--awb-spacing-left-small:0%;\" id=\"container-back-button\"><div class=\"fusion-column-wrapper fusion-column-has-shadow fusion-flex-justify-content-flex-start fusion-content-layout-column\"><button onclick=\"goBack()\"><svg width=\"14\" height=\"12\" viewBox=\"0 0 14 12\" fill=\"none\" xmlns=\"http:\/\/www.w3.org\/2000\/svg\"><path d=\"M1.03815 5.37239C0.690913 5.71947 0.690913 6.28314 1.03815 6.63023L5.48285 11.0729C5.83009 11.42 6.39401 11.42 6.74125 11.0729C7.08849 10.7259 7.08849 10.1622 6.74125 9.8151L3.81053 6.88846L12.3332 6.88846C12.8249 6.88846 13.2222 6.49139 13.2222 5.99992C13.2222 5.50844 12.8249 5.11138 12.3332 5.11138L3.81331 5.11138L6.73847 2.18474C7.08571 1.83766 7.08571 1.27399 6.73847 0.926901C6.39123 0.579815 5.82731 0.579815 5.48007 0.926902L1.03538 5.36961L1.03815 5.37239Z\" fill=\"#007B88\"\/><\/svg>Voltar<\/button>\n\n<script>\nfunction goBack() {\n  window.history.back();\n}\n<\/script><div class=\"fusion-text fusion-text-1 fusion-no-small-visibility fusion-text-no-margin\" style=\"--awb-font-size:32px;--awb-line-height:44px;--awb-text-color:#000000;--awb-margin-bottom:0px;--awb-text-font-family:&quot;Noto Sans&quot;;--awb-text-font-style:normal;--awb-text-font-weight:700;\"><h1 class=\"page-h1\">Den\u00fancias<\/h1>\n<\/div><\/div><\/div><\/div><\/div><div class=\"fusion-fullwidth fullwidth-box fusion-builder-row-2 fusion-flex-container has-pattern-background has-mask-background hundred-percent-fullwidth non-hundred-percent-height-scrolling\" style=\"--awb-border-radius-top-left:0px;--awb-border-radius-top-right:0px;--awb-border-radius-bottom-right:0px;--awb-border-radius-bottom-left:0px;--awb-margin-top:0px;--awb-margin-bottom:100px;--awb-margin-top-medium:0px;--awb-margin-bottom-medium:70px;--awb-margin-top-small:0px;--awb-margin-bottom-small:60px;\" ><div class=\"fusion-builder-row fusion-row fusion-flex-align-items-flex-start\" style=\"width:100% !important;max-width:100% !important;margin-left: calc(-0% \/ 2 );margin-right: calc(-0% \/ 2 );\"><div class=\"fusion-layout-column fusion_builder_column fusion-builder-column-1 fusion_builder_column_1_2 1_2 fusion-flex-column\" style=\"--awb-padding-right:20px;--awb-padding-left:20px;--awb-bg-size:cover;--awb-width-large:50%;--awb-margin-top-large:0px;--awb-spacing-right-large:0%;--awb-margin-bottom-large:0px;--awb-spacing-left-large:0%;--awb-width-medium:50%;--awb-order-medium:0;--awb-spacing-right-medium:0%;--awb-spacing-left-medium:0%;--awb-width-small:100%;--awb-order-small:0;--awb-spacing-right-small:0%;--awb-spacing-left-small:0%;\"><div class=\"fusion-column-wrapper fusion-column-has-shadow fusion-flex-justify-content-flex-start fusion-content-layout-column\"><div class=\"fusion-text fusion-text-2\"><h2 class=\"page-h2\">Fundos Comunit\u00e1rios | PRR |Den\u00fancia Gen\u00e9rica&nbsp;<\/h2>\n<p><strong>+ Transparente &#8211;<\/strong><\/p>\n<p>Portal de den\u00fancias internas ou externas \u00e0 CCDR Centro relacionadas com as compet\u00eancias da organiza\u00e7\u00e3o, inclu\u00edndo Gest\u00e3o de Fundos Comunit\u00e1rios e Programa de Recupera\u00e7\u00e3o e Resili\u00eancia<\/p>\n<p>Nota:<\/p>\n<p><strong>O Portal + transparente deve ser utilizado para a submiss\u00e3o de den\u00fancias ao abrigo do Regulamento de prote\u00e7\u00e3o de denunciantes de infra\u00e7\u00f5es (RGPDI), Lei n\u00ba 93\/2021, de 20 de dezembro.<\/strong><\/p>\n<\/div><div style=\"text-align:center;\"><a class=\"fusion-button button-flat fusion-button-default-size button-default fusion-button-default button-1 fusion-button-default-span fusion-button-default-type btn-secondary\" style=\"--button_margin-top:12px;--button_margin-bottom:23px;\" target=\"_blank\" rel=\"noopener noreferrer\" href=\"http:\/\/denunciar.ccdrc.pt\"><span class=\"fusion-button-text\">Continuar<\/span><\/a><\/div><\/div><\/div><div class=\"fusion-layout-column fusion_builder_column fusion-builder-column-2 fusion_builder_column_1_2 1_2 fusion-flex-column\" style=\"--awb-padding-right:20px;--awb-padding-left:20px;--awb-bg-size:cover;--awb-box-shadow: 0px 0px ;;--awb-width-large:50%;--awb-margin-top-large:0px;--awb-spacing-right-large:0%;--awb-margin-bottom-large:0px;--awb-spacing-left-large:0%;--awb-width-medium:50%;--awb-order-medium:0;--awb-spacing-right-medium:0%;--awb-spacing-left-medium:0%;--awb-width-small:100%;--awb-order-small:0;--awb-spacing-right-small:0%;--awb-spacing-left-small:0%;\"><div class=\"fusion-column-wrapper fusion-column-has-shadow fusion-flex-justify-content-flex-start fusion-content-layout-column\"><div class=\"fusion-text fusion-text-3\"><h2 class=\"page-h2\">Ambiente | Agricultura | Fiscaliza\u00e7\u00e3o<\/h2>\n<p><strong>IFAMA<\/strong><\/p>\n<p>&#8220;O Portal iFAMA &#8211; Plataforma \u00danica de Inspe\u00e7\u00e3o e Fiscaliza\u00e7\u00e3o da Agricultura, Mar e Ambiente \u00e9 um ponto \u00fanico de entrada, gest\u00e3o e centraliza\u00e7\u00e3o de den\u00fancias, de forma desmaterializada, por um conjunto de entidades administrativas parceiras com compet\u00eancias nas \u00e1reas da Agricultura, do Mar e do Ambiente.<\/p>\n<p>Ao serem submetidas, as den\u00fancias ser\u00e3o direcionadas para uma entidade parceira, quando a mat\u00e9ria se inclua no \u00e2mbito das suas compet\u00eancias, tendo o cidad\u00e3o acesso a informa\u00e7\u00e3o sobre o seu tratamento.<\/p>\n<p><span style=\"text-decoration: underline;\"><strong>O Portal iFAMA n\u00e3o deve ser utilizado para a submiss\u00e3o de den\u00fancias ao abrigo do Regulamento de prote\u00e7\u00e3o de denunciantes de infra\u00e7\u00f5es (RGPDI), Lei n\u00ba 93\/2021, de 20 de dezembro<\/strong><\/span>, devendo ser utilizado o Canal de Den\u00fancia&nbsp; <a href=\"https:\/\/denunciar.ccdrc.pt\/\">+transparente<\/a><\/p>\n<\/div><div style=\"text-align:center;\"><a class=\"fusion-button button-flat fusion-button-default-size button-default fusion-button-default button-2 fusion-button-default-span fusion-button-default-type btn-secondary\" target=\"_blank\" rel=\"noopener noreferrer\" href=\"https:\/\/ifama.igamaot.gov.pt\/Portal\/LandingPage\"><span class=\"fusion-button-text\">Continuar<\/span><\/a><\/div><\/div><\/div><\/div><\/div><\/p>\n","protected":false},"excerpt":{"rendered":"","protected":false},"author":1451,"featured_media":0,"parent":0,"menu_order":0,"comment_status":"closed","ping_status":"closed","template":"","meta":{"_acf_changed":false,"_eb_attr":"","inline_featured_image":false,"iawp_total_views":75,"footnotes":""},"class_list":["post-61492","page","type-page","status-publish","hentry"],"acf":[],"_links":{"self":[{"href":"https:\/\/www.ccdrc.pt\/pt\/wp-json\/wp\/v2\/pages\/61492","targetHints":{"allow":["GET"]}}],"collection":[{"href":"https:\/\/www.ccdrc.pt\/pt\/wp-json\/wp\/v2\/pages"}],"about":[{"href":"https:\/\/www.ccdrc.pt\/pt\/wp-json\/wp\/v2\/types\/page"}],"author":[{"embeddable":true,"href":"https:\/\/www.ccdrc.pt\/pt\/wp-json\/wp\/v2\/users\/1451"}],"replies":[{"embeddable":true,"href":"https:\/\/www.ccdrc.pt\/pt\/wp-json\/wp\/v2\/comments?post=61492"}],"version-history":[{"count":48,"href":"https:\/\/www.ccdrc.pt\/pt\/wp-json\/wp\/v2\/pages\/61492\/revisions"}],"predecessor-version":[{"id":79278,"href":"https:\/\/www.ccdrc.pt\/pt\/wp-json\/wp\/v2\/pages\/61492\/revisions\/79278"}],"wp:attachment":[{"href":"https:\/\/www.ccdrc.pt\/pt\/wp-json\/wp\/v2\/media?parent=61492"}],"curies":[{"name":"wp","href":"https:\/\/api.w.org\/{rel}","templated":true}]}}