{"id":48287,"date":"2024-01-05T16:41:55","date_gmt":"2024-01-05T16:41:55","guid":{"rendered":"https:\/\/www.ccdrc.pt\/?page_id=48287"},"modified":"2025-08-29T16:46:45","modified_gmt":"2025-08-29T16:46:45","slug":"contracao-publica","status":"publish","type":"page","link":"https:\/\/www.ccdrc.pt\/pt\/ccdrc\/contracao-publica\/","title":{"rendered":"Contrata\u00e7\u00e3o P\u00fablica"},"content":{"rendered":"<p><div class=\"fusion-fullwidth fullwidth-box fusion-builder-row-1 fusion-flex-container has-pattern-background has-mask-background breadcrumbs-container-div nonhundred-percent-fullwidth non-hundred-percent-height-scrolling fusion-sticky-container\" style=\"--awb-border-radius-top-left:0px;--awb-border-radius-top-right:0px;--awb-border-radius-bottom-right:0px;--awb-border-radius-bottom-left:0px;--awb-sticky-background-color:#ffffff !important;\" data-transition-offset=\"0\" data-sticky-offset=\"72px\" data-scroll-offset=\"0\" data-sticky-small-visibility=\"1\" data-sticky-medium-visibility=\"1\" data-sticky-large-visibility=\"1\" ><div class=\"fusion-builder-row fusion-row fusion-flex-align-items-flex-start\" style=\"max-width:1288px;margin-left: calc(-0% \/ 2 );margin-right: calc(-0% \/ 2 );\"><div class=\"fusion-layout-column fusion_builder_column fusion-builder-column-0 fusion_builder_column_1_1 1_1 fusion-flex-column mcbread\" style=\"--awb-bg-size:cover;--awb-width-large:100%;--awb-margin-top-large:0px;--awb-spacing-right-large:0%;--awb-margin-bottom-large:0px;--awb-spacing-left-large:0%;--awb-width-medium:100%;--awb-order-medium:0;--awb-spacing-right-medium:0%;--awb-spacing-left-medium:0%;--awb-width-small:100%;--awb-order-small:0;--awb-spacing-right-small:0%;--awb-spacing-left-small:0%;\"><div class=\"fusion-column-wrapper fusion-column-has-shadow fusion-flex-justify-content-flex-start fusion-content-layout-column\"><div class=\"fusion-breadcrumbs fusion-breadcrumbs-1\" id=\"bar-siteMap\"><span class=\"fusion-breadcrumb-item\"><a href=\"https:\/\/www.ccdrc.pt\/pt\" class=\"fusion-breadcrumb-link\"><span >Home<\/span><\/a><\/span><span class=\"fusion-breadcrumb-sep\">&amp;gt;<\/span><\/div>\n<style>\n.fusion-fullwidth.fullwidth-box.fusion-builder-row-9.fusion-flex-container.has-pattern-background.has-mask-background.ssitemap.nonhundred-percent-fullwidth.non-hundred-percent-height-scrolling{\nmargin-left:-100px;\nmargin-right: -100px;\n}\n\n.fusion-fullwidth.fullwidth-box.fusion-builder-row-8.fusion-flex-container.has-pattern-background.has-mask-background.breadcrumbs-container-div.nonhundred-percent-fullwidth.non-hundred-percent-height-scrolling {\n    max-width: var(--site-max-width) !important;\n    margin-right: auto !important;\n    margin-left: auto !important;\n    height: 72px !important;\n}\n}\n\n\n.fusion-fullwidth.fullwidth-box.fusion-builder-row-8.fusion-flex-container.has-pattern-background.has-mask-background.breadcrumbs-container-div.nonhundred-percent-fullwidth.non-hundred-percent-height-scrolling.fusion-sticky-container.fusion-sticky-transition.fusion-container-stuck{\nmin-width:100%;\n}\n\n\n.fusion-fullwidth.fullwidth-box.fusion-builder-row-8.fusion-flex-container.has-pattern-background.has-mask-background.breadcrumbs-container-div.nonhundred-percent-fullwidth.non-hundred-percent-height-scrolling.fusion-sticky-container.fusion-sticky-transition.fusion-container-stuck{\n    margin-left: auto !important;\n    margin-right: auto !important;\n    max-width: 100% !important;\n    position: fixed;\n    top: 72px;\n    width: 100% !important;\n}\n\n\n.fusion-fullwidth.fullwidth-box.fusion-builder-row-9.fusion-flex-container.has-pattern-background.has-mask-background.ssitemap.nonhundred-percent-fullwidth.non-hundred-percent-height-scrolling:has(.mcbread) {\n  max-width: 1288px !important;\n}\n\n.fusion-builder-row.fusion-row.fusion-flex-align-items-flex-start {\n    max-width: 1288px !important;\n    margin-left: calc(-0% \/ 2);\n    margin-right: calc(-0% \/ 2);\n}\n\n#main .fusion-builder-row.fusion-row.fusion-flex-align-items-flex-start{\nmax-width:1288px !important;\n}\n\n.fusion-fullwidth.fullwidth-box.fusion-builder-row-8.fusion-flex-container.has-pattern-background.has-mask-background.breadcrumbs-container-div.nonhundred-percent-fullwidth.non-hundred-percent-height-scrolling.fusion-sticky-container{\ndisplay:flex;\nalign-items:center;\n}\n\n.fusion-fullwidth.fullwidth-box.fusion-builder-row-9.fusion-flex-container.has-pattern-background.has-mask-background.ssitemap.nonhundred-percent-fullwidth.non-hundred-percent-height-scrolling{\npadding: 0px !important;\n}\n\n.fusion-fullwidth.fullwidth-box.fusion-builder-row-8.fusion-flex-container.has-pattern-background.has-mask-background.breadcrumbs-container-div.nonhundred-percent-fullwidth.non-hundred-percent-height-scrolling.fusion-sticky-container{\nmargin-top:12px;\n}\n.fusion-fullwidth.fullwidth-box.fusion-builder-row-8.fusion-flex-container.has-pattern-background.has-mask-background.breadcrumbs-container-div.nonhundred-percent-fullwidth.non-hundred-percent-height-scrolling.fusion-sticky-container.fusion-container-stuck.fusion-sticky-transition{\n    margin-left: -32px !important;\n    border-bottom: 1px solid lightgray;\n    margin-top:0px !important;\n}\n.fusion-column-wrapper.fusion-column-has-shadow.fusion-flex-justify-content-space-between.fusion-content-layout-row.fusion-flex-align-items-center {\n   display: none;\n}\n\n\n@media (min-width: 640px) and  (max-width:1024px){\n.fusion-fullwidth.fullwidth-box.fusion-builder-row-8.fusion-flex-container.has-pattern-background.has-mask-background.breadcrumbs-container-div.nonhundred-percent-fullwidth.non-hundred-percent-height-scrolling.fusion-sticky-container{\n    margin-top: 42px !important;\n}\n\n.fusion-fullwidth.fullwidth-box.fusion-builder-row-8.fusion-flex-container.has-pattern-background.has-mask-background.breadcrumbs-container-div.nonhundred-percent-fullwidth.non-hundred-percent-height-scrolling.fusion-sticky-container.fusion-container-stuck.fusion-sticky-transition {\n    padding-left: 32px !important;\n    border-bottom: 1px solid lightgray;\n    margin-top: 103px !important;\n    width:100% !important;\n}\n}\n\n@media (max-width: 640px) {\n.fusion-column-wrapper.fusion-column-has-shadow.fusion-flex-justify-content-space-between.fusion-content-layout-row.fusion-flex-align-items-center {\n   display: flex;\n}\n.fusion-fullwidth.fullwidth-box.fusion-builder-row-8.fusion-flex-container.has-pattern-background.has-mask-background.breadcrumbs-container-div.nonhundred-percent-fullwidth.non-hundred-percent-height-scrolling {\n    margin-top: 12px;\n    width: 100% !important;\n}\n#bar-siteMap{\ndisplay:flex;\nflex-direction: row;\njustify-content:start;\nalign-items:center;\n}\n\n.fusion-fullwidth.fullwidth-box.fusion-builder-row-8.fusion-flex-container.has-pattern-background.has-mask-background.breadcrumbs-container-div.nonhundred-percent-fullwidth.non-hundred-percent-height-scrolling.fusion-sticky-container.fusion-sticky-transition.fusion-container-stuck\n{\nmargin-right: -44px !important;\ntop: 132px !important;\nmargin-left:-16px !important;\nmargin-top:-6px !important;\n}\n\n.fusion-fullwidth.fullwidth-box.fusion-builder-row-8.fusion-flex-container.has-pattern-background.has-mask-background.breadcrumbs-container-div.nonhundred-percent-fullwidth.non-hundred-percent-height-scrolling.fusion-sticky-container.fusion-sticky-transition.fusion-container-stuck #bar-siteMap{\n padding-left: 20px;\n}\n}\n\n<\/style>\n\n<\/div><\/div><\/div><\/div>\n<div class=\"fusion-fullwidth fullwidth-box fusion-builder-row-2 fusion-flex-container has-pattern-background has-mask-background container-site-max-width-variant-media nonhundred-percent-fullwidth non-hundred-percent-height-scrolling\" style=\"--awb-border-radius-top-left:0px;--awb-border-radius-top-right:0px;--awb-border-radius-bottom-right:0px;--awb-border-radius-bottom-left:0px;--awb-margin-top:120px;--awb-margin-bottom:160px;--awb-margin-top-medium:100px;--awb-margin-bottom-medium:120px;--awb-margin-top-small:70px;--awb-margin-bottom-small:70px;\" ><div class=\"fusion-builder-row fusion-row fusion-flex-align-items-center\" style=\"max-width:1288px;margin-left: calc(-0% \/ 2 );margin-right: calc(-0% \/ 2 );\"><div class=\"fusion-layout-column fusion_builder_column fusion-builder-column-1 fusion_builder_column_1_1 1_1 fusion-flex-column\" style=\"--awb-bg-size:cover;--awb-width-large:100%;--awb-margin-top-large:0px;--awb-spacing-right-large:0%;--awb-margin-bottom-large:0px;--awb-spacing-left-large:0%;--awb-width-medium:100%;--awb-order-medium:0;--awb-spacing-right-medium:0%;--awb-spacing-left-medium:0%;--awb-width-small:100%;--awb-order-small:0;--awb-spacing-right-small:0%;--awb-spacing-left-small:0%;\"><div class=\"fusion-column-wrapper fusion-column-has-shadow fusion-flex-justify-content-flex-start fusion-content-layout-column\"><div class=\"fusion-text fusion-text-1 content-article\"><\/div><div class=\"fusion-text fusion-text-2\"><h3><strong><span class=\"s3\">Hasta P\u00fablica PRO_2025_190765<\/span><\/strong><\/h3>\n<p class=\"s8\"><strong><span class=\"s6\">Objeto da hasta p\u00fablica<\/span><\/strong><span class=\"s7\"><strong>:<\/strong> Venda de material lenhoso da Quinta do Mucate.<\/span><\/p>\n<p class=\"s9\"><span class=\"s6\"><strong>Data, hora e local<\/strong> do ato p\u00fablico<\/span><span class=\"s7\">: O leil\u00e3o eletr\u00f3nico <\/span><strong><span class=\"s6\">tem in\u00edcio \u00e0s 09h00 do dia 05\/09\/2025 at\u00e9 \u00e0s 18h00 do dia 11\/09\/2025<\/span><\/strong><span class=\"s7\">, mantendo-se aberto para licita\u00e7\u00e3o, sempre que tenha sido efetuada uma licita\u00e7\u00e3o no \u00faltimo minuto. <\/span><\/p>\n<p class=\"s9\"><strong><span class=\"s6\">Nota<\/span><\/strong><span class=\"s7\">: No prazo de <\/span><strong><span class=\"s6\">3 dias \u00fateis, ap\u00f3s a publica\u00e7\u00e3o<\/span><\/strong><span class=\"s7\"> da Hasta P\u00fablica em Di\u00e1rio da Rep\u00fablica, os concorrentes devem manifestar o seu interesse em participar naquela, atrav\u00e9s deste&nbsp;<\/span><a href=\"https:\/\/community.vortal.biz\/sts\/Login\"><span class=\"s10\">link<\/span><\/a><span class=\"s7\">, devendo para o efeito estar previamente inscritos na plataforma&nbsp;<\/span><a href=\"https:\/\/community.vortal.biz\/sts\/Login\"><span class=\"s11\">Vortal<\/span><\/a><span class=\"s7\">. Juntamos este&nbsp;<\/span><a href=\"https:\/\/www.ccdrc.pt\/wp-content\/uploads\/2025\/08\/Manual-Guia-Licitac\u0327a\u0303o.pdf\" target=\"_blank\" rel=\"noopener\"><strong><span class=\"s12\">Guia<\/span><\/strong><\/a><span class=\"s7\">&nbsp;para o efeito. <\/span><\/p>\n<p class=\"s9\"><span class=\"s7\">As licita\u00e7\u00f5es s\u00e3o efetuadas integralmente atrav\u00e9s da plataforma eletr\u00f3nica de contrata\u00e7\u00e3o p\u00fablica&nbsp;<\/span><a href=\"https:\/\/community.vortal.biz\/sts\/Login\"><span class=\"s11\">Vortal<\/span><\/a><span class=\"s7\">. <\/span><\/p>\n<p class=\"s9\"><span class=\"s7\">Todas as quest\u00f5es relacionadas com o funcionamento da plataforma no decurso das licita\u00e7\u00f5es devem ser resolvidas diretamente com aquela plataforma, atrav\u00e9s dos meios dispon\u00edveis para o efeito.<\/span><\/p>\n<p>&nbsp;<\/p>\n<p><strong>Documentos:<\/strong><\/p>\n<p class=\"p1\"><a href=\"https:\/\/www.ccdrc.pt\/wp-content\/uploads\/2025\/08\/Anu\u0301ncio-DR.pdf\" target=\"_blank\" rel=\"noopener\">An\u00fancio de procedimento n.\u00ba 22951\/2025<\/a><\/p>\n<p><a href=\"https:\/\/www.ccdrc.pt\/wp-content\/uploads\/2025\/08\/Caderno-de-Encargos.pdf\" target=\"_blank\" rel=\"noopener\">Caderno de Encargos<\/a><\/p>\n<p><a href=\"https:\/\/www.ccdrc.pt\/wp-content\/uploads\/2025\/08\/Programa-do-Concurso.pdf\" target=\"_blank\" rel=\"noopener\">Programa do procedimento<\/a><\/p>\n<\/div><\/div><\/div><\/div><\/div><\/p>\n","protected":false},"excerpt":{"rendered":"","protected":false},"author":1,"featured_media":0,"parent":46,"menu_order":0,"comment_status":"closed","ping_status":"closed","template":"","meta":{"_acf_changed":false,"_eb_attr":"","inline_featured_image":false,"iawp_total_views":169,"footnotes":""},"class_list":["post-48287","page","type-page","status-publish","hentry"],"acf":[],"_links":{"self":[{"href":"https:\/\/www.ccdrc.pt\/pt\/wp-json\/wp\/v2\/pages\/48287","targetHints":{"allow":["GET"]}}],"collection":[{"href":"https:\/\/www.ccdrc.pt\/pt\/wp-json\/wp\/v2\/pages"}],"about":[{"href":"https:\/\/www.ccdrc.pt\/pt\/wp-json\/wp\/v2\/types\/page"}],"author":[{"embeddable":true,"href":"https:\/\/www.ccdrc.pt\/pt\/wp-json\/wp\/v2\/users\/1"}],"replies":[{"embeddable":true,"href":"https:\/\/www.ccdrc.pt\/pt\/wp-json\/wp\/v2\/comments?post=48287"}],"version-history":[{"count":16,"href":"https:\/\/www.ccdrc.pt\/pt\/wp-json\/wp\/v2\/pages\/48287\/revisions"}],"predecessor-version":[{"id":82267,"href":"https:\/\/www.ccdrc.pt\/pt\/wp-json\/wp\/v2\/pages\/48287\/revisions\/82267"}],"up":[{"embeddable":true,"href":"https:\/\/www.ccdrc.pt\/pt\/wp-json\/wp\/v2\/pages\/46"}],"wp:attachment":[{"href":"https:\/\/www.ccdrc.pt\/pt\/wp-json\/wp\/v2\/media?parent=48287"}],"curies":[{"name":"wp","href":"https:\/\/api.w.org\/{rel}","templated":true}]}}