{"id":42108,"date":"2023-11-14T09:51:26","date_gmt":"2023-11-14T09:51:26","guid":{"rendered":"http:\/\/www.ccdrc.pt\/?page_id=42108"},"modified":"2026-05-07T16:07:18","modified_gmt":"2026-05-07T16:07:18","slug":"reerguer-dos-incendios","status":"publish","type":"page","link":"https:\/\/www.ccdrc.pt\/pt\/ccdrc\/reerguer-dos-incendios\/","title":{"rendered":"Reerguer dos Inc\u00eandios"},"content":{"rendered":"<p><div class=\"fusion-fullwidth fullwidth-box fusion-builder-row-1 fusion-flex-container has-pattern-background has-mask-background new-breadcrumbs-container nonhundred-percent-fullwidth non-hundred-percent-height-scrolling fusion-sticky-container fusion-absolute-container fusion-absolute-position-small fusion-absolute-position-medium fusion-absolute-position-large\" style=\"--awb-border-radius-top-left:0px;--awb-border-radius-top-right:0px;--awb-border-radius-bottom-right:0px;--awb-border-radius-bottom-left:0px;--awb-margin-top-small:-44px;--awb-sticky-background-color:#ffffff !important;\" data-transition-offset=\"0\" data-sticky-offset=\"72px\" data-scroll-offset=\"0\" data-sticky-small-visibility=\"1\" data-sticky-medium-visibility=\"1\" data-sticky-large-visibility=\"1\" ><div class=\"fusion-builder-row fusion-row fusion-flex-align-items-flex-start\" style=\"max-width:1288px;margin-left: calc(-0% \/ 2 );margin-right: calc(-0% \/ 2 );\"><div class=\"fusion-layout-column fusion_builder_column fusion-builder-column-0 fusion_builder_column_1_1 1_1 fusion-flex-column mcbread\" style=\"--awb-bg-size:cover;--awb-width-large:100%;--awb-margin-top-large:0px;--awb-spacing-right-large:0%;--awb-margin-bottom-large:0px;--awb-spacing-left-large:0%;--awb-width-medium:100%;--awb-order-medium:0;--awb-spacing-right-medium:0%;--awb-spacing-left-medium:0%;--awb-width-small:100%;--awb-order-small:0;--awb-spacing-right-small:0%;--awb-spacing-left-small:0%;\"><div class=\"fusion-column-wrapper fusion-column-has-shadow fusion-flex-justify-content-flex-start fusion-content-layout-column\"><div class=\"fusion-breadcrumbs fusion-breadcrumbs-1\"><span class=\"fusion-breadcrumb-item\"><a href=\"https:\/\/www.ccdrc.pt\/pt\" class=\"fusion-breadcrumb-link\"><span >Home<\/span><\/a><\/span><span class=\"fusion-breadcrumb-sep\"> <\/span><\/div>\n<style>\n.new-breadcrumbs-container{\n    padding-top:85px;\n    border-bottom:1px solid lightgray;\n    display:flex;\n    align-items:center;\n    padding-bottom: 12px;\n  z-index: 100 !important;\n}\n\n.fusion-fullwidth.fullwidth-box.fusion-builder-row-8.fusion-flex-container.has-pattern-background.has-mask-background.new-breadcrumbs-container.nonhundred-percent-fullwidth.non-hundred-percent-height-scrolling.fusion-sticky-container.fusion-container-stuck.fusion-sticky-transition{\npadding-top: 12px;\n}\n\n@media (min-width:641px) and (max-width:1024px){\n  .new-breadcrumbs-container{\n  margin-top: 70px;\n    padding-left:30px;\n  }\n}\n@media (max-width:640px){\n  .new-breadcrumbs-container{\n  margin-top: 54px;\n    padding-left:20px;\n    padding-top:0;\n  }\n}\n.new-breadcrumbs-container{\nbackground: white;\n}\n#main{\nmargin-top: 73px;\n}\n<\/style><script>\n  document.addEventListener('DOMContentLoaded', function() {\n    const breadcrumbs = document.querySelector('.new-breadcrumbs-container');\n    const navigation = document.querySelector('#navigation-mobile');\n\n    if (breadcrumbs && navigation) {\n      \/\/ Insert breadcrumbs immediately after the navigation element\n      navigation.insertAdjacentElement('afterend', breadcrumbs);\n    }\n  });\n<\/script>\n<\/div><\/div><\/div><\/div>\n<div class=\"fusion-fullwidth fullwidth-box fusion-builder-row-2 fusion-flex-container has-pattern-background has-mask-background fusion-parallax-none container-image nonhundred-percent-fullwidth non-hundred-percent-height-scrolling\" style=\"--awb-background-blend-mode:multiply;--awb-border-radius-top-left:0px;--awb-border-radius-top-right:0px;--awb-border-radius-bottom-right:0px;--awb-border-radius-bottom-left:0px;--awb-min-height:418px;--awb-min-height-medium:319px;--awb-min-height-small:344px;--awb-background-color:rgba(0,0,0,0.5);--awb-background-image:url(&quot;http:\/\/www.ccdrc.pt\/wp-content\/uploads\/2023\/10\/ornamentoterritorio.png&quot;);--awb-background-size:cover;\" ><div class=\"fusion-builder-row fusion-row fusion-flex-align-items-center fusion-flex-justify-content-center\" style=\"max-width:1288px;margin-left: calc(-0% \/ 2 );margin-right: calc(-0% \/ 2 );\"><div class=\"fusion-layout-column fusion_builder_column fusion-builder-column-1 fusion_builder_column_1_1 1_1 fusion-flex-column fusion-flex-align-self-center\" style=\"--awb-padding-right:32px;--awb-padding-left:32px;--awb-bg-size:cover;--awb-width-large:100%;--awb-margin-top-large:0px;--awb-spacing-right-large:0%;--awb-margin-bottom-large:0px;--awb-spacing-left-large:0%;--awb-width-medium:100%;--awb-order-medium:0;--awb-spacing-right-medium:0%;--awb-spacing-left-medium:0%;--awb-width-small:100%;--awb-order-small:0;--awb-spacing-right-small:0%;--awb-spacing-left-small:0%;\"><div class=\"fusion-column-wrapper fusion-column-has-shadow fusion-flex-justify-content-center fusion-content-layout-column\"><div class=\"fusion-text fusion-text-1 fusion-text-no-margin\" style=\"--awb-font-size:20px;--awb-line-height:28px;--awb-text-color:#ffffff;--awb-margin-bottom:6px;--awb-text-font-family:&quot;Noto Sans&quot;;--awb-text-font-style:normal;--awb-text-font-weight:400;\"><p style=\"text-align: center;\">CCDRC<\/p>\n<\/div><div class=\"fusion-text fusion-text-2 fusion-no-small-visibility fusion-no-medium-visibility fusion-text-no-margin\" style=\"--awb-font-size:44px;--awb-line-height:60px;--awb-text-color:#ffffff;--awb-margin-bottom:0px;--awb-text-font-family:&quot;Noto Sans&quot;;--awb-text-font-style:normal;--awb-text-font-weight:700;\"><h1 class=\"page-h1\">Reerguer dos Inc\u00eandios<\/h1>\n<\/div><div class=\"fusion-text fusion-text-3 fusion-no-large-visibility fusion-text-no-margin\" style=\"--awb-font-size:32px;--awb-line-height:44px;--awb-text-color:#ffffff;--awb-margin-bottom:0px;--awb-text-font-family:&quot;Noto Sans&quot;;--awb-text-font-style:normal;--awb-text-font-weight:700;\"><p style=\"text-align: center;\">Reerguer dos Inc\u00eandios<\/p>\n<\/div><\/div><\/div><\/div><\/div><div class=\"fusion-fullwidth fullwidth-box fusion-builder-row-3 fusion-flex-container has-pattern-background has-mask-background container-site-max-width-variant-media nonhundred-percent-fullwidth non-hundred-percent-height-scrolling\" style=\"--awb-border-radius-top-left:0px;--awb-border-radius-top-right:0px;--awb-border-radius-bottom-right:0px;--awb-border-radius-bottom-left:0px;--awb-margin-top:120px;--awb-margin-bottom:160px;--awb-margin-top-medium:100px;--awb-margin-bottom-medium:120px;--awb-margin-top-small:70px;--awb-margin-bottom-small:70px;\" ><div class=\"fusion-builder-row fusion-row fusion-flex-align-items-center\" style=\"max-width:1288px;margin-left: calc(-0% \/ 2 );margin-right: calc(-0% \/ 2 );\"><div class=\"fusion-layout-column fusion_builder_column fusion-builder-column-2 fusion_builder_column_1_1 1_1 fusion-flex-column\" style=\"--awb-bg-size:cover;--awb-width-large:100%;--awb-margin-top-large:0px;--awb-spacing-right-large:0%;--awb-margin-bottom-large:0px;--awb-spacing-left-large:0%;--awb-width-medium:100%;--awb-order-medium:0;--awb-spacing-right-medium:0%;--awb-spacing-left-medium:0%;--awb-width-small:100%;--awb-order-small:0;--awb-spacing-right-small:0%;--awb-spacing-left-small:0%;\"><div class=\"fusion-column-wrapper fusion-column-has-shadow fusion-flex-justify-content-flex-start fusion-content-layout-column\"><div class=\"fusion-text fusion-text-4 content-article\"><div data-post-id=\"19014\" class=\"insert-page insert-page-19014 \"><div class=\"fusion-fullwidth fullwidth-box fusion-builder-row-3-1 fusion-flex-container nonhundred-percent-fullwidth non-hundred-percent-height-scrolling\" style=\"--awb-border-radius-top-left:0px;--awb-border-radius-top-right:0px;--awb-border-radius-bottom-right:0px;--awb-border-radius-bottom-left:0px;\" ><div class=\"fusion-builder-row fusion-row fusion-flex-align-items-flex-start\" style=\"width:100% !important;max-width:100% !important;margin-left: calc(-0% \/ 2 );margin-right: calc(-0% \/ 2 );\"><div class=\"fusion-layout-column fusion_builder_column fusion-builder-column-3 fusion_builder_column_1_1 1_1 fusion-flex-column\" style=\"--awb-bg-size:cover;--awb-width-large:100%;--awb-margin-top-large:0px;--awb-spacing-right-large:0%;--awb-margin-bottom-large:0px;--awb-spacing-left-large:0%;--awb-width-medium:100%;--awb-spacing-right-medium:0%;--awb-spacing-left-medium:0%;--awb-width-small:100%;--awb-spacing-right-small:0%;--awb-spacing-left-small:0%;\"><div class=\"fusion-column-wrapper fusion-flex-justify-content-flex-start fusion-content-layout-column\"><div class=\"fusion-text fusion-text-4\"><h2>Reconstru\u00e7\u00e3o de habita\u00e7\u00f5es<\/h2>\n<div class=\"x_elementToProof\" data-olk-copy-source=\"MessageBody\">A Comiss\u00e3o de Coordena\u00e7\u00e3o e Desenvolvimento Regional do Centro recebeu&nbsp;<b>1340&nbsp;<\/b>pedidos de apoio, tendo sido enquadrados no Programa de Apoio \u00e0 Recupera\u00e7\u00e3o de Habita\u00e7\u00e3o Permanente (PARHP)&nbsp;<b>849<\/b>&nbsp;pedidos. Isto significa que houve&nbsp;<b>491&nbsp;<\/b>pedidos de apoio que n\u00e3o tiveram acolhimento no PARHP, o que correspondeu a cerca de&nbsp;<b>36,64%<\/b>&nbsp;dos pedidos de apoio.<\/div>\n<div class=\"x_elementToProof\" aria-hidden=\"true\">&nbsp;<\/div>\n<div class=\"x_elementToProof\">Os principais motivos para a recusa de apoio foram: as fam\u00edlias n\u00e3o usavam as habita\u00e7\u00f5es de forma permanente, as habita\u00e7\u00f5es n\u00e3o eram legais do ponto de vista urban\u00edstico e n\u00e3o eram pass\u00edveis de legaliza\u00e7\u00e3o, a titularidade\/propriedade das habita\u00e7\u00f5es n\u00e3o estava regularizada, as habita\u00e7\u00f5es j\u00e1 estavam devolutas \u00e0 data do inc\u00eandio, as fam\u00edlias receberam indemniza\u00e7\u00f5es de seguros contratados que n\u00e3o declararam ao PARHP e verificou-se o incumprimento das obriga\u00e7\u00f5es relativas \u00e0 entrega das informa\u00e7\u00f5es e da documenta\u00e7\u00e3o necess\u00e1rias \u00e0 verifica\u00e7\u00e3o da aplica\u00e7\u00e3o regular dos apoios concedidos.<\/div>\n<div class=\"x_elementToProof\" aria-hidden=\"true\">&nbsp;<\/div>\n<div class=\"x_elementToProof\">Nos&nbsp;<b>849<\/b>&nbsp;pedidos de apoio aprovados,&nbsp;<b>26<\/b>&nbsp;referiam-se, exclusivamente, ao apetrechamento de habita\u00e7\u00f5es. Deste modo, a execu\u00e7\u00e3o do PARHP envolveu a reconstru\u00e7\u00e3o parcial \/ total de&nbsp;<b>823<\/b>&nbsp;habita\u00e7\u00f5es.<\/div>\n<p>&nbsp;<\/p>\n<p style=\"text-align: left;\"><strong>Ponto de Situa\u00e7\u00e3o do Programa de Apoio \u00e0 Reconstru\u00e7\u00e3o do PARHP<\/strong><\/p>\n<ul>\n<li style=\"text-align: left;\">Pedidos de apoio submetidos &#8211; <a href=\"https:\/\/www.ccdrc.pt\/wp-content\/uploads\/2017\/12\/Pedidos-de-apoio-submetidos_09out2025.pdf\">transferir ficheiro<\/a><\/li>\n<li style=\"text-align: left;\">Estado de interven\u00e7\u00e3o &#8211; <a href=\"https:\/\/www.ccdrc.pt\/wp-content\/uploads\/2017\/12\/Estado-de-intervencao_09out2025.pdf\">transferir ficheiro<\/a><\/li>\n<li style=\"text-align: left;\">Estado de interven\u00e7\u00e3o por dono de obra &#8211; <a href=\"https:\/\/www.ccdrc.pt\/wp-content\/uploads\/2017\/12\/Estado-de-intervencao-por-dono-de-obra_09out2025.pdf\">transferir ficheiro<\/a><\/li>\n<li style=\"text-align: left;\">Lista dos apoios pagos &#8211;<a href=\"https:\/\/www.ccdrc.pt\/wp-content\/uploads\/2017\/12\/Lista-dos-apoios-pagos_09out2025.pdf\">transferir ficheiro<\/a><\/li>\n<\/ul>\n<div class=\"wp-block-image\"><img decoding=\"async\" class=\"wpa-warning wpa-image-missing-alt alignnone size-full wp-image-83344 aligncenter\" src=\"https:\/\/www.ccdrc.pt\/wp-content\/uploads\/2017\/12\/Quadro_apos_texto_05out2025.png\" alt=\"\" width=\"628\" height=\"903\" data-warning=\"Missing alt text\" srcset=\"https:\/\/www.ccdrc.pt\/wp-content\/uploads\/2017\/12\/Quadro_apos_texto_05out2025-8x12.png 8w, https:\/\/www.ccdrc.pt\/wp-content\/uploads\/2017\/12\/Quadro_apos_texto_05out2025-200x288.png 200w, https:\/\/www.ccdrc.pt\/wp-content\/uploads\/2017\/12\/Quadro_apos_texto_05out2025-400x575.png 400w, https:\/\/www.ccdrc.pt\/wp-content\/uploads\/2017\/12\/Quadro_apos_texto_05out2025-500x719.png 500w, https:\/\/www.ccdrc.pt\/wp-content\/uploads\/2017\/12\/Quadro_apos_texto_05out2025-600x863.png 600w, https:\/\/www.ccdrc.pt\/wp-content\/uploads\/2017\/12\/Quadro_apos_texto_05out2025.png 628w\" sizes=\"(max-width: 628px) 100vw, 628px\" \/><\/div>\n<p style=\"text-align: left;\"><strong>Legisla\u00e7\u00e3o e documenta\u00e7\u00e3o de apoio:<\/strong><\/p>\n<ul>\n<li style=\"text-align: left;\">Comunica\u00e7\u00e3o Social: Perguntas frequentes&nbsp;&#8211;&nbsp; <a class=\"doclink\" href=\"http:\/\/www.ccdrc.pt\/wp-content\/uploads\/2018\/10\/VPerguntas-frequentes-Incendios-Outubro-2017_04out2018-76b.pdf\" target=\"_blank\" rel=\"noopener\">(transferir ficheiro)<\/a><\/li>\n<li><a href=\"http:\/\/www.ccdrc.pt\/wp-content\/uploads\/2017\/12\/Nota-Informativa-1-18set2018.pdf\" target=\"_blank\" rel=\"noopener\">Notas Informativas<\/a><\/li>\n<li style=\"text-align: left;\"><a href=\"http:\/\/www.ccdrc.pt\/reerguer-dos-incendios-despachos\/\" rel=\"alternate noopener\">Despachos<\/a><\/li>\n<li style=\"text-align: left;\">FAQ <a class=\"doclink\" href=\"http:\/\/www.ccdrc.pt\/wp-content\/uploads\/2017\/12\/CCDRC_FAQs_PARHP_Requerentes_19dez2017-27d.pdf\" target=\"_blank\" rel=\"noopener\">(transferir ficheiro)<\/a><\/li>\n<li style=\"text-align: left;\"><a href=\"http:\/\/www.ccdrc.pt\/legislacao-8\/\" rel=\"alternate noopener\">Legisla\u00e7\u00e3o<\/a><\/li>\n<\/ul>\n<p style=\"text-align: left;\">Contacto: <a>geral.parhp@ccdrc.pt<\/a><\/p>\n<p>&nbsp;<\/p>\n<p style=\"text-align: left;\"><span style=\"font-size: 12pt;\"><strong>Habita\u00e7\u00f5es n\u00e3o permanentes<\/strong><\/span><\/p>\n<ul>\n<li style=\"text-align: left;\"><a href=\"http:\/\/www.ccdrc.pt\/legislacao-9\/\" rel=\"alternate noopener\">Legisla\u00e7\u00e3o<\/a><\/li>\n<li style=\"text-align: left;\"><a href=\"http:\/\/www.ccdrc.pt\/exemplo-auxiliar-para-projecto-de-regulamento-municipal-do-mecanismo-de-apoio-a-reconstrucao-das-habitacoes-nao-permanentes-afetadas-pelos-incendios-de-2017-2\/\" rel=\"alternate noopener\">Exemplo auxiliar para Projecto de Regulamento municipal do mecanismo de apoio \u00e0 reconstru\u00e7\u00e3o das habita\u00e7\u00f5es n\u00e3o permanentes afetadas pelos inc\u00eandios de 2017<\/a><\/li>\n<\/ul>\n<p>&nbsp;<\/p>\n<p style=\"text-align: left;\">&nbsp;<\/p>\n<h2>Apoio \u00e0s empresas<\/h2>\n<p style=\"text-align: left;\"><strong>O REPOR<\/strong> &#8211; Sistema de Apoio \u00e0 Reposi\u00e7\u00e3o da Competitividade e Capacidades Produtivas teve como objetivo a recupera\u00e7\u00e3o dos ativos empresariais danificados pelos inc\u00eandios de dia 15 de outubro de 2017, nos munic\u00edpios das regi\u00f5es Centro e Norte particularmente afetados, tendo sido apoiadas, nomeadamente, a aquisi\u00e7\u00e3o de m\u00e1quinas, de equipamentos, de material circulante de utiliza\u00e7\u00e3o produtiva e as despesas associadas a obras de constru\u00e7\u00e3o necess\u00e1rias \u00e0 reposi\u00e7\u00e3o da capacidade produtiva.<\/p>\n<p style=\"text-align: left;\">Apresentaram candidatura ao REPOR Centro um total de <strong>422<\/strong> empresas, tendo sido aprovadas <strong>353<\/strong> opera\u00e7\u00f5es com um apoio de <strong>101,2M\u20ac<\/strong> e os pagamentos j\u00e1 efetuados totalizam o valor de <strong>89,7M\u20ac<\/strong> (foram exclu\u00eddas as candidaturas entretanto desistidas\/anuladas).<\/p>\n<ul>\n<li style=\"text-align: left;\"><a class=\"doclink\" href=\"http:\/\/www.ccdrc.pt\/wp-content\/uploads\/2022\/10\/Ponto-de-situacao-Repor-2022-Publicitacao_V.UO12-111.pdf\" target=\"_blank\" rel=\"noopener\">REPOR &#8211; Sistema de Apoio<\/a><\/li>\n<li style=\"text-align: left;\"><a href=\"http:\/\/www.ccdrc.pt\/legislacao-10\/\" rel=\"alternate noopener\">Legisla\u00e7\u00e3o<\/a><\/li>\n<\/ul>\n<p style=\"text-align: left;\">Contacto: <a>centro2020@ccdrc.pt<\/a><\/p>\n<p style=\"text-align: left;\">Data de atualiza\u00e7\u00e3o: 30 de setembro de 2022<\/p>\n<p style=\"text-align: left;\">&nbsp;<\/p>\n<p>&nbsp;<\/p>\n<h2>Den\u00fancias<\/h2>\n<p style=\"text-align: left;\"><span style=\"font-size: 10pt;\">Se pretende apresentar uma den\u00fancia&nbsp;relacionada com os inc\u00eandios de outubro de 2017 ( habita\u00e7\u00f5es e\/ou empresas) preencha aqui o&nbsp;<a class=\"doclink\" href=\"http:\/\/www.ccdrc.pt\/pt\/formulario-eletronico-para-a-submissao-de-denuncias\/\" rel=\"alternate\">formul\u00e1rio eletr\u00f3nico<\/a> para a submiss\u00e3o de den\u00fancias<\/span><\/p>\n<\/div><\/div><\/div><\/div><\/div>\n<\/div>\n<\/div><\/div><\/div><\/div><\/div><\/p>\n","protected":false},"excerpt":{"rendered":"","protected":false},"author":1,"featured_media":0,"parent":46,"menu_order":0,"comment_status":"closed","ping_status":"closed","template":"","meta":{"_acf_changed":false,"_eb_attr":"","inline_featured_image":false,"iawp_total_views":454,"footnotes":""},"class_list":["post-42108","page","type-page","status-publish","hentry"],"acf":[],"_links":{"self":[{"href":"https:\/\/www.ccdrc.pt\/pt\/wp-json\/wp\/v2\/pages\/42108","targetHints":{"allow":["GET"]}}],"collection":[{"href":"https:\/\/www.ccdrc.pt\/pt\/wp-json\/wp\/v2\/pages"}],"about":[{"href":"https:\/\/www.ccdrc.pt\/pt\/wp-json\/wp\/v2\/types\/page"}],"author":[{"embeddable":true,"href":"https:\/\/www.ccdrc.pt\/pt\/wp-json\/wp\/v2\/users\/1"}],"replies":[{"embeddable":true,"href":"https:\/\/www.ccdrc.pt\/pt\/wp-json\/wp\/v2\/comments?post=42108"}],"version-history":[{"count":14,"href":"https:\/\/www.ccdrc.pt\/pt\/wp-json\/wp\/v2\/pages\/42108\/revisions"}],"predecessor-version":[{"id":89148,"href":"https:\/\/www.ccdrc.pt\/pt\/wp-json\/wp\/v2\/pages\/42108\/revisions\/89148"}],"up":[{"embeddable":true,"href":"https:\/\/www.ccdrc.pt\/pt\/wp-json\/wp\/v2\/pages\/46"}],"wp:attachment":[{"href":"https:\/\/www.ccdrc.pt\/pt\/wp-json\/wp\/v2\/media?parent=42108"}],"curies":[{"name":"wp","href":"https:\/\/api.w.org\/{rel}","templated":true}]}}