{"id":40007,"date":"2023-10-10T13:43:47","date_gmt":"2023-10-10T13:43:47","guid":{"rendered":"http:\/\/www.ccdrc.pt\/?page_id=40007"},"modified":"2025-07-09T10:47:01","modified_gmt":"2025-07-09T10:47:01","slug":"boletim-trimestral","status":"publish","type":"page","link":"https:\/\/www.ccdrc.pt\/pt\/boletim-trimestral\/","title":{"rendered":"Boletim Trimestral &#8211; Subscri\u00e7\u00e3o"},"content":{"rendered":"<p><div class=\"fusion-fullwidth fullwidth-box fusion-builder-row-1 fusion-flex-container has-pattern-background has-mask-background nonhundred-percent-fullwidth non-hundred-percent-height-scrolling\" style=\"--awb-border-radius-top-left:0px;--awb-border-radius-top-right:0px;--awb-border-radius-bottom-right:0px;--awb-border-radius-bottom-left:0px;--awb-margin-top:68px;\" ><div class=\"fusion-builder-row fusion-row fusion-flex-align-items-flex-start\" style=\"max-width:1288px;margin-left: calc(-0% \/ 2 );margin-right: calc(-0% \/ 2 );\"><div class=\"fusion-layout-column fusion_builder_column fusion-builder-column-0 fusion_builder_column_3_4 3_4 fusion-flex-column\" style=\"--awb-bg-size:cover;--awb-width-large:75%;--awb-margin-top-large:0px;--awb-spacing-right-large:0%;--awb-margin-bottom-large:0px;--awb-spacing-left-large:0%;--awb-width-medium:75%;--awb-order-medium:0;--awb-spacing-right-medium:0%;--awb-spacing-left-medium:0%;--awb-width-small:100%;--awb-order-small:0;--awb-spacing-right-small:0%;--awb-spacing-left-small:0%;\"><div class=\"fusion-column-wrapper fusion-column-has-shadow fusion-flex-justify-content-flex-start fusion-content-layout-column\"><div class=\"fusion-text fusion-text-1 fusion-text-no-margin\" style=\"--awb-font-size:20px;--awb-line-height:36px;--awb-text-color:#636262;--awb-margin-top:22px;--awb-margin-bottom:4px;--awb-text-font-family:&quot;Noto Sans&quot;;--awb-text-font-style:normal;--awb-text-font-weight:400;\"><p>Servi\u00e7os<\/p>\n<\/div><div class=\"fusion-text fusion-text-2 fusion-text-no-margin\" style=\"--awb-font-size:32px;--awb-line-height:43.58px;--awb-text-color:#000000;--awb-margin-bottom:0px;--awb-text-font-family:&quot;Noto Sans&quot;;--awb-text-font-style:normal;--awb-text-font-weight:700;\"><h1 class=\"page-h1\">Boletim Trimestral &#8211; Subscri\u00e7\u00e3o<\/h1>\n<\/div><\/div><\/div><\/div><\/div><div class=\"fusion-fullwidth fullwidth-box fusion-builder-row-2 fusion-flex-container has-pattern-background has-mask-background nonhundred-percent-fullwidth non-hundred-percent-height-scrolling\" style=\"--awb-border-radius-top-left:0px;--awb-border-radius-top-right:0px;--awb-border-radius-bottom-right:0px;--awb-border-radius-bottom-left:0px;--awb-padding-top:88px;\" ><div class=\"fusion-builder-row fusion-row fusion-flex-align-items-flex-start\" style=\"max-width:1288px;margin-left: calc(-0% \/ 2 );margin-right: calc(-0% \/ 2 );\"><div class=\"fusion-layout-column fusion_builder_column fusion-builder-column-1 fusion_builder_column_1_1 1_1 fusion-flex-column\" style=\"--awb-bg-size:cover;--awb-width-large:100%;--awb-margin-top-large:0px;--awb-spacing-right-large:0%;--awb-margin-bottom-large:0px;--awb-spacing-left-large:0%;--awb-width-medium:100%;--awb-order-medium:0;--awb-spacing-right-medium:0%;--awb-spacing-left-medium:0%;--awb-width-small:100%;--awb-order-small:0;--awb-spacing-right-small:0%;--awb-spacing-left-small:0%;\"><div class=\"fusion-column-wrapper fusion-column-has-shadow fusion-flex-justify-content-flex-start fusion-content-layout-column\"><div class=\"fusion-text fusion-text-3\"><p><img decoding=\"async\" class=\"size-full wp-image-42728 aligncenter\" src=\"http:\/\/www.ccdrc.pt\/wp-content\/uploads\/2023\/11\/Banner_site_CCDRC_Boletim_59.png\" alt=\"\" width=\"850\" height=\"301\" srcset=\"https:\/\/www.ccdrc.pt\/wp-content\/uploads\/2023\/11\/Banner_site_CCDRC_Boletim_59-18x6.png 18w, https:\/\/www.ccdrc.pt\/wp-content\/uploads\/2023\/11\/Banner_site_CCDRC_Boletim_59-200x71.png 200w, https:\/\/www.ccdrc.pt\/wp-content\/uploads\/2023\/11\/Banner_site_CCDRC_Boletim_59-400x142.png 400w, https:\/\/www.ccdrc.pt\/wp-content\/uploads\/2023\/11\/Banner_site_CCDRC_Boletim_59-500x177.png 500w, https:\/\/www.ccdrc.pt\/wp-content\/uploads\/2023\/11\/Banner_site_CCDRC_Boletim_59-600x212.png 600w, https:\/\/www.ccdrc.pt\/wp-content\/uploads\/2023\/11\/Banner_site_CCDRC_Boletim_59-700x248.png 700w, https:\/\/www.ccdrc.pt\/wp-content\/uploads\/2023\/11\/Banner_site_CCDRC_Boletim_59-768x272.png 768w, https:\/\/www.ccdrc.pt\/wp-content\/uploads\/2023\/11\/Banner_site_CCDRC_Boletim_59-800x283.png 800w, https:\/\/www.ccdrc.pt\/wp-content\/uploads\/2023\/11\/Banner_site_CCDRC_Boletim_59.png 850w\" sizes=\"(max-width: 850px) 100vw, 850px\" \/><\/p>\n<p>A CCDRC, com o \u201cRegi\u00e3o Centro \u2013 Boletim Trimestral\u201d, retomou, em 2009, a responsabilidade de tratar e disponibilizar informa\u00e7\u00e3o sobre a situa\u00e7\u00e3o da Regi\u00e3o Centro. Esta publica\u00e7\u00e3o surgiu no \u00e2mbito do desenvolvimento de um Sistema de Monitoriza\u00e7\u00e3o e Avalia\u00e7\u00e3o da Situa\u00e7\u00e3o da Regi\u00e3o Centro e assume uma periodicidade trimestral.<\/p>\n<p>Em cada boletim, faz-se um breve enquadramento nacional, a que se segue uma an\u00e1lise mais detalhada \u00e0 escala regional da evolu\u00e7\u00e3o conjuntural de um grupo de vari\u00e1veis de refer\u00eancia, nomeadamente nas \u00e1reas do mercado de trabalho, desemprego registado, endividamento das empresas, com\u00e9rcio internacional de bens, turismo, constru\u00e7\u00e3o e habita\u00e7\u00e3o, caixas e terminais Multibanco e pol\u00edticas p\u00fablicas na Regi\u00e3o Centro.<\/p>\n<p>O Boletim inclui ainda o tratamento de temas relevantes, de horizonte temporal mais ou menos longo, que poder\u00e3o variar de um n\u00famero para outro em fun\u00e7\u00e3o da oportunidade ou de outras circunst\u00e2ncias, mas que contribuem para a caracteriza\u00e7\u00e3o das din\u00e2micas da Regi\u00e3o.<\/p>\n<p>Caso esta publica\u00e7\u00e3o lhe suscite algum interesse poder\u00e1 subscreve-la <u><a class=\"c-link\" href=\"http:\/\/registo.ccdrc.pt\/\" target=\"_blank\" rel=\"noopener noreferrer\" data-stringify-link=\"http:\/\/registo.ccdrc.pt\/\" data-sk=\"tooltip_parent\">aqui<\/a><\/u> e passar\u00e1 a receber um alerta sempre que for disponibilizada mais uma edi\u00e7\u00e3o do \u201cRegi\u00e3o Centro \u2013 Boletim Trimestral\u201d. Consulte o Boletim Trimestral na nossa <u><a href=\"http:\/\/www.ccdrc.pt\/pt\/servicos\/bibliotecadigital\/?wpf_filter_cat_1=517&amp;wpf_fbv=1&amp;all_products_filtering=1&amp;orderby=title-desc&amp;product_cat=boletim-trimestral\">biblioteca digital<\/a><\/u><\/p>\n<\/div><\/div><\/div><\/div><\/div><\/p>\n","protected":false},"excerpt":{"rendered":"","protected":false},"author":1,"featured_media":0,"parent":0,"menu_order":0,"comment_status":"closed","ping_status":"closed","template":"","meta":{"_acf_changed":false,"_eb_attr":"","inline_featured_image":false,"iawp_total_views":5,"footnotes":""},"class_list":["post-40007","page","type-page","status-publish","hentry"],"acf":[],"_links":{"self":[{"href":"https:\/\/www.ccdrc.pt\/pt\/wp-json\/wp\/v2\/pages\/40007","targetHints":{"allow":["GET"]}}],"collection":[{"href":"https:\/\/www.ccdrc.pt\/pt\/wp-json\/wp\/v2\/pages"}],"about":[{"href":"https:\/\/www.ccdrc.pt\/pt\/wp-json\/wp\/v2\/types\/page"}],"author":[{"embeddable":true,"href":"https:\/\/www.ccdrc.pt\/pt\/wp-json\/wp\/v2\/users\/1"}],"replies":[{"embeddable":true,"href":"https:\/\/www.ccdrc.pt\/pt\/wp-json\/wp\/v2\/comments?post=40007"}],"version-history":[{"count":30,"href":"https:\/\/www.ccdrc.pt\/pt\/wp-json\/wp\/v2\/pages\/40007\/revisions"}],"predecessor-version":[{"id":80562,"href":"https:\/\/www.ccdrc.pt\/pt\/wp-json\/wp\/v2\/pages\/40007\/revisions\/80562"}],"wp:attachment":[{"href":"https:\/\/www.ccdrc.pt\/pt\/wp-json\/wp\/v2\/media?parent=40007"}],"curies":[{"name":"wp","href":"https:\/\/api.w.org\/{rel}","templated":true}]}}