{"id":88157,"date":"2026-04-01T16:33:51","date_gmt":"2026-04-01T16:33:51","guid":{"rendered":"https:\/\/www.ccdrc.pt\/?post_type=product&#038;p=88157"},"modified":"2026-04-01T17:44:12","modified_gmt":"2026-04-01T17:44:12","slug":"https-www-ccdrc-pt-wp-content-uploads-2026-04-2025_relatorio_premio_boas-praticas-pdf","status":"publish","type":"product","link":"https:\/\/www.ccdrc.pt\/en\/product\/https-www-ccdrc-pt-wp-content-uploads-2026-04-2025_relatorio_premio_boas-praticas-pdf\/","title":{"rendered":"Pr\u00e9mio de Boas Pr\u00e1ticas de Envelhecimento Ativo e Saud\u00e1vel na Regi\u00e3o Centro"},"content":{"rendered":"<p><a href=\"https:\/\/www.ccdrc.pt\/wp-content\/uploads\/2026\/04\/2025_Relatorio_Premio_Boas-Praticas.pdf\" target=\"_blank\" rel=\"noopener\">Relatorio Premio Boas Praticas<\/a><\/p>","protected":false},"excerpt":{"rendered":"<p><span data-olk-copy-source=\"MessageBody\">Edi\u00e7\u00e3o de 2025<\/span><\/p>","protected":false},"featured_media":88163,"template":"","meta":{"_acf_changed":false,"_eb_attr":"","inline_featured_image":false,"iawp_total_views":1},"product_brand":[],"product_cat":[505,507],"product_tag":[],"class_list":{"0":"post-88157","1":"product","2":"type-product","3":"status-publish","4":"has-post-thumbnail","6":"product_cat-em-destaque","7":"product_cat-estudos-regionais","9":"first","10":"instock","11":"downloadable","12":"virtual","13":"purchasable","14":"product-type-simple","15":"berocket_lgv_grid","16":"berocket_lgv_list_grid"},"acf":[],"_links":{"self":[{"href":"https:\/\/www.ccdrc.pt\/en\/wp-json\/wp\/v2\/product\/88157","targetHints":{"allow":["GET"]}}],"collection":[{"href":"https:\/\/www.ccdrc.pt\/en\/wp-json\/wp\/v2\/product"}],"about":[{"href":"https:\/\/www.ccdrc.pt\/en\/wp-json\/wp\/v2\/types\/product"}],"wp:featuredmedia":[{"embeddable":true,"href":"https:\/\/www.ccdrc.pt\/en\/wp-json\/wp\/v2\/media\/88163"}],"wp:attachment":[{"href":"https:\/\/www.ccdrc.pt\/en\/wp-json\/wp\/v2\/media?parent=88157"}],"wp:term":[{"taxonomy":"product_brand","embeddable":true,"href":"https:\/\/www.ccdrc.pt\/en\/wp-json\/wp\/v2\/product_brand?post=88157"},{"taxonomy":"product_cat","embeddable":true,"href":"https:\/\/www.ccdrc.pt\/en\/wp-json\/wp\/v2\/product_cat?post=88157"},{"taxonomy":"product_tag","embeddable":true,"href":"https:\/\/www.ccdrc.pt\/en\/wp-json\/wp\/v2\/product_tag?post=88157"}],"curies":[{"name":"wp","href":"https:\/\/api.w.org\/{rel}","templated":true}]}}