{"id":84573,"date":"2025-11-24T13:41:44","date_gmt":"2025-11-24T13:41:44","guid":{"rendered":"https:\/\/www.ccdrc.pt\/?post_type=product&#038;p=84573"},"modified":"2025-12-23T13:15:33","modified_gmt":"2025-12-23T13:15:33","slug":"territorios-da-longevidade-uma-abordagem-aplicada-a-regiao-centro-2","status":"publish","type":"product","link":"https:\/\/www.ccdrc.pt\/en\/product\/territorios-da-longevidade-uma-abordagem-aplicada-a-regiao-centro-2\/","title":{"rendered":"Territ\u00f3rios da Longevidade &#8211; Uma abordagem aplicada \u00e0 Regi\u00e3o Centro"},"content":{"rendered":"<p><a href=\"https:\/\/www.ccdrc.pt\/wp-content\/uploads\/2025\/11\/2025_Territorios_longevidade_V6.pdf\">Territ\u00f3rios da Longevidade &#8211; Uma abordagem aplicada \u00e0 Regi\u00e3o Centro<\/a><\/p>","protected":false},"excerpt":{"rendered":"<p>2024<\/p>","protected":false},"featured_media":46404,"template":"","meta":{"_acf_changed":false,"_eb_attr":"","inline_featured_image":false,"iawp_total_views":4},"product_brand":[],"product_cat":[505,507],"product_tag":[],"class_list":{"0":"post-84573","1":"product","2":"type-product","3":"status-publish","4":"has-post-thumbnail","6":"product_cat-em-destaque","7":"product_cat-estudos-regionais","9":"first","10":"instock","11":"downloadable","12":"virtual","13":"taxable","14":"purchasable","15":"product-type-simple","16":"berocket_lgv_grid","17":"berocket_lgv_list_grid"},"acf":[],"_links":{"self":[{"href":"https:\/\/www.ccdrc.pt\/en\/wp-json\/wp\/v2\/product\/84573","targetHints":{"allow":["GET"]}}],"collection":[{"href":"https:\/\/www.ccdrc.pt\/en\/wp-json\/wp\/v2\/product"}],"about":[{"href":"https:\/\/www.ccdrc.pt\/en\/wp-json\/wp\/v2\/types\/product"}],"wp:featuredmedia":[{"embeddable":true,"href":"https:\/\/www.ccdrc.pt\/en\/wp-json\/wp\/v2\/media\/46404"}],"wp:attachment":[{"href":"https:\/\/www.ccdrc.pt\/en\/wp-json\/wp\/v2\/media?parent=84573"}],"wp:term":[{"taxonomy":"product_brand","embeddable":true,"href":"https:\/\/www.ccdrc.pt\/en\/wp-json\/wp\/v2\/product_brand?post=84573"},{"taxonomy":"product_cat","embeddable":true,"href":"https:\/\/www.ccdrc.pt\/en\/wp-json\/wp\/v2\/product_cat?post=84573"},{"taxonomy":"product_tag","embeddable":true,"href":"https:\/\/www.ccdrc.pt\/en\/wp-json\/wp\/v2\/product_tag?post=84573"}],"curies":[{"name":"wp","href":"https:\/\/api.w.org\/{rel}","templated":true}]}}