{"id":81003,"date":"2025-07-17T08:20:12","date_gmt":"2025-07-17T08:20:12","guid":{"rendered":"https:\/\/www.ccdrc.pt\/?post_type=product&#038;p=81003"},"modified":"2025-07-17T08:27:55","modified_gmt":"2025-07-17T08:27:55","slug":"producao-de-tortulhos-amanita-ponderosana-area-do-parque-natural-do-tejo-internacional-avaliacao-da-capacidade-produtiva-do-campo-de-cabeco-de-mouro-rosmaninhal-idanha-a-nova","status":"publish","type":"product","link":"https:\/\/www.ccdrc.pt\/en\/product\/producao-de-tortulhos-amanita-ponderosana-area-do-parque-natural-do-tejo-internacional-avaliacao-da-capacidade-produtiva-do-campo-de-cabeco-de-mouro-rosmaninhal-idanha-a-nova\/","title":{"rendered":"Produ\u00e7\u00e3o de Tortulhos (Amanita ponderosa)na \u00e1rea do Parque Natural do Tejo Internacional. Avalia\u00e7\u00e3o da capacidade produtiva do Campo de Cabe\u00e7o de Mouro (Rosmaninhal &#8211; Idanha-a-Nova)"},"content":{"rendered":"<p><a href=\"https:\/\/www.ccdrc.pt\/wp-content\/uploads\/2025\/07\/amanita_ponderosa_relatorio_gravito-1.pdf\">amanita_ponderosa_relatorio_gravito (1)<\/a><\/p>","protected":false},"excerpt":{"rendered":"<p>2010<\/p>","protected":false},"featured_media":81008,"template":"","meta":{"_acf_changed":false,"_eb_attr":"","inline_featured_image":false,"iawp_total_views":1},"product_brand":[],"product_cat":[895],"product_tag":[],"class_list":{"0":"post-81003","1":"product","2":"type-product","3":"status-publish","4":"has-post-thumbnail","6":"product_cat-agricultura","8":"first","9":"instock","10":"downloadable","11":"taxable","12":"shipping-taxable","13":"purchasable","14":"product-type-simple","15":"berocket_lgv_grid","16":"berocket_lgv_list_grid"},"acf":[],"_links":{"self":[{"href":"https:\/\/www.ccdrc.pt\/en\/wp-json\/wp\/v2\/product\/81003","targetHints":{"allow":["GET"]}}],"collection":[{"href":"https:\/\/www.ccdrc.pt\/en\/wp-json\/wp\/v2\/product"}],"about":[{"href":"https:\/\/www.ccdrc.pt\/en\/wp-json\/wp\/v2\/types\/product"}],"wp:featuredmedia":[{"embeddable":true,"href":"https:\/\/www.ccdrc.pt\/en\/wp-json\/wp\/v2\/media\/81008"}],"wp:attachment":[{"href":"https:\/\/www.ccdrc.pt\/en\/wp-json\/wp\/v2\/media?parent=81003"}],"wp:term":[{"taxonomy":"product_brand","embeddable":true,"href":"https:\/\/www.ccdrc.pt\/en\/wp-json\/wp\/v2\/product_brand?post=81003"},{"taxonomy":"product_cat","embeddable":true,"href":"https:\/\/www.ccdrc.pt\/en\/wp-json\/wp\/v2\/product_cat?post=81003"},{"taxonomy":"product_tag","embeddable":true,"href":"https:\/\/www.ccdrc.pt\/en\/wp-json\/wp\/v2\/product_tag?post=81003"}],"curies":[{"name":"wp","href":"https:\/\/api.w.org\/{rel}","templated":true}]}}