{"id":80727,"date":"2025-07-10T08:44:14","date_gmt":"2025-07-10T08:44:14","guid":{"rendered":"https:\/\/www.ccdrc.pt\/?post_type=product&#038;p=80727"},"modified":"2025-07-10T08:56:03","modified_gmt":"2025-07-10T08:56:03","slug":"relatorio-de-execucao-do-ensaio-de-variedades-de-luzerna-vivaz-de-regadio-medicago-sativa-l","status":"publish","type":"product","link":"https:\/\/www.ccdrc.pt\/en\/product\/relatorio-de-execucao-do-ensaio-de-variedades-de-luzerna-vivaz-de-regadio-medicago-sativa-l\/","title":{"rendered":"Relat\u00f3rio de Execu\u00e7\u00e3o do Ensaio de variedades de luzerna vivaz de regadio (Medicago sativa L.)"},"content":{"rendered":"<p><a href=\"https:\/\/www.ccdrc.pt\/wp-content\/uploads\/2025\/07\/luzerna_2008_2009.pdf\">luzerna_2008_2009<\/a><\/p>","protected":false},"excerpt":{"rendered":"<p>2009<\/p>","protected":false},"featured_media":80729,"template":"","meta":{"_acf_changed":false,"_eb_attr":"","inline_featured_image":false,"iawp_total_views":0},"product_brand":[],"product_cat":[895],"product_tag":[],"class_list":{"0":"post-80727","1":"product","2":"type-product","3":"status-publish","4":"has-post-thumbnail","6":"product_cat-agricultura","8":"first","9":"instock","10":"downloadable","11":"taxable","12":"shipping-taxable","13":"purchasable","14":"product-type-simple","15":"berocket_lgv_grid","16":"berocket_lgv_list_grid"},"acf":[],"_links":{"self":[{"href":"https:\/\/www.ccdrc.pt\/en\/wp-json\/wp\/v2\/product\/80727","targetHints":{"allow":["GET"]}}],"collection":[{"href":"https:\/\/www.ccdrc.pt\/en\/wp-json\/wp\/v2\/product"}],"about":[{"href":"https:\/\/www.ccdrc.pt\/en\/wp-json\/wp\/v2\/types\/product"}],"wp:featuredmedia":[{"embeddable":true,"href":"https:\/\/www.ccdrc.pt\/en\/wp-json\/wp\/v2\/media\/80729"}],"wp:attachment":[{"href":"https:\/\/www.ccdrc.pt\/en\/wp-json\/wp\/v2\/media?parent=80727"}],"wp:term":[{"taxonomy":"product_brand","embeddable":true,"href":"https:\/\/www.ccdrc.pt\/en\/wp-json\/wp\/v2\/product_brand?post=80727"},{"taxonomy":"product_cat","embeddable":true,"href":"https:\/\/www.ccdrc.pt\/en\/wp-json\/wp\/v2\/product_cat?post=80727"},{"taxonomy":"product_tag","embeddable":true,"href":"https:\/\/www.ccdrc.pt\/en\/wp-json\/wp\/v2\/product_tag?post=80727"}],"curies":[{"name":"wp","href":"https:\/\/api.w.org\/{rel}","templated":true}]}}