{"id":80724,"date":"2025-07-10T08:40:00","date_gmt":"2025-07-10T08:40:00","guid":{"rendered":"https:\/\/www.ccdrc.pt\/?post_type=product&#038;p=80724"},"modified":"2025-07-10T08:43:27","modified_gmt":"2025-07-10T08:43:27","slug":"agricultura-e-activos-biologicos-no-ambito-do-sistema-de-normalizacao-contabilistica","status":"publish","type":"product","link":"https:\/\/www.ccdrc.pt\/en\/product\/agricultura-e-activos-biologicos-no-ambito-do-sistema-de-normalizacao-contabilistica\/","title":{"rendered":"Agricultura e Activos Biol\u00f3gicos no \u00e2mbito do Sistema de Normaliza\u00e7\u00e3o Contabil\u00edstica"},"content":{"rendered":"<p><a href=\"https:\/\/www.ccdrc.pt\/wp-content\/uploads\/2025\/07\/agricultura_activos_biologicos.pdf\">agricultura_activos_biologicos<\/a><\/p>","protected":false},"excerpt":{"rendered":"<p>2010<\/p>","protected":false},"featured_media":80726,"template":"","meta":{"_acf_changed":false,"_eb_attr":"","inline_featured_image":false,"iawp_total_views":0},"product_brand":[],"product_cat":[895],"product_tag":[],"class_list":{"0":"post-80724","1":"product","2":"type-product","3":"status-publish","4":"has-post-thumbnail","6":"product_cat-agricultura","8":"first","9":"instock","10":"downloadable","11":"taxable","12":"shipping-taxable","13":"purchasable","14":"product-type-simple","15":"berocket_lgv_grid","16":"berocket_lgv_list_grid"},"acf":[],"_links":{"self":[{"href":"https:\/\/www.ccdrc.pt\/en\/wp-json\/wp\/v2\/product\/80724","targetHints":{"allow":["GET"]}}],"collection":[{"href":"https:\/\/www.ccdrc.pt\/en\/wp-json\/wp\/v2\/product"}],"about":[{"href":"https:\/\/www.ccdrc.pt\/en\/wp-json\/wp\/v2\/types\/product"}],"wp:featuredmedia":[{"embeddable":true,"href":"https:\/\/www.ccdrc.pt\/en\/wp-json\/wp\/v2\/media\/80726"}],"wp:attachment":[{"href":"https:\/\/www.ccdrc.pt\/en\/wp-json\/wp\/v2\/media?parent=80724"}],"wp:term":[{"taxonomy":"product_brand","embeddable":true,"href":"https:\/\/www.ccdrc.pt\/en\/wp-json\/wp\/v2\/product_brand?post=80724"},{"taxonomy":"product_cat","embeddable":true,"href":"https:\/\/www.ccdrc.pt\/en\/wp-json\/wp\/v2\/product_cat?post=80724"},{"taxonomy":"product_tag","embeddable":true,"href":"https:\/\/www.ccdrc.pt\/en\/wp-json\/wp\/v2\/product_tag?post=80724"}],"curies":[{"name":"wp","href":"https:\/\/api.w.org\/{rel}","templated":true}]}}